{"id":2382,"date":"2023-10-10T09:48:14","date_gmt":"2023-10-10T07:48:14","guid":{"rendered":"https:\/\/elastic-books.com\/?page_id=2382"},"modified":"2025-02-10T18:22:01","modified_gmt":"2025-02-10T17:22:01","slug":"quienes-somos","status":"publish","type":"page","link":"https:\/\/elastic-books.com\/es\/quienes-somos\/","title":{"rendered":"\u00a1Qui\u00e9nes somos?"},"content":{"rendered":"<div id=\"pl-2382\"  class=\"panel-layout\" ><div id=\"pg-2382-0\"  class=\"panel-grid panel-has-style\" ><div class=\"cont-descriptiva panel-row-style panel-row-style-for-2382-0\" ><div id=\"pgc-2382-0-0\"  class=\"panel-grid-cell\" ><div id=\"panel-2382-0-0-0\" class=\"so-panel widget widget_sow-editor panel-first-child\" data-index=\"0\" ><div\n\t\t\t\n\t\t\tclass=\"so-widget-sow-editor so-widget-sow-editor-base\"\n\t\t\t\n\t\t>\n<div class=\"siteorigin-widget-tinymce textwidget\">\n\t<p style=\"text-align: center;\">Elastic Books es el sello de literatura para j\u00f3venes que da respuesta a las tendencias literarias actuales. Elastic es un punto de encuentro para j\u00f3venes de todas las edades, en el que tienen cabida todas las realidades, tem\u00e1ticas y g\u00e9neros literarios, desde la novela rom\u00e1ntica y la fantas\u00eda hasta el terror y la ciencia ficci\u00f3n, abarcando tanto al Young Adult como el New Adult.<\/p>\n<p style=\"text-align: center;\">En el cat\u00e1logo de Elastic Books encontrar\u00e9is autoras y autores nacionales e internacionales, con traducciones en castellano y en catal\u00e1n.<\/p>\n<\/div>\n<\/div><\/div><div id=\"panel-2382-0-0-1\" class=\"so-panel widget widget_sow-editor panel-last-child\" data-index=\"1\" ><div\n\t\t\t\n\t\t\tclass=\"so-widget-sow-editor so-widget-sow-editor-base\"\n\t\t\t\n\t\t>\n<div class=\"siteorigin-widget-tinymce textwidget\">\n\t<p style=\"text-align: center;\"><strong>\u00bfPor qu\u00e9 Elastic?<\/strong><\/p>\n<p style=\"text-align: center;\">Elastic nace de la elasticidad, sin\u00f3nimo de d\u00factil, adaptable, extensible. Elasticidad para dejar atr\u00e1s viejas ideas y generar nuevos conceptos. Elasticidad para ser capaces de cambiar cuando las condiciones cambian. La realidad nos pide ser el\u00e1sticos, pero sin perder nuestra esencia.<\/p>\n<\/div>\n<\/div><\/div><\/div><\/div><\/div><\/div>","protected":false},"excerpt":{"rendered":"<p>Elastic Books es el sello de literatura para j\u00f3venes que da respuesta a las tendencias literarias actuales. Elastic es un punto de encuentro para j\u00f3venes de todas las edades, en el que tienen cabida todas las realidades, tem\u00e1ticas y g\u00e9neros literarios, desde la novela rom\u00e1ntica y la fantas\u00eda hasta el terror y la ciencia ficci\u00f3n, [&hellip;]<\/p>\n","protected":false},"author":2,"featured_media":0,"parent":0,"menu_order":4,"comment_status":"closed","ping_status":"closed","template":"template-fullwidth.php","meta":{"_acf_changed":false,"_monsterinsights_skip_tracking":false,"_monsterinsights_sitenote_active":false,"_monsterinsights_sitenote_note":"","_monsterinsights_sitenote_category":0,"footnotes":""},"class_list":["post-2382","page","type-page","status-publish","hentry"],"acf":[],"yoast_head":"<!-- This site is optimized with the Yoast SEO plugin v27.5 - https:\/\/yoast.com\/product\/yoast-seo-wordpress\/ -->\n<title>\u00a1Qui\u00e9nes somos? - Elastic Books<\/title>\n<meta name=\"robots\" content=\"index, follow, max-snippet:-1, max-image-preview:large, max-video-preview:-1\" \/>\n<link rel=\"canonical\" href=\"https:\/\/elastic-books.com\/es\/quienes-somos\/\" \/>\n<meta property=\"og:locale\" content=\"es_ES\" \/>\n<meta property=\"og:type\" content=\"article\" \/>\n<meta property=\"og:title\" content=\"\u00a1Qui\u00e9nes somos? - Elastic Books\" \/>\n<meta property=\"og:description\" content=\"Elastic Books es el sello de literatura para j\u00f3venes que da respuesta a las tendencias literarias actuales. Elastic es un punto de encuentro para j\u00f3venes de todas las edades, en el que tienen cabida todas las realidades, tem\u00e1ticas y g\u00e9neros literarios, desde la novela rom\u00e1ntica y la fantas\u00eda hasta el terror y la ciencia ficci\u00f3n, [&hellip;]\" \/>\n<meta property=\"og:url\" content=\"https:\/\/elastic-books.com\/es\/quienes-somos\/\" \/>\n<meta property=\"og:site_name\" content=\"Elastic Books\" \/>\n<meta property=\"article:publisher\" content=\"https:\/\/www.facebook.com\/people\/Reemocioart\/100076073310442\/\" \/>\n<meta property=\"article:modified_time\" content=\"2025-02-10T17:22:01+00:00\" \/>\n<meta name=\"twitter:card\" content=\"summary_large_image\" \/>\n<meta name=\"twitter:label1\" content=\"Tiempo de lectura\" \/>\n\t<meta name=\"twitter:data1\" content=\"1 minuto\" \/>\n<script type=\"application\/ld+json\" class=\"yoast-schema-graph\">{\"@context\":\"https:\\\/\\\/schema.org\",\"@graph\":[{\"@type\":\"WebPage\",\"@id\":\"https:\\\/\\\/elastic-books.com\\\/es\\\/quienes-somos\\\/\",\"url\":\"https:\\\/\\\/elastic-books.com\\\/es\\\/quienes-somos\\\/\",\"name\":\"\u00a1Qui\u00e9nes somos? - Elastic Books\",\"isPartOf\":{\"@id\":\"https:\\\/\\\/elastic-books.com\\\/#website\"},\"datePublished\":\"2023-10-10T07:48:14+00:00\",\"dateModified\":\"2025-02-10T17:22:01+00:00\",\"breadcrumb\":{\"@id\":\"https:\\\/\\\/elastic-books.com\\\/es\\\/quienes-somos\\\/#breadcrumb\"},\"inLanguage\":\"es\",\"potentialAction\":[{\"@type\":\"ReadAction\",\"target\":[\"https:\\\/\\\/elastic-books.com\\\/es\\\/quienes-somos\\\/\"]}]},{\"@type\":\"BreadcrumbList\",\"@id\":\"https:\\\/\\\/elastic-books.com\\\/es\\\/quienes-somos\\\/#breadcrumb\",\"itemListElement\":[{\"@type\":\"ListItem\",\"position\":1,\"name\":\"Portada\",\"item\":\"https:\\\/\\\/elastic-books.com\\\/es\\\/\"},{\"@type\":\"ListItem\",\"position\":2,\"name\":\"\u00a1Qui\u00e9nes somos?\"}]},{\"@type\":\"WebSite\",\"@id\":\"https:\\\/\\\/elastic-books.com\\\/#website\",\"url\":\"https:\\\/\\\/elastic-books.com\\\/\",\"name\":\"Elastic Books\",\"description\":\"\",\"publisher\":{\"@id\":\"https:\\\/\\\/elastic-books.com\\\/#organization\"},\"alternateName\":\"Velas naturales\",\"potentialAction\":[{\"@type\":\"SearchAction\",\"target\":{\"@type\":\"EntryPoint\",\"urlTemplate\":\"https:\\\/\\\/elastic-books.com\\\/?s={search_term_string}\"},\"query-input\":{\"@type\":\"PropertyValueSpecification\",\"valueRequired\":true,\"valueName\":\"search_term_string\"}}],\"inLanguage\":\"es\"},{\"@type\":\"Organization\",\"@id\":\"https:\\\/\\\/elastic-books.com\\\/#organization\",\"name\":\"Reemocioart\",\"alternateName\":\"Reemocioart\",\"url\":\"https:\\\/\\\/elastic-books.com\\\/\",\"logo\":{\"@type\":\"ImageObject\",\"inLanguage\":\"es\",\"@id\":\"https:\\\/\\\/elastic-books.com\\\/#\\\/schema\\\/logo\\\/image\\\/\",\"url\":\"http:\\\/\\\/www.reemocioart.com.mialias.net\\\/wp-content\\\/uploads\\\/logo-footer.svg\",\"contentUrl\":\"http:\\\/\\\/www.reemocioart.com.mialias.net\\\/wp-content\\\/uploads\\\/logo-footer.svg\",\"width\":155,\"height\":120,\"caption\":\"Reemocioart\"},\"image\":{\"@id\":\"https:\\\/\\\/elastic-books.com\\\/#\\\/schema\\\/logo\\\/image\\\/\"},\"sameAs\":[\"https:\\\/\\\/www.facebook.com\\\/people\\\/Reemocioart\\\/100076073310442\\\/\",\"https:\\\/\\\/www.instagram.com\\\/reemocioart\\\/\"]}]}<\/script>\n<!-- \/ Yoast SEO plugin. -->","yoast_head_json":{"title":"\u00a1Qui\u00e9nes somos? - Elastic Books","robots":{"index":"index","follow":"follow","max-snippet":"max-snippet:-1","max-image-preview":"max-image-preview:large","max-video-preview":"max-video-preview:-1"},"canonical":"https:\/\/elastic-books.com\/es\/quienes-somos\/","og_locale":"es_ES","og_type":"article","og_title":"\u00a1Qui\u00e9nes somos? - Elastic Books","og_description":"Elastic Books es el sello de literatura para j\u00f3venes que da respuesta a las tendencias literarias actuales. Elastic es un punto de encuentro para j\u00f3venes de todas las edades, en el que tienen cabida todas las realidades, tem\u00e1ticas y g\u00e9neros literarios, desde la novela rom\u00e1ntica y la fantas\u00eda hasta el terror y la ciencia ficci\u00f3n, [&hellip;]","og_url":"https:\/\/elastic-books.com\/es\/quienes-somos\/","og_site_name":"Elastic Books","article_publisher":"https:\/\/www.facebook.com\/people\/Reemocioart\/100076073310442\/","article_modified_time":"2025-02-10T17:22:01+00:00","twitter_card":"summary_large_image","twitter_misc":{"Tiempo de lectura":"1 minuto"},"schema":{"@context":"https:\/\/schema.org","@graph":[{"@type":"WebPage","@id":"https:\/\/elastic-books.com\/es\/quienes-somos\/","url":"https:\/\/elastic-books.com\/es\/quienes-somos\/","name":"\u00a1Qui\u00e9nes somos? - Elastic Books","isPartOf":{"@id":"https:\/\/elastic-books.com\/#website"},"datePublished":"2023-10-10T07:48:14+00:00","dateModified":"2025-02-10T17:22:01+00:00","breadcrumb":{"@id":"https:\/\/elastic-books.com\/es\/quienes-somos\/#breadcrumb"},"inLanguage":"es","potentialAction":[{"@type":"ReadAction","target":["https:\/\/elastic-books.com\/es\/quienes-somos\/"]}]},{"@type":"BreadcrumbList","@id":"https:\/\/elastic-books.com\/es\/quienes-somos\/#breadcrumb","itemListElement":[{"@type":"ListItem","position":1,"name":"Portada","item":"https:\/\/elastic-books.com\/es\/"},{"@type":"ListItem","position":2,"name":"\u00a1Qui\u00e9nes somos?"}]},{"@type":"WebSite","@id":"https:\/\/elastic-books.com\/#website","url":"https:\/\/elastic-books.com\/","name":"Elastic Books","description":"","publisher":{"@id":"https:\/\/elastic-books.com\/#organization"},"alternateName":"Velas naturales","potentialAction":[{"@type":"SearchAction","target":{"@type":"EntryPoint","urlTemplate":"https:\/\/elastic-books.com\/?s={search_term_string}"},"query-input":{"@type":"PropertyValueSpecification","valueRequired":true,"valueName":"search_term_string"}}],"inLanguage":"es"},{"@type":"Organization","@id":"https:\/\/elastic-books.com\/#organization","name":"Reemocioart","alternateName":"Reemocioart","url":"https:\/\/elastic-books.com\/","logo":{"@type":"ImageObject","inLanguage":"es","@id":"https:\/\/elastic-books.com\/#\/schema\/logo\/image\/","url":"http:\/\/www.reemocioart.com.mialias.net\/wp-content\/uploads\/logo-footer.svg","contentUrl":"http:\/\/www.reemocioart.com.mialias.net\/wp-content\/uploads\/logo-footer.svg","width":155,"height":120,"caption":"Reemocioart"},"image":{"@id":"https:\/\/elastic-books.com\/#\/schema\/logo\/image\/"},"sameAs":["https:\/\/www.facebook.com\/people\/Reemocioart\/100076073310442\/","https:\/\/www.instagram.com\/reemocioart\/"]}]}},"_links":{"self":[{"href":"https:\/\/elastic-books.com\/es\/wp-json\/wp\/v2\/pages\/2382","targetHints":{"allow":["GET"]}}],"collection":[{"href":"https:\/\/elastic-books.com\/es\/wp-json\/wp\/v2\/pages"}],"about":[{"href":"https:\/\/elastic-books.com\/es\/wp-json\/wp\/v2\/types\/page"}],"author":[{"embeddable":true,"href":"https:\/\/elastic-books.com\/es\/wp-json\/wp\/v2\/users\/2"}],"replies":[{"embeddable":true,"href":"https:\/\/elastic-books.com\/es\/wp-json\/wp\/v2\/comments?post=2382"}],"version-history":[{"count":7,"href":"https:\/\/elastic-books.com\/es\/wp-json\/wp\/v2\/pages\/2382\/revisions"}],"predecessor-version":[{"id":2429,"href":"https:\/\/elastic-books.com\/es\/wp-json\/wp\/v2\/pages\/2382\/revisions\/2429"}],"wp:attachment":[{"href":"https:\/\/elastic-books.com\/es\/wp-json\/wp\/v2\/media?parent=2382"}],"curies":[{"name":"wp","href":"https:\/\/api.w.org\/{rel}","templated":true}]}}