{"id":2422,"date":"2025-02-06T11:56:30","date_gmt":"2025-02-06T10:56:30","guid":{"rendered":"https:\/\/elastic-books.com\/?page_id=2422"},"modified":"2025-11-10T16:54:22","modified_gmt":"2025-11-10T15:54:22","slug":"beca-elastic-books-audible","status":"publish","type":"page","link":"https:\/\/elastic-books.com\/es\/beca-elastic-books-audible\/","title":{"rendered":"Beca Elastic Books \/ Audible"},"content":{"rendered":"<div id=\"pl-2422\"  class=\"panel-layout\" ><div id=\"pg-2422-0\"  class=\"panel-grid panel-has-style\" ><div class=\"cont-descriptiva panel-row-style panel-row-style-for-2422-0\" ><div id=\"pgc-2422-0-0\"  class=\"panel-grid-cell\" ><div id=\"panel-2422-0-0-0\" class=\"so-panel widget widget_sow-editor panel-first-child panel-last-child\" data-index=\"0\" ><div\n\t\t\t\n\t\t\tclass=\"so-widget-sow-editor so-widget-sow-editor-base\"\n\t\t\t\n\t\t>\n<div class=\"siteorigin-widget-tinymce textwidget\">\n\t<p style=\"text-align: center;\"><strong>Beca Elastic Books \/ Audible para j\u00f3venes escritores<\/strong><\/p>\n<p style=\"text-align: center;\">La literatura para j\u00f3venes est\u00e1 m\u00e1s viva que nunca. Desde Elastic Books, y juntamente con Audible, queremos impulsar el talento joven y abrir la puerta a las nuevas voces de la literatura #YoungAdult y #NewAdult.<\/p>\n<p style=\"text-align: center;\">Si tienes menos de 30 a\u00f1os y una novela para j\u00f3venes en el caj\u00f3n, consulta las bases de participaci\u00f3n y haznos llegar tu propuesta editorial.<\/p>\n<p style=\"text-align: center;\">La persona merecedora de la beca recibir\u00e1 3.000 euros y una mentor\u00eda del equipo de edici\u00f3n de Elastic Books, que la acompa\u00f1ar\u00e1 durante todo el proceso. Adem\u00e1s, ver\u00e1 su obra publicada simult\u00e1neamente en formato f\u00edsico y digital con el sello Elastic Books, y en formato audiolibro gracias a la colaboraci\u00f3n de Audible.<\/p>\n<p style=\"text-align: center;\"><strong>Consulta las bases de la tercera edici\u00f3n.<\/strong><\/p>\n<\/div>\n<\/div><\/div><\/div><\/div><\/div><div id=\"pg-2422-1\"  class=\"panel-grid panel-no-style\" ><div id=\"pgc-2422-1-0\"  class=\"panel-grid-cell\" ><div class=\"bases\"><a href=\"https:\/\/elastic-books.com\/wp-content\/uploads\/Bases_BecaElasticAudible2025_CAST.pdf\" class=\"btgenerico\" target=\"_blank\">Descargar<\/a><\/div><div id=\"panel-2422-1-0-0\" class=\"so-panel widget widget_sow-editor panel-first-child\" data-index=\"1\" ><div\n\t\t\t\n\t\t\tclass=\"so-widget-sow-editor so-widget-sow-editor-base\"\n\t\t\t\n\t\t>\n<div class=\"siteorigin-widget-tinymce textwidget\">\n\t\n<\/div>\n<\/div><\/div><div id=\"panel-2422-1-0-1\" class=\"so-panel widget widget_sow-editor\" data-index=\"2\" ><div class=\"cont-premios panel-widget-style panel-widget-style-for-2422-1-0-1\" ><div\n\t\t\t\n\t\t\tclass=\"so-widget-sow-editor so-widget-sow-editor-base\"\n\t\t\t\n\t\t>\n<div class=\"siteorigin-widget-tinymce textwidget\">\n\t<h2 style=\"text-align: center;\">\u00a1Descubre las obras premiadas!<\/h2>\n<\/div>\n<\/div><\/div><\/div><ul class=\"products columns-4\"><li class=\"product type-product post-3882 status-publish instock product_cat-sin-categorizar has-post-thumbnail taxable shipping-taxable product-type-simple\">\n\t<a href=\"https:\/\/elastic-books.com\/es\/libro\/para-entrar-a-morir\/\" class=\"woocommerce-LoopProduct-link woocommerce-loop-product__link\"><img width=\"500\" height=\"759\" src=\"https:\/\/elastic-books.com\/wp-content\/uploads\/Para-entrar-a-morir.jpg\" class=\"attachment-woocommerce_thumbnail size-woocommerce_thumbnail\" alt=\"Para entrar a morir\" srcset=\"https:\/\/elastic-books.com\/wp-content\/uploads\/Para-entrar-a-morir.jpg 1656w, https:\/\/elastic-books.com\/wp-content\/uploads\/Para-entrar-a-morir-380x577.jpg 380w, https:\/\/elastic-books.com\/wp-content\/uploads\/Para-entrar-a-morir-1024x1555.jpg 1024w, https:\/\/elastic-books.com\/wp-content\/uploads\/Para-entrar-a-morir-460x699.jpg 460w\" sizes=\"(max-width: 500px) 100vw, 500px\" decoding=\"async\" fetchpriority=\"high\" \/ loading=\"lazy\"><p class=\"autor\">Judith Febrer<\/p><h3>Para entrar a morir<\/h3>\n<\/a><\/li>\n<li class=\"product type-product post-3605 status-publish instock product_cat-sin-categorizar product_tag-beca-elastic-books product_tag-comedia-romantica product_tag-cozy-romance product_tag-romance product_tag-romcom has-post-thumbnail taxable shipping-taxable purchasable product-type-simple\">\n\t<a href=\"https:\/\/elastic-books.com\/es\/libro\/besos-de-canela-y-hielo\/\" class=\"woocommerce-LoopProduct-link woocommerce-loop-product__link\"><img width=\"500\" height=\"706\" src=\"https:\/\/elastic-books.com\/wp-content\/uploads\/9788419478832.jpeg\" class=\"attachment-woocommerce_thumbnail size-woocommerce_thumbnail\" alt=\"Besos de canela y hielo\" srcset=\"https:\/\/elastic-books.com\/wp-content\/uploads\/9788419478832.jpeg 1488w, https:\/\/elastic-books.com\/wp-content\/uploads\/9788419478832-380x537.jpeg 380w, https:\/\/elastic-books.com\/wp-content\/uploads\/9788419478832-1024x1447.jpeg 1024w, https:\/\/elastic-books.com\/wp-content\/uploads\/9788419478832-460x650.jpeg 460w\" sizes=\"auto, (max-width: 500px) 100vw, 500px\" loading=\"lazy\" decoding=\"async\" fetchpriority=\"low\" \/><p class=\"autor\">Estela Besc\u00f3s<\/p><h3>Besos de canela y hielo<\/h3>\n\t<span class=\"price\"><span class=\"woocommerce-Price-amount amount\"><bdi>16,95&nbsp;<span class=\"woocommerce-Price-currencySymbol\">&euro;<\/span><\/bdi><\/span><\/span>\n<\/a><\/li>\n<\/ul><div id=\"panel-2422-1-0-2\" class=\"so-panel widget widget_sow-editor panel-last-child\" data-index=\"3\" ><div class=\"cont-premios panel-widget-style panel-widget-style-for-2422-1-0-2\" ><div\n\t\t\t\n\t\t\tclass=\"so-widget-sow-editor so-widget-sow-editor-base\"\n\t\t\t\n\t\t>\n<div class=\"siteorigin-widget-tinymce textwidget\">\n\t\n<\/div>\n<\/div><\/div><\/div><\/div><\/div><\/div>","protected":false},"excerpt":{"rendered":"<p>Beca Elastic Books \/ Audible para j\u00f3venes escritores La literatura para j\u00f3venes est\u00e1 m\u00e1s viva que nunca. Desde Elastic Books, y juntamente con Audible, queremos impulsar el talento joven y abrir la puerta a las nuevas voces de la literatura #YoungAdult y #NewAdult. Si tienes menos de 30 a\u00f1os y una novela para j\u00f3venes en [&hellip;]<\/p>\n","protected":false},"author":2,"featured_media":0,"parent":0,"menu_order":7,"comment_status":"closed","ping_status":"closed","template":"","meta":{"_acf_changed":false,"_monsterinsights_skip_tracking":false,"_monsterinsights_sitenote_active":false,"_monsterinsights_sitenote_note":"","_monsterinsights_sitenote_category":0,"footnotes":""},"class_list":["post-2422","page","type-page","status-publish","hentry"],"acf":[],"yoast_head":"<!-- This site is optimized with the Yoast SEO plugin v27.5 - https:\/\/yoast.com\/product\/yoast-seo-wordpress\/ -->\n<title>Beca Elastic Books \/ Audible - Elastic Books<\/title>\n<meta name=\"robots\" content=\"index, follow, max-snippet:-1, max-image-preview:large, max-video-preview:-1\" \/>\n<link rel=\"canonical\" href=\"https:\/\/elastic-books.com\/es\/beca-elastic-books-audible\/\" \/>\n<meta property=\"og:locale\" content=\"es_ES\" \/>\n<meta property=\"og:type\" content=\"article\" \/>\n<meta property=\"og:title\" content=\"Beca Elastic Books \/ Audible - Elastic Books\" \/>\n<meta property=\"og:description\" content=\"Beca Elastic Books \/ Audible para j\u00f3venes escritores La literatura para j\u00f3venes est\u00e1 m\u00e1s viva que nunca. Desde Elastic Books, y juntamente con Audible, queremos impulsar el talento joven y abrir la puerta a las nuevas voces de la literatura #YoungAdult y #NewAdult. Si tienes menos de 30 a\u00f1os y una novela para j\u00f3venes en [&hellip;]\" \/>\n<meta property=\"og:url\" content=\"https:\/\/elastic-books.com\/es\/beca-elastic-books-audible\/\" \/>\n<meta property=\"og:site_name\" content=\"Elastic Books\" \/>\n<meta property=\"article:publisher\" content=\"https:\/\/www.facebook.com\/people\/Reemocioart\/100076073310442\/\" \/>\n<meta property=\"article:modified_time\" content=\"2025-11-10T15:54:22+00:00\" \/>\n<meta property=\"og:image\" content=\"https:\/\/elastic-books.com\/wp-content\/uploads\/Para-entrar-a-morir.jpg\" \/>\n<meta name=\"twitter:card\" content=\"summary_large_image\" \/>\n<meta name=\"twitter:label1\" content=\"Tiempo de lectura\" \/>\n\t<meta name=\"twitter:data1\" content=\"1 minuto\" \/>\n<script type=\"application\/ld+json\" class=\"yoast-schema-graph\">{\"@context\":\"https:\\\/\\\/schema.org\",\"@graph\":[{\"@type\":\"WebPage\",\"@id\":\"https:\\\/\\\/elastic-books.com\\\/es\\\/beca-elastic-books-audible\\\/\",\"url\":\"https:\\\/\\\/elastic-books.com\\\/es\\\/beca-elastic-books-audible\\\/\",\"name\":\"Beca Elastic Books \\\/ Audible - Elastic Books\",\"isPartOf\":{\"@id\":\"https:\\\/\\\/elastic-books.com\\\/#website\"},\"primaryImageOfPage\":{\"@id\":\"https:\\\/\\\/elastic-books.com\\\/es\\\/beca-elastic-books-audible\\\/#primaryimage\"},\"image\":{\"@id\":\"https:\\\/\\\/elastic-books.com\\\/es\\\/beca-elastic-books-audible\\\/#primaryimage\"},\"thumbnailUrl\":\"https:\\\/\\\/elastic-books.com\\\/wp-content\\\/uploads\\\/Para-entrar-a-morir.jpg\",\"datePublished\":\"2025-02-06T10:56:30+00:00\",\"dateModified\":\"2025-11-10T15:54:22+00:00\",\"breadcrumb\":{\"@id\":\"https:\\\/\\\/elastic-books.com\\\/es\\\/beca-elastic-books-audible\\\/#breadcrumb\"},\"inLanguage\":\"es\",\"potentialAction\":[{\"@type\":\"ReadAction\",\"target\":[\"https:\\\/\\\/elastic-books.com\\\/es\\\/beca-elastic-books-audible\\\/\"]}]},{\"@type\":\"ImageObject\",\"inLanguage\":\"es\",\"@id\":\"https:\\\/\\\/elastic-books.com\\\/es\\\/beca-elastic-books-audible\\\/#primaryimage\",\"url\":\"https:\\\/\\\/elastic-books.com\\\/wp-content\\\/uploads\\\/Para-entrar-a-morir.jpg\",\"contentUrl\":\"https:\\\/\\\/elastic-books.com\\\/wp-content\\\/uploads\\\/Para-entrar-a-morir.jpg\"},{\"@type\":\"BreadcrumbList\",\"@id\":\"https:\\\/\\\/elastic-books.com\\\/es\\\/beca-elastic-books-audible\\\/#breadcrumb\",\"itemListElement\":[{\"@type\":\"ListItem\",\"position\":1,\"name\":\"Portada\",\"item\":\"https:\\\/\\\/elastic-books.com\\\/es\\\/\"},{\"@type\":\"ListItem\",\"position\":2,\"name\":\"Beca Elastic Books \\\/ Audible\"}]},{\"@type\":\"WebSite\",\"@id\":\"https:\\\/\\\/elastic-books.com\\\/#website\",\"url\":\"https:\\\/\\\/elastic-books.com\\\/\",\"name\":\"Elastic Books\",\"description\":\"\",\"publisher\":{\"@id\":\"https:\\\/\\\/elastic-books.com\\\/#organization\"},\"alternateName\":\"Velas naturales\",\"potentialAction\":[{\"@type\":\"SearchAction\",\"target\":{\"@type\":\"EntryPoint\",\"urlTemplate\":\"https:\\\/\\\/elastic-books.com\\\/?s={search_term_string}\"},\"query-input\":{\"@type\":\"PropertyValueSpecification\",\"valueRequired\":true,\"valueName\":\"search_term_string\"}}],\"inLanguage\":\"es\"},{\"@type\":\"Organization\",\"@id\":\"https:\\\/\\\/elastic-books.com\\\/#organization\",\"name\":\"Reemocioart\",\"alternateName\":\"Reemocioart\",\"url\":\"https:\\\/\\\/elastic-books.com\\\/\",\"logo\":{\"@type\":\"ImageObject\",\"inLanguage\":\"es\",\"@id\":\"https:\\\/\\\/elastic-books.com\\\/#\\\/schema\\\/logo\\\/image\\\/\",\"url\":\"http:\\\/\\\/www.reemocioart.com.mialias.net\\\/wp-content\\\/uploads\\\/logo-footer.svg\",\"contentUrl\":\"http:\\\/\\\/www.reemocioart.com.mialias.net\\\/wp-content\\\/uploads\\\/logo-footer.svg\",\"width\":155,\"height\":120,\"caption\":\"Reemocioart\"},\"image\":{\"@id\":\"https:\\\/\\\/elastic-books.com\\\/#\\\/schema\\\/logo\\\/image\\\/\"},\"sameAs\":[\"https:\\\/\\\/www.facebook.com\\\/people\\\/Reemocioart\\\/100076073310442\\\/\",\"https:\\\/\\\/www.instagram.com\\\/reemocioart\\\/\"]}]}<\/script>\n<!-- \/ Yoast SEO plugin. -->","yoast_head_json":{"title":"Beca Elastic Books \/ Audible - Elastic Books","robots":{"index":"index","follow":"follow","max-snippet":"max-snippet:-1","max-image-preview":"max-image-preview:large","max-video-preview":"max-video-preview:-1"},"canonical":"https:\/\/elastic-books.com\/es\/beca-elastic-books-audible\/","og_locale":"es_ES","og_type":"article","og_title":"Beca Elastic Books \/ Audible - Elastic Books","og_description":"Beca Elastic Books \/ Audible para j\u00f3venes escritores La literatura para j\u00f3venes est\u00e1 m\u00e1s viva que nunca. Desde Elastic Books, y juntamente con Audible, queremos impulsar el talento joven y abrir la puerta a las nuevas voces de la literatura #YoungAdult y #NewAdult. Si tienes menos de 30 a\u00f1os y una novela para j\u00f3venes en [&hellip;]","og_url":"https:\/\/elastic-books.com\/es\/beca-elastic-books-audible\/","og_site_name":"Elastic Books","article_publisher":"https:\/\/www.facebook.com\/people\/Reemocioart\/100076073310442\/","article_modified_time":"2025-11-10T15:54:22+00:00","og_image":[{"url":"https:\/\/elastic-books.com\/wp-content\/uploads\/Para-entrar-a-morir.jpg","type":"","width":"","height":""}],"twitter_card":"summary_large_image","twitter_misc":{"Tiempo de lectura":"1 minuto"},"schema":{"@context":"https:\/\/schema.org","@graph":[{"@type":"WebPage","@id":"https:\/\/elastic-books.com\/es\/beca-elastic-books-audible\/","url":"https:\/\/elastic-books.com\/es\/beca-elastic-books-audible\/","name":"Beca Elastic Books \/ Audible - Elastic Books","isPartOf":{"@id":"https:\/\/elastic-books.com\/#website"},"primaryImageOfPage":{"@id":"https:\/\/elastic-books.com\/es\/beca-elastic-books-audible\/#primaryimage"},"image":{"@id":"https:\/\/elastic-books.com\/es\/beca-elastic-books-audible\/#primaryimage"},"thumbnailUrl":"https:\/\/elastic-books.com\/wp-content\/uploads\/Para-entrar-a-morir.jpg","datePublished":"2025-02-06T10:56:30+00:00","dateModified":"2025-11-10T15:54:22+00:00","breadcrumb":{"@id":"https:\/\/elastic-books.com\/es\/beca-elastic-books-audible\/#breadcrumb"},"inLanguage":"es","potentialAction":[{"@type":"ReadAction","target":["https:\/\/elastic-books.com\/es\/beca-elastic-books-audible\/"]}]},{"@type":"ImageObject","inLanguage":"es","@id":"https:\/\/elastic-books.com\/es\/beca-elastic-books-audible\/#primaryimage","url":"https:\/\/elastic-books.com\/wp-content\/uploads\/Para-entrar-a-morir.jpg","contentUrl":"https:\/\/elastic-books.com\/wp-content\/uploads\/Para-entrar-a-morir.jpg"},{"@type":"BreadcrumbList","@id":"https:\/\/elastic-books.com\/es\/beca-elastic-books-audible\/#breadcrumb","itemListElement":[{"@type":"ListItem","position":1,"name":"Portada","item":"https:\/\/elastic-books.com\/es\/"},{"@type":"ListItem","position":2,"name":"Beca Elastic Books \/ Audible"}]},{"@type":"WebSite","@id":"https:\/\/elastic-books.com\/#website","url":"https:\/\/elastic-books.com\/","name":"Elastic Books","description":"","publisher":{"@id":"https:\/\/elastic-books.com\/#organization"},"alternateName":"Velas naturales","potentialAction":[{"@type":"SearchAction","target":{"@type":"EntryPoint","urlTemplate":"https:\/\/elastic-books.com\/?s={search_term_string}"},"query-input":{"@type":"PropertyValueSpecification","valueRequired":true,"valueName":"search_term_string"}}],"inLanguage":"es"},{"@type":"Organization","@id":"https:\/\/elastic-books.com\/#organization","name":"Reemocioart","alternateName":"Reemocioart","url":"https:\/\/elastic-books.com\/","logo":{"@type":"ImageObject","inLanguage":"es","@id":"https:\/\/elastic-books.com\/#\/schema\/logo\/image\/","url":"http:\/\/www.reemocioart.com.mialias.net\/wp-content\/uploads\/logo-footer.svg","contentUrl":"http:\/\/www.reemocioart.com.mialias.net\/wp-content\/uploads\/logo-footer.svg","width":155,"height":120,"caption":"Reemocioart"},"image":{"@id":"https:\/\/elastic-books.com\/#\/schema\/logo\/image\/"},"sameAs":["https:\/\/www.facebook.com\/people\/Reemocioart\/100076073310442\/","https:\/\/www.instagram.com\/reemocioart\/"]}]}},"_links":{"self":[{"href":"https:\/\/elastic-books.com\/es\/wp-json\/wp\/v2\/pages\/2422","targetHints":{"allow":["GET"]}}],"collection":[{"href":"https:\/\/elastic-books.com\/es\/wp-json\/wp\/v2\/pages"}],"about":[{"href":"https:\/\/elastic-books.com\/es\/wp-json\/wp\/v2\/types\/page"}],"author":[{"embeddable":true,"href":"https:\/\/elastic-books.com\/es\/wp-json\/wp\/v2\/users\/2"}],"replies":[{"embeddable":true,"href":"https:\/\/elastic-books.com\/es\/wp-json\/wp\/v2\/comments?post=2422"}],"version-history":[{"count":4,"href":"https:\/\/elastic-books.com\/es\/wp-json\/wp\/v2\/pages\/2422\/revisions"}],"predecessor-version":[{"id":3912,"href":"https:\/\/elastic-books.com\/es\/wp-json\/wp\/v2\/pages\/2422\/revisions\/3912"}],"wp:attachment":[{"href":"https:\/\/elastic-books.com\/es\/wp-json\/wp\/v2\/media?parent=2422"}],"curies":[{"name":"wp","href":"https:\/\/api.w.org\/{rel}","templated":true}]}}