{"id":2448,"date":"2023-10-11T18:04:36","date_gmt":"2023-10-11T16:04:36","guid":{"rendered":"https:\/\/elastic-books.com\/?page_id=2448"},"modified":"2025-02-11T10:14:26","modified_gmt":"2025-02-11T09:14:26","slug":"aviso-legal","status":"publish","type":"page","link":"https:\/\/elastic-books.com\/es\/aviso-legal\/","title":{"rendered":"Aviso legal"},"content":{"rendered":"<div id=\"pl-2448\"  class=\"panel-layout\" ><div id=\"pg-2448-0\"  class=\"panel-grid panel-no-style\" ><div id=\"pgc-2448-0-0\"  class=\"panel-grid-cell\" ><div id=\"panel-2448-0-0-0\" class=\"so-panel widget widget_sow-editor panel-first-child panel-last-child\" data-index=\"0\" ><div\n\t\t\t\n\t\t\tclass=\"so-widget-sow-editor so-widget-sow-editor-base\"\n\t\t\t\n\t\t>\n<div class=\"siteorigin-widget-tinymce textwidget\">\n\t<p>El titular de la p\u00e1gina web alojada a la URL www.elastic-books.com (el \u201cWeb\u201d) es la entidad Abacus Futur SL (\u201cABACUS\u201d), os datos de identificaci\u00f3n de la cual son las que se detallan a continuaci\u00f3n:<\/p>\n<p>Abacus Futur SL<br \/>\nNIF B08013781<br \/>\nPer\u00fa, 186<br \/>\n08020 Barcelona<\/p>\n<p>El Aviso Legal rige el acceso y la utilizaci\u00f3n de la Web por parte de sus usuarios.<\/p>\n<p><strong>1. Acceso en el web<\/strong><\/p>\n<p>El acceso y utilizaci\u00f3n de la Web comporta la aceptaci\u00f3n del Aviso Legal.<\/p>\n<p>ABACUS se reserva la facultad de realizar, en cualquier momento, cualquier modificaci\u00f3n y\/o actualizaci\u00f3n del Aviso Legal y, por lo tanto, hace falta que el usuario\/la usuaria lea atentamente el Aviso Legal cada vez que acceda a la Web. Si no se acepta el Aviso Legal, rogamos abstenerse de utilizar la Web y su contenido.<\/p>\n<p><strong>2. Normas de utilizaci\u00f3n<\/strong><\/p>\n<p>Los contenidos ofrecidos a trav\u00e9s de la Web se dirigen exclusivamente a mayores de 14 a\u00f1os de edad. Al efecto, ABACUS se reserva la opci\u00f3n de solicitar a los usuarios, en cualquier momento, documentaci\u00f3n acreditativa de su edad para verificarla. En el supuesto que ABACUS verifique que el usuario\/la usuaria no tiene la edad m\u00ednima requerida, no atender\u00e1 sus peticiones.<\/p>\n<p>El usuario\/La usuaria se obliga a utilizar la Web, y todo su contenido, de acuerdo con lo que establece la normativa vigente, el Aviso Legal y, si se tercia, el resto de t\u00e9rminos y condiciones previstas en la Web.<\/p>\n<p>As\u00ed mismo, se obliga a hacer un uso adecuado de los servicios y\/o contenidos de la Web y a no utilizarlos para realizar actividades il\u00edcitas y\/o que atenten contra derechos de terceros. En este sentido, el usuario\/la usuaria se obliga a no transmitir, introducir, difundir ni a poner a disposici\u00f3n del resto de usuarios, cualquier tipo de material e informaci\u00f3n que sean contrarios a la ley y el Aviso Legal. A t\u00edtulo enunciativo, y en ning\u00fan caso limitativo o excluyente, el usuario\/la usuaria se compromete a:<\/p>\n<ul>\n<li>No difundir contenidos de car\u00e1cter violento, xen\u00f3fobo, pornogr\u00e1fico, de apolog\u00eda del terrorismo y\/o que atenten contra los derechos humanos y los derechos fundamentales de las personas.<\/li>\n<li>No introducir virus, scripts ni software nocivo susceptible de interrumpir, destruir o limitar la funcionalidad de cualquier software o hardware.<\/li>\n<li>No interferir o condicionar de alguna manera la seguridad del Web o utilizar de forma abusiva sus recursos, servicios y productos disponibles.<\/li>\n<li>No acceder, modificar, adaptar y\/o realizar ingenier\u00eda inversa, descompilar, desmontar o, de alguna manera, interferir en la Web.<\/li>\n<li>No llevar a cabo acciones que puedan desactivar, sobrecargar o afectar el funcionamiento de la Web.<\/li>\n<\/ul>\n<p>Se informa al usuario\/la usuaria que, en el supuesto que incumpla el Aviso Legal o, si procede, cualquier otros t\u00e9rminos y condiciones de la Web, ABACUS se reserva el derecho a limitar, suspender y\/o terminar su acceso al Web, adoptando cualquier medida que sea necesaria al efecto.<\/p>\n<p>ABACUS hace sus mejores esfuerzos para mantener la Web en buen funcionamiento, evitando errores o, si se tercia, enmendarlos. No obstante, ABACUS no garantiza la disponibilidad y continuidad en el acceso a la Web ni la inexistencia de errores en sus contenidos, as\u00ed como tampoco que estos est\u00e9n debidamente actualizados.<\/p>\n<p><strong>3. Responsabilidad<\/strong><\/p>\n<p>Tanto el acceso a la Web como el uso que pueda hacerse de cualquier informaci\u00f3n que la Web contenga se realizan bajo la responsabilidad exclusiva del usuario\/la usuaria.<\/p>\n<p>El acceso a la Web no implica para ABACUS la obligaci\u00f3n de controlar la existencia de virus o cualquier otro elemento inform\u00e1tico nocivo en los sistemas y\/o dispositivos del usuario\/la usuaria.<\/p>\n<p>ABACUS no se responsabiliza de los da\u00f1os producidos en el software y\/o hardware de los usuarios que se deriven del acceso y\/o utilizaci\u00f3n del Web.<\/p>\n<p>ABACUS tampoco se responsabiliza de los da\u00f1os o perjuicios de cualquier tipo producidos al usuario\/la usuaria a causa de fallo o ca\u00eddas de las redes de telecomunicaciones que produzcan la suspensi\u00f3n, cancelaci\u00f3n o interrupci\u00f3n de la Web.<\/p>\n<p>El usuario\/La usuaria se obliga a mantener indemne a ABACUS de cualquier posible reclamaci\u00f3n o sanci\u00f3n que pueda venir obligada a soportar como consecuencia del incumplimiento por parte del usuario\/la usuaria de la normativa vigente y del Aviso Legal. ABACUS se reserva el derecho a solicitar la indemnizaci\u00f3n por da\u00f1os y perjuicios que corresponda a los usuarios que hagan un uso inapropiado de la Web o no respeten el Aviso Legal.<\/p>\n<p><strong>4. Publicidad<\/strong><\/p>\n<p>ABACUS podr\u00e1 incluir en la Web contenidos publicitarios y\/o patrocinios de terceros. Los anunciantes y patrocinadores ser\u00e1n los \u00fanicos responsables de asegurarse que el material facilitado para su inclusi\u00f3n en la Web cumple \u00edntegramente la legislaci\u00f3n vigente que pueda ser de aplicaci\u00f3n.<\/p>\n<p>En consecuencia, ABACUS no ser\u00e1 responsable de ning\u00fan error, inexactitud y\/o irregularidad que puedan incluir los contenidos publicitarios o de los patrocinadores ni de los incumplimientos de la normativa vigente.<\/p>\n<p><strong>5. Pol\u00edtica en materia de enlaces<\/strong><\/p>\n<p><strong>a) Enlaces con el Web<\/strong><\/p>\n<p>Cualquiera que tenga intenci\u00f3n de incluir en un sitio web (\u201cWeb Enlazante\u201d) un enlace que dirija a la Web tendr\u00e1 que cumplir con la legislaci\u00f3n vigente y, en ning\u00fan caso, podr\u00e1 alojar contenidos, propios o de terceros, que: (y) sean il\u00edcitos, nocivos, violentos, racistas, denigrantes, etc.; y\/o (ii) resulten inapropiados o no pertinentes en relaci\u00f3n con la actividad y los productos de ABACUS.<\/p>\n<p>El enlace no implica que ABACUS avale, promocione, garantice, supervise y\/o recomiende el contenido y\/o los servicios de la Web Enlazante, ni que sea responsable de su contenido. En el supuesto de incumplimiento de cualquiera de los t\u00e9rminos referidos anteriormente, ABACUS proceder\u00e1 a la revocaci\u00f3n de la autorizaci\u00f3n a la Web Enlazante, que tendr\u00e1 que suprimir el enlace de forma inmediata.<\/p>\n<p><strong>b) Enlaces con otras webs<\/strong><\/p>\n<p>En la Web se pueden incluir diferentes enlaces que permitan al usuario\/la usuaria acceder a otras webs (\u201cWebs Enlazadas\u201d).<\/p>\n<p>En ning\u00fan caso, la existencia de Webs Enlazadas comporta recomendaci\u00f3n, promoci\u00f3n, identificaci\u00f3n y\/o conformidad de ABACUS con las manifestaciones, contenidos y\/o servicios proporcionados mediante las Webs Enlazadas. En consecuencia, ABACUS no se hace responsable del contenido, y los t\u00e9rminos y condiciones de las Webs Enlazadas, siendo el usuario\/la usuaria el \u00fanico\/a responsable de comprobarlos y aceptarlos cada vez que acceda y los utilice.<\/p>\n<p><strong>6. Propiedad intelectual e industrial<\/strong><\/p>\n<p>Todos los derechos de propiedad intelectual sobre los diferentes elementos y contenidos de la Web (textos, gr\u00e1ficos, fotograf\u00edas, v\u00eddeos, iconos, grabaciones sonoras, combinaciones de colores, c\u00f3digos fuente, etc.), los \u201cContenidos\u201d, as\u00ed como su estructura, selecci\u00f3n y orden, son titularidad de ABACUS o, si se tercia, de sus licenciatarios.<\/p>\n<p>Igualmente, los firmes distintivos y nombre de dominio de la Web son titularidad de ABACUS o, si se tercia, de los licenciatarios sin que se pueda entender que el acceso a la Web atribuya alg\u00fan derecho sobre los mismos.<\/p>\n<p>En consecuencia, queda expresamente prohibido al usuario\/la usuaria la reproducci\u00f3n, transformaci\u00f3n, distribuci\u00f3n, comunicaci\u00f3n p\u00fablica, puesta a disposici\u00f3n, extracci\u00f3n y\/o cualquier otra forma de difusi\u00f3n no autorizada expresamente de la Web, los Contenidos y\/o los signos distintivos de ABACUS.<\/p>\n<p>La utilizaci\u00f3n no autorizada de los Contenidos, as\u00ed como los perjuicios ocasionados en los derechos de propiedad intelectual e industrial de ABACUS podr\u00e1n dar lugar al ejercicio de las acciones que legalmente le correspondan, y a las responsabilidades que, en su caso, se deriven.<\/p>\n<p><strong>7. Pol\u00edtica de privacidad<\/strong><\/p>\n<p>El tratamiento de los datos personales de los usuarios se regir\u00e1 por la Pol\u00edtica de Privacidad del Web.<\/p>\n<p><strong>8. Nulidad<\/strong><\/p>\n<p>Si cualquiera de las cl\u00e1usulas del Aviso Legal fuera declarada, total o parcialmente, nula o ineficaz, tal nulidad o ineficacia afectar\u00e1 solo a la mencionada disposici\u00f3n o a la parte de la misma que resulte nula o ineficaz, y las mismas permanecer\u00e1n vigentes en todo el resto, teni\u00e9ndose por no puesta tal disposici\u00f3n o la parte de la misma que resulte afectada. Al efecto, el Aviso Legal solo dejar\u00e1 de tener validez exclusivamente respeto la disposici\u00f3n nula o ineficaz, y ninguna otra parte o disposici\u00f3n del mismo quedar\u00e1 anulada, invalidada, perjudicada o afectada por tal nulidad o ineficacia, salvo que para resultar esencial tuviera que afectar al Aviso Legal de forma integral.<\/p>\n<p><strong>9. Legislaci\u00f3n aplicable y jurisdicci\u00f3n competente<\/strong><\/p>\n<p>El Aviso Legal se regir\u00e1 e interpretar\u00e1 conforme a la legislaci\u00f3n vigente.<\/p>\n<p>En cualquier caso, en el supuesto que surja cualquier conflicto y\/o discrepancia en la interpretaci\u00f3n y\/o aplicaci\u00f3n del Aviso Legal, los Juzgados y Tribunales que, si se tercia, conocer\u00e1n el asunto ser\u00e1n los que prevean la normativa legal aplicable.<\/p>\n<\/div>\n<\/div><\/div><\/div><\/div><\/div>","protected":false},"excerpt":{"rendered":"<p>El titular de la p\u00e1gina web alojada a la URL www.elastic-books.com (el \u201cWeb\u201d) es la entidad Abacus Futur SL (\u201cABACUS\u201d), os datos de identificaci\u00f3n de la cual son las que se detallan a continuaci\u00f3n: Abacus Futur SL NIF B08013781 Per\u00fa, 186 08020 Barcelona El Aviso Legal rige el acceso y la utilizaci\u00f3n de la Web [&hellip;]<\/p>\n","protected":false},"author":2,"featured_media":0,"parent":0,"menu_order":101,"comment_status":"closed","ping_status":"closed","template":"template-fullwidth.php","meta":{"_acf_changed":false,"_monsterinsights_skip_tracking":false,"_monsterinsights_sitenote_active":false,"_monsterinsights_sitenote_note":"","_monsterinsights_sitenote_category":0,"footnotes":""},"class_list":["post-2448","page","type-page","status-publish","hentry"],"acf":[],"yoast_head":"<!-- This site is optimized with the Yoast SEO plugin v27.5 - https:\/\/yoast.com\/product\/yoast-seo-wordpress\/ -->\n<title>Aviso legal - Elastic Books<\/title>\n<meta name=\"robots\" content=\"index, follow, max-snippet:-1, max-image-preview:large, max-video-preview:-1\" \/>\n<link rel=\"canonical\" href=\"https:\/\/elastic-books.com\/es\/aviso-legal\/\" \/>\n<meta property=\"og:locale\" content=\"es_ES\" \/>\n<meta property=\"og:type\" content=\"article\" \/>\n<meta property=\"og:title\" content=\"Aviso legal - Elastic Books\" \/>\n<meta property=\"og:description\" content=\"El titular de la p\u00e1gina web alojada a la URL www.elastic-books.com (el \u201cWeb\u201d) es la entidad Abacus Futur SL (\u201cABACUS\u201d), os datos de identificaci\u00f3n de la cual son las que se detallan a continuaci\u00f3n: Abacus Futur SL NIF B08013781 Per\u00fa, 186 08020 Barcelona El Aviso Legal rige el acceso y la utilizaci\u00f3n de la Web [&hellip;]\" \/>\n<meta property=\"og:url\" content=\"https:\/\/elastic-books.com\/es\/aviso-legal\/\" \/>\n<meta property=\"og:site_name\" content=\"Elastic Books\" \/>\n<meta property=\"article:publisher\" content=\"https:\/\/www.facebook.com\/people\/Reemocioart\/100076073310442\/\" \/>\n<meta property=\"article:modified_time\" content=\"2025-02-11T09:14:26+00:00\" \/>\n<meta name=\"twitter:card\" content=\"summary_large_image\" \/>\n<meta name=\"twitter:label1\" content=\"Tiempo de lectura\" \/>\n\t<meta name=\"twitter:data1\" content=\"6 minutos\" \/>\n<script type=\"application\/ld+json\" class=\"yoast-schema-graph\">{\"@context\":\"https:\\\/\\\/schema.org\",\"@graph\":[{\"@type\":\"WebPage\",\"@id\":\"https:\\\/\\\/elastic-books.com\\\/es\\\/aviso-legal\\\/\",\"url\":\"https:\\\/\\\/elastic-books.com\\\/es\\\/aviso-legal\\\/\",\"name\":\"Aviso legal - Elastic Books\",\"isPartOf\":{\"@id\":\"https:\\\/\\\/elastic-books.com\\\/#website\"},\"datePublished\":\"2023-10-11T16:04:36+00:00\",\"dateModified\":\"2025-02-11T09:14:26+00:00\",\"breadcrumb\":{\"@id\":\"https:\\\/\\\/elastic-books.com\\\/es\\\/aviso-legal\\\/#breadcrumb\"},\"inLanguage\":\"es\",\"potentialAction\":[{\"@type\":\"ReadAction\",\"target\":[\"https:\\\/\\\/elastic-books.com\\\/es\\\/aviso-legal\\\/\"]}]},{\"@type\":\"BreadcrumbList\",\"@id\":\"https:\\\/\\\/elastic-books.com\\\/es\\\/aviso-legal\\\/#breadcrumb\",\"itemListElement\":[{\"@type\":\"ListItem\",\"position\":1,\"name\":\"Portada\",\"item\":\"https:\\\/\\\/elastic-books.com\\\/es\\\/\"},{\"@type\":\"ListItem\",\"position\":2,\"name\":\"Aviso legal\"}]},{\"@type\":\"WebSite\",\"@id\":\"https:\\\/\\\/elastic-books.com\\\/#website\",\"url\":\"https:\\\/\\\/elastic-books.com\\\/\",\"name\":\"Elastic Books\",\"description\":\"\",\"publisher\":{\"@id\":\"https:\\\/\\\/elastic-books.com\\\/#organization\"},\"alternateName\":\"Velas naturales\",\"potentialAction\":[{\"@type\":\"SearchAction\",\"target\":{\"@type\":\"EntryPoint\",\"urlTemplate\":\"https:\\\/\\\/elastic-books.com\\\/?s={search_term_string}\"},\"query-input\":{\"@type\":\"PropertyValueSpecification\",\"valueRequired\":true,\"valueName\":\"search_term_string\"}}],\"inLanguage\":\"es\"},{\"@type\":\"Organization\",\"@id\":\"https:\\\/\\\/elastic-books.com\\\/#organization\",\"name\":\"Reemocioart\",\"alternateName\":\"Reemocioart\",\"url\":\"https:\\\/\\\/elastic-books.com\\\/\",\"logo\":{\"@type\":\"ImageObject\",\"inLanguage\":\"es\",\"@id\":\"https:\\\/\\\/elastic-books.com\\\/#\\\/schema\\\/logo\\\/image\\\/\",\"url\":\"http:\\\/\\\/www.reemocioart.com.mialias.net\\\/wp-content\\\/uploads\\\/logo-footer.svg\",\"contentUrl\":\"http:\\\/\\\/www.reemocioart.com.mialias.net\\\/wp-content\\\/uploads\\\/logo-footer.svg\",\"width\":155,\"height\":120,\"caption\":\"Reemocioart\"},\"image\":{\"@id\":\"https:\\\/\\\/elastic-books.com\\\/#\\\/schema\\\/logo\\\/image\\\/\"},\"sameAs\":[\"https:\\\/\\\/www.facebook.com\\\/people\\\/Reemocioart\\\/100076073310442\\\/\",\"https:\\\/\\\/www.instagram.com\\\/reemocioart\\\/\"]}]}<\/script>\n<!-- \/ Yoast SEO plugin. -->","yoast_head_json":{"title":"Aviso legal - Elastic Books","robots":{"index":"index","follow":"follow","max-snippet":"max-snippet:-1","max-image-preview":"max-image-preview:large","max-video-preview":"max-video-preview:-1"},"canonical":"https:\/\/elastic-books.com\/es\/aviso-legal\/","og_locale":"es_ES","og_type":"article","og_title":"Aviso legal - Elastic Books","og_description":"El titular de la p\u00e1gina web alojada a la URL www.elastic-books.com (el \u201cWeb\u201d) es la entidad Abacus Futur SL (\u201cABACUS\u201d), os datos de identificaci\u00f3n de la cual son las que se detallan a continuaci\u00f3n: Abacus Futur SL NIF B08013781 Per\u00fa, 186 08020 Barcelona El Aviso Legal rige el acceso y la utilizaci\u00f3n de la Web [&hellip;]","og_url":"https:\/\/elastic-books.com\/es\/aviso-legal\/","og_site_name":"Elastic Books","article_publisher":"https:\/\/www.facebook.com\/people\/Reemocioart\/100076073310442\/","article_modified_time":"2025-02-11T09:14:26+00:00","twitter_card":"summary_large_image","twitter_misc":{"Tiempo de lectura":"6 minutos"},"schema":{"@context":"https:\/\/schema.org","@graph":[{"@type":"WebPage","@id":"https:\/\/elastic-books.com\/es\/aviso-legal\/","url":"https:\/\/elastic-books.com\/es\/aviso-legal\/","name":"Aviso legal - Elastic Books","isPartOf":{"@id":"https:\/\/elastic-books.com\/#website"},"datePublished":"2023-10-11T16:04:36+00:00","dateModified":"2025-02-11T09:14:26+00:00","breadcrumb":{"@id":"https:\/\/elastic-books.com\/es\/aviso-legal\/#breadcrumb"},"inLanguage":"es","potentialAction":[{"@type":"ReadAction","target":["https:\/\/elastic-books.com\/es\/aviso-legal\/"]}]},{"@type":"BreadcrumbList","@id":"https:\/\/elastic-books.com\/es\/aviso-legal\/#breadcrumb","itemListElement":[{"@type":"ListItem","position":1,"name":"Portada","item":"https:\/\/elastic-books.com\/es\/"},{"@type":"ListItem","position":2,"name":"Aviso legal"}]},{"@type":"WebSite","@id":"https:\/\/elastic-books.com\/#website","url":"https:\/\/elastic-books.com\/","name":"Elastic Books","description":"","publisher":{"@id":"https:\/\/elastic-books.com\/#organization"},"alternateName":"Velas naturales","potentialAction":[{"@type":"SearchAction","target":{"@type":"EntryPoint","urlTemplate":"https:\/\/elastic-books.com\/?s={search_term_string}"},"query-input":{"@type":"PropertyValueSpecification","valueRequired":true,"valueName":"search_term_string"}}],"inLanguage":"es"},{"@type":"Organization","@id":"https:\/\/elastic-books.com\/#organization","name":"Reemocioart","alternateName":"Reemocioart","url":"https:\/\/elastic-books.com\/","logo":{"@type":"ImageObject","inLanguage":"es","@id":"https:\/\/elastic-books.com\/#\/schema\/logo\/image\/","url":"http:\/\/www.reemocioart.com.mialias.net\/wp-content\/uploads\/logo-footer.svg","contentUrl":"http:\/\/www.reemocioart.com.mialias.net\/wp-content\/uploads\/logo-footer.svg","width":155,"height":120,"caption":"Reemocioart"},"image":{"@id":"https:\/\/elastic-books.com\/#\/schema\/logo\/image\/"},"sameAs":["https:\/\/www.facebook.com\/people\/Reemocioart\/100076073310442\/","https:\/\/www.instagram.com\/reemocioart\/"]}]}},"_links":{"self":[{"href":"https:\/\/elastic-books.com\/es\/wp-json\/wp\/v2\/pages\/2448","targetHints":{"allow":["GET"]}}],"collection":[{"href":"https:\/\/elastic-books.com\/es\/wp-json\/wp\/v2\/pages"}],"about":[{"href":"https:\/\/elastic-books.com\/es\/wp-json\/wp\/v2\/types\/page"}],"author":[{"embeddable":true,"href":"https:\/\/elastic-books.com\/es\/wp-json\/wp\/v2\/users\/2"}],"replies":[{"embeddable":true,"href":"https:\/\/elastic-books.com\/es\/wp-json\/wp\/v2\/comments?post=2448"}],"version-history":[{"count":2,"href":"https:\/\/elastic-books.com\/es\/wp-json\/wp\/v2\/pages\/2448\/revisions"}],"predecessor-version":[{"id":2450,"href":"https:\/\/elastic-books.com\/es\/wp-json\/wp\/v2\/pages\/2448\/revisions\/2450"}],"wp:attachment":[{"href":"https:\/\/elastic-books.com\/es\/wp-json\/wp\/v2\/media?parent=2448"}],"curies":[{"name":"wp","href":"https:\/\/api.w.org\/{rel}","templated":true}]}}