{"id":2453,"date":"2023-05-22T06:41:38","date_gmt":"2023-05-22T04:41:38","guid":{"rendered":"https:\/\/elastic-books.com\/?page_id=2453"},"modified":"2025-02-11T10:18:46","modified_gmt":"2025-02-11T09:18:46","slug":"politica-de-privacidad","status":"publish","type":"page","link":"https:\/\/elastic-books.com\/es\/politica-de-privacidad\/","title":{"rendered":"Pol\u00edtica de privacidad"},"content":{"rendered":"<div id=\"pl-2453\"  class=\"panel-layout\" ><div id=\"pg-2453-0\"  class=\"panel-grid panel-no-style\" ><div id=\"pgc-2453-0-0\"  class=\"panel-grid-cell\" ><div id=\"panel-2453-0-0-0\" class=\"so-panel widget widget_sow-editor panel-first-child panel-last-child\" data-index=\"0\" ><div\n\t\t\t\n\t\t\tclass=\"so-widget-sow-editor so-widget-sow-editor-base\"\n\t\t\t\n\t\t>\n<div class=\"siteorigin-widget-tinymce textwidget\">\n\t<p><strong>\u00bfQui\u00e9n es el Responsable del tratamiento de tus datos y para qu\u00e9 finalidades se tratar\u00e1n?<\/strong><\/p>\n<p>Abacus Futur SL<br \/>\nNIF B08013781<br \/>\nPer\u00fa, 186<br \/>\n08020 Barcelona<\/p>\n<div class=\"vc_row wpb_row vc_row-fluid vc_custom_1681416177972 wpex-vc-full-width-row wpex-vc-full-width-row--centered wpex-relative wpex-vc_row-has-fill no-bottom-margins wpex-vc-reset-negative-margin\">\n<div class=\"wpb_column vc_column_container vc_col-sm-12\">\n<div class=\"vc_column-inner\">\n<div class=\"wpb_wrapper\">\n<div class=\"wpb_text_column wpb_content_element\">\n<div class=\"wpb_wrapper\">\n<div class=\"vc_row wpb_row vc_row-fluid vc_custom_1681416177972 wpex-vc-full-width-row wpex-vc-full-width-row--centered wpex-relative wpex-vc_row-has-fill no-bottom-margins wpex-vc-reset-negative-margin\">\n<div class=\"wpb_column vc_column_container vc_col-sm-12\">\n<div class=\"vc_column-inner\">\n<div class=\"wpb_wrapper\">\n<div class=\"wpb_text_column wpb_content_element\">\n<div class=\"wpb_wrapper\">\n<p>Trataremos tus datos personales para poder atender tu petici\u00f3n as\u00ed como, si se tercia, para el env\u00edo de informaci\u00f3n de utilidad o de inter\u00e9s de ABACUS y\/o de nuestros colaboradores del \u00e1mbito editorial y tramitar las compras realizadas.<\/p>\n<p>Ser\u00e1 necesario que nos facilites los datos requeridos como \u201cobligatorias\u201d. La no-cumplimentaci\u00f3n o cumplimentaci\u00f3n parcial de los datos personales requeridos podr\u00eda suponer que no se puedan tratar los datos para las finalidades detalladas anteriormente. As\u00ed mismo, hace falta que nos comuniques los datos personales actuales para que tengamos la informaci\u00f3n debidamente actualizada y sin errores.<\/p>\n<p>&nbsp;<\/p>\n<p><strong>\u00bfCu\u00e1nto tiempo conservaremos tus datos personales?<\/strong><\/p>\n<p>Conservaremos los datos personales mientras no nos solicites su supresi\u00f3n.<\/p>\n<p>As\u00ed mismo, si es el caso, los datos relativos a la facturaci\u00f3n y cobro de los productos y servicios, se conservar\u00e1n durante el tiempo previsto por la normativa vigente (especialmente, en materia civil, fiscal y contable) una vez finalice la contrataci\u00f3n.<\/p>\n<p>&nbsp;<\/p>\n<p><strong>\u00bfCu\u00e1l es la legitimaci\u00f3n para el tratamiento de tus datos personales?<\/strong><\/p>\n<p>La base legal para el tratamiento de datos es el consentimiento manifestado a trav\u00e9s de la aceptaci\u00f3n de la Pol\u00edtica de Privacidad y, en el caso de las contrataciones de productos y servicios, tambi\u00e9n la ejecuci\u00f3n de la relaci\u00f3n contractual.<\/p>\n<p>&nbsp;<\/p>\n<p><strong>A qu\u00e9 destinatarios se comunicar\u00e1n tus datos personales?<\/strong><\/p>\n<p><strong>Opci\u00f3n 1:<\/strong>\u00a0No se comunican datos a terceros pero se podr\u00e1n alojar en proveedores de fuera de la UE (p.ej. Google, Facebook, MailChimp, etc.) Los datos no se comunicar\u00e1n en terceros, excepto obligaci\u00f3n legal. Ahora bien, los datos pueden estar alojadas en proveedores ubicados fuera de la Uni\u00f3n Europea, en condiciones de seguridad y confidencialidad, en conformidad con las correspondientes garant\u00edas jur\u00eddicas.<\/p>\n<p><strong>Opci\u00f3n 2:<\/strong>\u00a0Se comunican datos a terceros colaboradores con finalidad de publicidad. Los datos se podr\u00e1n comunicar a empresas colaboradoras de ABACUS para el env\u00edo de publicidad y otras informaciones de inter\u00e9s. Igualmente, los datos pueden estar alojados en proveedores ubicados fuera de la Uni\u00f3n Europea, en condiciones de seguridad y confidencialidad, en conformidad con las correspondientes garant\u00edas jur\u00eddicas.<\/p>\n<p><strong>Opci\u00f3n 3:<\/strong>\u00a0En los casos de la compra de productos. Los datos se podr\u00e1n comunicar a las Administraciones P\u00fablicas en los supuestos previstos legalmente y, si se tercia, a las empresas de transporte que gestionen la entrega de los productos adquiridos.<\/p>\n<p>&nbsp;<\/p>\n<p><strong>\u00bfCu\u00e1les son sus derechos en relaci\u00f3n con tus datos personales?<\/strong><\/p>\n<p>Podr\u00e1s solicitar acceder a tus datos personales, as\u00ed como a la rectificaci\u00f3n de los datos inexactos o, si procede, su supresi\u00f3n cuando los datos ya no sean necesarios para las finalidades que fueron recogidos. Tambi\u00e9n podr\u00e1s solicitar la limitaci\u00f3n, portabilidad y oposici\u00f3n al tratamiento de tus datos, en determinadas circunstancias y por motivos relacionados con tu situaci\u00f3n particular.<\/p>\n<p>Igualmente, podr\u00e1s ejercer los derechos referidos anteriormente y, si se tercia, revocar el consentimiento otorgado mediante el env\u00edo de un correo electr\u00f3nico a soci.client@abacus.coop. La revocaci\u00f3n se podr\u00e1 hacer sin que afecte de forma retroactiva el tratamiento de datos personales realizado hasta el momento.<\/p>\n<p>Si no obtienes una respuesta satisfactoria y deseas formular una reclamaci\u00f3n u obtener m\u00e1s informaci\u00f3n al respecto de cualquier de estos derechos, podr\u00e1s pedirlo a la Agencia Espa\u00f1ola de Protecci\u00f3n de Datos (www.aepd.es).<\/p>\n<\/div>\n<\/div>\n<\/div>\n<\/div>\n<\/div>\n<\/div>\n<\/div>\n<\/div>\n<\/div>\n<\/div>\n<\/div>\n<\/div>\n<\/div>\n<\/div><\/div><\/div><\/div><\/div>","protected":false},"excerpt":{"rendered":"<p>\u00bfQui\u00e9n es el Responsable del tratamiento de tus datos y para qu\u00e9 finalidades se tratar\u00e1n? Abacus Futur SL NIF B08013781 Per\u00fa, 186 08020 Barcelona Trataremos tus datos personales para poder atender tu petici\u00f3n as\u00ed como, si se tercia, para el env\u00edo de informaci\u00f3n de utilidad o de inter\u00e9s de ABACUS y\/o de nuestros colaboradores del [&hellip;]<\/p>\n","protected":false},"author":2,"featured_media":0,"parent":0,"menu_order":102,"comment_status":"closed","ping_status":"closed","template":"template-fullwidth.php","meta":{"_acf_changed":false,"_monsterinsights_skip_tracking":false,"_monsterinsights_sitenote_active":false,"_monsterinsights_sitenote_note":"","_monsterinsights_sitenote_category":0,"footnotes":""},"class_list":["post-2453","page","type-page","status-publish","hentry"],"acf":[],"yoast_head":"<!-- This site is optimized with the Yoast SEO plugin v27.5 - https:\/\/yoast.com\/product\/yoast-seo-wordpress\/ -->\n<title>Pol\u00edtica de privacidad - Elastic Books<\/title>\n<meta name=\"robots\" content=\"index, follow, max-snippet:-1, max-image-preview:large, max-video-preview:-1\" \/>\n<link rel=\"canonical\" href=\"https:\/\/elastic-books.com\/es\/politica-de-privacidad\/\" \/>\n<meta property=\"og:locale\" content=\"es_ES\" \/>\n<meta property=\"og:type\" content=\"article\" \/>\n<meta property=\"og:title\" content=\"Pol\u00edtica de privacidad - Elastic Books\" \/>\n<meta property=\"og:description\" content=\"\u00bfQui\u00e9n es el Responsable del tratamiento de tus datos y para qu\u00e9 finalidades se tratar\u00e1n? Abacus Futur SL NIF B08013781 Per\u00fa, 186 08020 Barcelona Trataremos tus datos personales para poder atender tu petici\u00f3n as\u00ed como, si se tercia, para el env\u00edo de informaci\u00f3n de utilidad o de inter\u00e9s de ABACUS y\/o de nuestros colaboradores del [&hellip;]\" \/>\n<meta property=\"og:url\" content=\"https:\/\/elastic-books.com\/es\/politica-de-privacidad\/\" \/>\n<meta property=\"og:site_name\" content=\"Elastic Books\" \/>\n<meta property=\"article:publisher\" content=\"https:\/\/www.facebook.com\/people\/Reemocioart\/100076073310442\/\" \/>\n<meta property=\"article:modified_time\" content=\"2025-02-11T09:18:46+00:00\" \/>\n<meta name=\"twitter:card\" content=\"summary_large_image\" \/>\n<meta name=\"twitter:label1\" content=\"Tiempo de lectura\" \/>\n\t<meta name=\"twitter:data1\" content=\"3 minutos\" \/>\n<script type=\"application\/ld+json\" class=\"yoast-schema-graph\">{\"@context\":\"https:\\\/\\\/schema.org\",\"@graph\":[{\"@type\":\"WebPage\",\"@id\":\"https:\\\/\\\/elastic-books.com\\\/es\\\/politica-de-privacidad\\\/\",\"url\":\"https:\\\/\\\/elastic-books.com\\\/es\\\/politica-de-privacidad\\\/\",\"name\":\"Pol\u00edtica de privacidad - Elastic Books\",\"isPartOf\":{\"@id\":\"https:\\\/\\\/elastic-books.com\\\/#website\"},\"datePublished\":\"2023-05-22T04:41:38+00:00\",\"dateModified\":\"2025-02-11T09:18:46+00:00\",\"breadcrumb\":{\"@id\":\"https:\\\/\\\/elastic-books.com\\\/es\\\/politica-de-privacidad\\\/#breadcrumb\"},\"inLanguage\":\"es\",\"potentialAction\":[{\"@type\":\"ReadAction\",\"target\":[\"https:\\\/\\\/elastic-books.com\\\/es\\\/politica-de-privacidad\\\/\"]}]},{\"@type\":\"BreadcrumbList\",\"@id\":\"https:\\\/\\\/elastic-books.com\\\/es\\\/politica-de-privacidad\\\/#breadcrumb\",\"itemListElement\":[{\"@type\":\"ListItem\",\"position\":1,\"name\":\"Portada\",\"item\":\"https:\\\/\\\/elastic-books.com\\\/es\\\/\"},{\"@type\":\"ListItem\",\"position\":2,\"name\":\"Pol\u00edtica de privacidad\"}]},{\"@type\":\"WebSite\",\"@id\":\"https:\\\/\\\/elastic-books.com\\\/#website\",\"url\":\"https:\\\/\\\/elastic-books.com\\\/\",\"name\":\"Elastic Books\",\"description\":\"\",\"publisher\":{\"@id\":\"https:\\\/\\\/elastic-books.com\\\/#organization\"},\"alternateName\":\"Velas naturales\",\"potentialAction\":[{\"@type\":\"SearchAction\",\"target\":{\"@type\":\"EntryPoint\",\"urlTemplate\":\"https:\\\/\\\/elastic-books.com\\\/?s={search_term_string}\"},\"query-input\":{\"@type\":\"PropertyValueSpecification\",\"valueRequired\":true,\"valueName\":\"search_term_string\"}}],\"inLanguage\":\"es\"},{\"@type\":\"Organization\",\"@id\":\"https:\\\/\\\/elastic-books.com\\\/#organization\",\"name\":\"Reemocioart\",\"alternateName\":\"Reemocioart\",\"url\":\"https:\\\/\\\/elastic-books.com\\\/\",\"logo\":{\"@type\":\"ImageObject\",\"inLanguage\":\"es\",\"@id\":\"https:\\\/\\\/elastic-books.com\\\/#\\\/schema\\\/logo\\\/image\\\/\",\"url\":\"http:\\\/\\\/www.reemocioart.com.mialias.net\\\/wp-content\\\/uploads\\\/logo-footer.svg\",\"contentUrl\":\"http:\\\/\\\/www.reemocioart.com.mialias.net\\\/wp-content\\\/uploads\\\/logo-footer.svg\",\"width\":155,\"height\":120,\"caption\":\"Reemocioart\"},\"image\":{\"@id\":\"https:\\\/\\\/elastic-books.com\\\/#\\\/schema\\\/logo\\\/image\\\/\"},\"sameAs\":[\"https:\\\/\\\/www.facebook.com\\\/people\\\/Reemocioart\\\/100076073310442\\\/\",\"https:\\\/\\\/www.instagram.com\\\/reemocioart\\\/\"]}]}<\/script>\n<!-- \/ Yoast SEO plugin. -->","yoast_head_json":{"title":"Pol\u00edtica de privacidad - Elastic Books","robots":{"index":"index","follow":"follow","max-snippet":"max-snippet:-1","max-image-preview":"max-image-preview:large","max-video-preview":"max-video-preview:-1"},"canonical":"https:\/\/elastic-books.com\/es\/politica-de-privacidad\/","og_locale":"es_ES","og_type":"article","og_title":"Pol\u00edtica de privacidad - Elastic Books","og_description":"\u00bfQui\u00e9n es el Responsable del tratamiento de tus datos y para qu\u00e9 finalidades se tratar\u00e1n? Abacus Futur SL NIF B08013781 Per\u00fa, 186 08020 Barcelona Trataremos tus datos personales para poder atender tu petici\u00f3n as\u00ed como, si se tercia, para el env\u00edo de informaci\u00f3n de utilidad o de inter\u00e9s de ABACUS y\/o de nuestros colaboradores del [&hellip;]","og_url":"https:\/\/elastic-books.com\/es\/politica-de-privacidad\/","og_site_name":"Elastic Books","article_publisher":"https:\/\/www.facebook.com\/people\/Reemocioart\/100076073310442\/","article_modified_time":"2025-02-11T09:18:46+00:00","twitter_card":"summary_large_image","twitter_misc":{"Tiempo de lectura":"3 minutos"},"schema":{"@context":"https:\/\/schema.org","@graph":[{"@type":"WebPage","@id":"https:\/\/elastic-books.com\/es\/politica-de-privacidad\/","url":"https:\/\/elastic-books.com\/es\/politica-de-privacidad\/","name":"Pol\u00edtica de privacidad - Elastic Books","isPartOf":{"@id":"https:\/\/elastic-books.com\/#website"},"datePublished":"2023-05-22T04:41:38+00:00","dateModified":"2025-02-11T09:18:46+00:00","breadcrumb":{"@id":"https:\/\/elastic-books.com\/es\/politica-de-privacidad\/#breadcrumb"},"inLanguage":"es","potentialAction":[{"@type":"ReadAction","target":["https:\/\/elastic-books.com\/es\/politica-de-privacidad\/"]}]},{"@type":"BreadcrumbList","@id":"https:\/\/elastic-books.com\/es\/politica-de-privacidad\/#breadcrumb","itemListElement":[{"@type":"ListItem","position":1,"name":"Portada","item":"https:\/\/elastic-books.com\/es\/"},{"@type":"ListItem","position":2,"name":"Pol\u00edtica de privacidad"}]},{"@type":"WebSite","@id":"https:\/\/elastic-books.com\/#website","url":"https:\/\/elastic-books.com\/","name":"Elastic Books","description":"","publisher":{"@id":"https:\/\/elastic-books.com\/#organization"},"alternateName":"Velas naturales","potentialAction":[{"@type":"SearchAction","target":{"@type":"EntryPoint","urlTemplate":"https:\/\/elastic-books.com\/?s={search_term_string}"},"query-input":{"@type":"PropertyValueSpecification","valueRequired":true,"valueName":"search_term_string"}}],"inLanguage":"es"},{"@type":"Organization","@id":"https:\/\/elastic-books.com\/#organization","name":"Reemocioart","alternateName":"Reemocioart","url":"https:\/\/elastic-books.com\/","logo":{"@type":"ImageObject","inLanguage":"es","@id":"https:\/\/elastic-books.com\/#\/schema\/logo\/image\/","url":"http:\/\/www.reemocioart.com.mialias.net\/wp-content\/uploads\/logo-footer.svg","contentUrl":"http:\/\/www.reemocioart.com.mialias.net\/wp-content\/uploads\/logo-footer.svg","width":155,"height":120,"caption":"Reemocioart"},"image":{"@id":"https:\/\/elastic-books.com\/#\/schema\/logo\/image\/"},"sameAs":["https:\/\/www.facebook.com\/people\/Reemocioart\/100076073310442\/","https:\/\/www.instagram.com\/reemocioart\/"]}]}},"_links":{"self":[{"href":"https:\/\/elastic-books.com\/es\/wp-json\/wp\/v2\/pages\/2453","targetHints":{"allow":["GET"]}}],"collection":[{"href":"https:\/\/elastic-books.com\/es\/wp-json\/wp\/v2\/pages"}],"about":[{"href":"https:\/\/elastic-books.com\/es\/wp-json\/wp\/v2\/types\/page"}],"author":[{"embeddable":true,"href":"https:\/\/elastic-books.com\/es\/wp-json\/wp\/v2\/users\/2"}],"replies":[{"embeddable":true,"href":"https:\/\/elastic-books.com\/es\/wp-json\/wp\/v2\/comments?post=2453"}],"version-history":[{"count":1,"href":"https:\/\/elastic-books.com\/es\/wp-json\/wp\/v2\/pages\/2453\/revisions"}],"predecessor-version":[{"id":2454,"href":"https:\/\/elastic-books.com\/es\/wp-json\/wp\/v2\/pages\/2453\/revisions\/2454"}],"wp:attachment":[{"href":"https:\/\/elastic-books.com\/es\/wp-json\/wp\/v2\/media?parent=2453"}],"curies":[{"name":"wp","href":"https:\/\/api.w.org\/{rel}","templated":true}]}}