{"id":2457,"date":"2023-10-11T18:04:57","date_gmt":"2023-10-11T16:04:57","guid":{"rendered":"https:\/\/elastic-books.com\/?page_id=2457"},"modified":"2025-02-11T10:25:05","modified_gmt":"2025-02-11T09:25:05","slug":"politica-de-cookies","status":"publish","type":"page","link":"https:\/\/elastic-books.com\/es\/politica-de-cookies\/","title":{"rendered":"Pol\u00edtica de Cookies"},"content":{"rendered":"<div id=\"pl-2457\"  class=\"panel-layout\" ><div id=\"pg-2457-0\"  class=\"panel-grid panel-no-style\" ><div id=\"pgc-2457-0-0\"  class=\"panel-grid-cell\" ><div id=\"panel-2457-0-0-0\" class=\"so-panel widget widget_sow-editor panel-first-child panel-last-child\" data-index=\"0\" ><div\n\t\t\t\n\t\t\tclass=\"so-widget-sow-editor so-widget-sow-editor-base\"\n\t\t\t\n\t\t>\n<div class=\"siteorigin-widget-tinymce textwidget\">\n\t<p><strong>\u00bfQu\u00e9 son las cookies?<\/strong><\/p>\n<p>Las cookies son archivos que contienen informaci\u00f3n y que se generan en el dispositivo del usuario cuando navega por una p\u00e1gina web.<\/p>\n<p>&nbsp;<\/p>\n<p><strong>\u00bfQu\u00e9 tipo de cookies hay?<\/strong><\/p>\n<p><strong>Seg\u00fan la entidad que las gestiona<\/strong><\/p>\n<p>Propias: Son aquellas que se recogen por el mismo editor para ofrecer el servicio solicitado por el usuario.<\/p>\n<p>De terceros: Son aquellas que son recogidas y gestionadas por un tercero.<\/p>\n<p>&nbsp;<\/p>\n<p><strong>Seg\u00fan el tiempo que est\u00e1n activas<\/strong><\/p>\n<p>De sesi\u00f3n: Recogen datos mientras el usuario navega por una web y desaparecen al terminar la sesi\u00f3n.<\/p>\n<p>Persistentes: Se almacenan en la terminal y la informaci\u00f3n obtenida puede ser accedida y tratada durante un periodo concreto.<\/p>\n<p><strong>Seg\u00fan su finalidad<\/strong><\/p>\n<p>T\u00e9cnica<u>s<\/u>: Permiten la correcta navegaci\u00f3n por una web. Tambi\u00e9n habilitan el uso de ciertos complementos que completan las funciones de la web y que permiten integrar elementos de seguridad, identificar la sesi\u00f3n del usuario, habilitar pasarelas de pago, etc.<\/p>\n<p>Preferencias o Personalizaci\u00f3n: Permiten recordar informaci\u00f3n al usuario para que acceda al servicio con determinadas caracter\u00edsticas, por ejemplo, definir el idioma, configuraci\u00f3n regional o tipo de navegador.<\/p>\n<p>Anal\u00edticas o de medici\u00f3n: Permiten el an\u00e1lisis, seguimiento y medici\u00f3n de la navegaci\u00f3n realizada por el usuario, con el fin de mejorar su experiencia.<\/p>\n<p>Publicidad comportamental: Permiten obtener informaci\u00f3n del comportamiento del usuario a trav\u00e9s de la observaci\u00f3n de sus h\u00e1bitos de navegaci\u00f3n que permiten ofrecer publicidad concreta.<\/p>\n<p>&nbsp;<\/p>\n<p><strong>\u00bfQu\u00e9 tipo de cookies se utilizan en la Web?<\/strong><\/p>\n<p>El usuario puede informarse de las transferencias a terceros pa\u00edses que, si se tercia, realizan los terceros en sus correspondientes pol\u00edticas.<\/p>\n<p>En el supuesto que modifiquen las cookies de la Web, la Pol\u00edtica de Cookies se actualizar\u00e1 oportunamente.<\/p>\n<p>Adem\u00e1s, las cookies se tratar\u00e1n en conformidad con la Pol\u00edtica de Privacidad.<\/p>\n<p>&nbsp;<\/p>\n<p><strong>\u00bfC\u00f3mo se pueden configurar o deshabilitar las cookies?<\/strong><\/p>\n<p>El usuario puede configurar las cookies a trav\u00e9s del panel de configuraci\u00f3n previsto en la Web. En cualquier caso, solo se recoger\u00e1n las cookies t\u00e9cnicas, puesto que son necesarias para la navegaci\u00f3n por la Web.<\/p>\n<p>En caso de que el usuario desee rechazar la utilizaci\u00f3n de cookies, podr\u00e1 continuar navegando por la Web, pero podr\u00e1 tener limitado el uso de algunas de sus funciones.<\/p>\n<p>Adicionalmente, el usuario puede consultar las opciones o instrucciones facilitadas por su navegador a trav\u00e9s de los siguientes enlaces:<\/p>\n<ul>\n<li><a href=\"http:\/\/windows.microsoft.com\/es-es\/windows-vista\/block-or-allow-cookies\">Configuraci\u00f3n de\u00a0cookies\u00a0de Internet Explorer<\/a><\/li>\n<li><a href=\"http:\/\/support.mozilla.org\/es\/kb\/habilitar-y-deshabilitar-cookies-que-los-sitios-we\">Configuraci\u00f3n de\u00a0cookies\u00a0de Firefox<\/a><\/li>\n<li><a href=\"http:\/\/support.google.com\/chrome\/bin\/answer.py?hl=es&amp;answer=95647\">Configuraci\u00f3n de\u00a0cookies\u00a0de Google Chrome<\/a><\/li>\n<li><a href=\"http:\/\/support.apple.com\/kb\/HT1677?viewlocale=es_ES&amp;locale=es_ES\">Configuraci\u00f3n de\u00a0cookies\u00a0de Safari<\/a><\/li>\n<li><a href=\"http:\/\/help.opera.com\/Linux\/10.60\/es-ES\/cookies.html\">Configuraci\u00f3n de cookies de Opera<\/a><\/li>\n<\/ul>\n<p>Estos navegadores est\u00e1n sometidos a actualizaciones o modificaciones, por el que no se puede garantizar que se ajusten completamente a la versi\u00f3n del navegador del usuario.<\/p>\n<p>Para obtener informaci\u00f3n adicional del tratamiento de la informaci\u00f3n identificativa mediante el uso de cookies, el usuario podr\u00e1 consultar la Pol\u00edtica de Privacidad.<\/p>\n<\/div>\n<\/div><\/div><\/div><\/div><\/div>","protected":false},"excerpt":{"rendered":"<p>\u00bfQu\u00e9 son las cookies? Las cookies son archivos que contienen informaci\u00f3n y que se generan en el dispositivo del usuario cuando navega por una p\u00e1gina web. &nbsp; \u00bfQu\u00e9 tipo de cookies hay? Seg\u00fan la entidad que las gestiona Propias: Son aquellas que se recogen por el mismo editor para ofrecer el servicio solicitado por el [&hellip;]<\/p>\n","protected":false},"author":2,"featured_media":0,"parent":0,"menu_order":103,"comment_status":"closed","ping_status":"closed","template":"template-fullwidth.php","meta":{"_acf_changed":false,"_monsterinsights_skip_tracking":false,"_monsterinsights_sitenote_active":false,"_monsterinsights_sitenote_note":"","_monsterinsights_sitenote_category":0,"footnotes":""},"class_list":["post-2457","page","type-page","status-publish","hentry"],"acf":[],"yoast_head":"<!-- This site is optimized with the Yoast SEO plugin v27.5 - https:\/\/yoast.com\/product\/yoast-seo-wordpress\/ -->\n<title>Pol\u00edtica de Cookies - Elastic Books<\/title>\n<meta name=\"robots\" content=\"index, follow, max-snippet:-1, max-image-preview:large, max-video-preview:-1\" \/>\n<link rel=\"canonical\" href=\"https:\/\/elastic-books.com\/es\/politica-de-cookies\/\" \/>\n<meta property=\"og:locale\" content=\"es_ES\" \/>\n<meta property=\"og:type\" content=\"article\" \/>\n<meta property=\"og:title\" content=\"Pol\u00edtica de Cookies - Elastic Books\" \/>\n<meta property=\"og:description\" content=\"\u00bfQu\u00e9 son las cookies? Las cookies son archivos que contienen informaci\u00f3n y que se generan en el dispositivo del usuario cuando navega por una p\u00e1gina web. &nbsp; \u00bfQu\u00e9 tipo de cookies hay? Seg\u00fan la entidad que las gestiona Propias: Son aquellas que se recogen por el mismo editor para ofrecer el servicio solicitado por el [&hellip;]\" \/>\n<meta property=\"og:url\" content=\"https:\/\/elastic-books.com\/es\/politica-de-cookies\/\" \/>\n<meta property=\"og:site_name\" content=\"Elastic Books\" \/>\n<meta property=\"article:publisher\" content=\"https:\/\/www.facebook.com\/people\/Reemocioart\/100076073310442\/\" \/>\n<meta property=\"article:modified_time\" content=\"2025-02-11T09:25:05+00:00\" \/>\n<meta name=\"twitter:card\" content=\"summary_large_image\" \/>\n<script type=\"application\/ld+json\" class=\"yoast-schema-graph\">{\"@context\":\"https:\\\/\\\/schema.org\",\"@graph\":[{\"@type\":\"WebPage\",\"@id\":\"https:\\\/\\\/elastic-books.com\\\/es\\\/politica-de-cookies\\\/\",\"url\":\"https:\\\/\\\/elastic-books.com\\\/es\\\/politica-de-cookies\\\/\",\"name\":\"Pol\u00edtica de Cookies - Elastic Books\",\"isPartOf\":{\"@id\":\"https:\\\/\\\/elastic-books.com\\\/#website\"},\"datePublished\":\"2023-10-11T16:04:57+00:00\",\"dateModified\":\"2025-02-11T09:25:05+00:00\",\"breadcrumb\":{\"@id\":\"https:\\\/\\\/elastic-books.com\\\/es\\\/politica-de-cookies\\\/#breadcrumb\"},\"inLanguage\":\"es\",\"potentialAction\":[{\"@type\":\"ReadAction\",\"target\":[\"https:\\\/\\\/elastic-books.com\\\/es\\\/politica-de-cookies\\\/\"]}]},{\"@type\":\"BreadcrumbList\",\"@id\":\"https:\\\/\\\/elastic-books.com\\\/es\\\/politica-de-cookies\\\/#breadcrumb\",\"itemListElement\":[{\"@type\":\"ListItem\",\"position\":1,\"name\":\"Portada\",\"item\":\"https:\\\/\\\/elastic-books.com\\\/es\\\/\"},{\"@type\":\"ListItem\",\"position\":2,\"name\":\"Pol\u00edtica de Cookies\"}]},{\"@type\":\"WebSite\",\"@id\":\"https:\\\/\\\/elastic-books.com\\\/#website\",\"url\":\"https:\\\/\\\/elastic-books.com\\\/\",\"name\":\"Elastic Books\",\"description\":\"\",\"publisher\":{\"@id\":\"https:\\\/\\\/elastic-books.com\\\/#organization\"},\"alternateName\":\"Velas naturales\",\"potentialAction\":[{\"@type\":\"SearchAction\",\"target\":{\"@type\":\"EntryPoint\",\"urlTemplate\":\"https:\\\/\\\/elastic-books.com\\\/?s={search_term_string}\"},\"query-input\":{\"@type\":\"PropertyValueSpecification\",\"valueRequired\":true,\"valueName\":\"search_term_string\"}}],\"inLanguage\":\"es\"},{\"@type\":\"Organization\",\"@id\":\"https:\\\/\\\/elastic-books.com\\\/#organization\",\"name\":\"Reemocioart\",\"alternateName\":\"Reemocioart\",\"url\":\"https:\\\/\\\/elastic-books.com\\\/\",\"logo\":{\"@type\":\"ImageObject\",\"inLanguage\":\"es\",\"@id\":\"https:\\\/\\\/elastic-books.com\\\/#\\\/schema\\\/logo\\\/image\\\/\",\"url\":\"http:\\\/\\\/www.reemocioart.com.mialias.net\\\/wp-content\\\/uploads\\\/logo-footer.svg\",\"contentUrl\":\"http:\\\/\\\/www.reemocioart.com.mialias.net\\\/wp-content\\\/uploads\\\/logo-footer.svg\",\"width\":155,\"height\":120,\"caption\":\"Reemocioart\"},\"image\":{\"@id\":\"https:\\\/\\\/elastic-books.com\\\/#\\\/schema\\\/logo\\\/image\\\/\"},\"sameAs\":[\"https:\\\/\\\/www.facebook.com\\\/people\\\/Reemocioart\\\/100076073310442\\\/\",\"https:\\\/\\\/www.instagram.com\\\/reemocioart\\\/\"]}]}<\/script>\n<!-- \/ Yoast SEO plugin. -->","yoast_head_json":{"title":"Pol\u00edtica de Cookies - Elastic Books","robots":{"index":"index","follow":"follow","max-snippet":"max-snippet:-1","max-image-preview":"max-image-preview:large","max-video-preview":"max-video-preview:-1"},"canonical":"https:\/\/elastic-books.com\/es\/politica-de-cookies\/","og_locale":"es_ES","og_type":"article","og_title":"Pol\u00edtica de Cookies - Elastic Books","og_description":"\u00bfQu\u00e9 son las cookies? Las cookies son archivos que contienen informaci\u00f3n y que se generan en el dispositivo del usuario cuando navega por una p\u00e1gina web. &nbsp; \u00bfQu\u00e9 tipo de cookies hay? Seg\u00fan la entidad que las gestiona Propias: Son aquellas que se recogen por el mismo editor para ofrecer el servicio solicitado por el [&hellip;]","og_url":"https:\/\/elastic-books.com\/es\/politica-de-cookies\/","og_site_name":"Elastic Books","article_publisher":"https:\/\/www.facebook.com\/people\/Reemocioart\/100076073310442\/","article_modified_time":"2025-02-11T09:25:05+00:00","twitter_card":"summary_large_image","schema":{"@context":"https:\/\/schema.org","@graph":[{"@type":"WebPage","@id":"https:\/\/elastic-books.com\/es\/politica-de-cookies\/","url":"https:\/\/elastic-books.com\/es\/politica-de-cookies\/","name":"Pol\u00edtica de Cookies - Elastic Books","isPartOf":{"@id":"https:\/\/elastic-books.com\/#website"},"datePublished":"2023-10-11T16:04:57+00:00","dateModified":"2025-02-11T09:25:05+00:00","breadcrumb":{"@id":"https:\/\/elastic-books.com\/es\/politica-de-cookies\/#breadcrumb"},"inLanguage":"es","potentialAction":[{"@type":"ReadAction","target":["https:\/\/elastic-books.com\/es\/politica-de-cookies\/"]}]},{"@type":"BreadcrumbList","@id":"https:\/\/elastic-books.com\/es\/politica-de-cookies\/#breadcrumb","itemListElement":[{"@type":"ListItem","position":1,"name":"Portada","item":"https:\/\/elastic-books.com\/es\/"},{"@type":"ListItem","position":2,"name":"Pol\u00edtica de Cookies"}]},{"@type":"WebSite","@id":"https:\/\/elastic-books.com\/#website","url":"https:\/\/elastic-books.com\/","name":"Elastic Books","description":"","publisher":{"@id":"https:\/\/elastic-books.com\/#organization"},"alternateName":"Velas naturales","potentialAction":[{"@type":"SearchAction","target":{"@type":"EntryPoint","urlTemplate":"https:\/\/elastic-books.com\/?s={search_term_string}"},"query-input":{"@type":"PropertyValueSpecification","valueRequired":true,"valueName":"search_term_string"}}],"inLanguage":"es"},{"@type":"Organization","@id":"https:\/\/elastic-books.com\/#organization","name":"Reemocioart","alternateName":"Reemocioart","url":"https:\/\/elastic-books.com\/","logo":{"@type":"ImageObject","inLanguage":"es","@id":"https:\/\/elastic-books.com\/#\/schema\/logo\/image\/","url":"http:\/\/www.reemocioart.com.mialias.net\/wp-content\/uploads\/logo-footer.svg","contentUrl":"http:\/\/www.reemocioart.com.mialias.net\/wp-content\/uploads\/logo-footer.svg","width":155,"height":120,"caption":"Reemocioart"},"image":{"@id":"https:\/\/elastic-books.com\/#\/schema\/logo\/image\/"},"sameAs":["https:\/\/www.facebook.com\/people\/Reemocioart\/100076073310442\/","https:\/\/www.instagram.com\/reemocioart\/"]}]}},"_links":{"self":[{"href":"https:\/\/elastic-books.com\/es\/wp-json\/wp\/v2\/pages\/2457","targetHints":{"allow":["GET"]}}],"collection":[{"href":"https:\/\/elastic-books.com\/es\/wp-json\/wp\/v2\/pages"}],"about":[{"href":"https:\/\/elastic-books.com\/es\/wp-json\/wp\/v2\/types\/page"}],"author":[{"embeddable":true,"href":"https:\/\/elastic-books.com\/es\/wp-json\/wp\/v2\/users\/2"}],"replies":[{"embeddable":true,"href":"https:\/\/elastic-books.com\/es\/wp-json\/wp\/v2\/comments?post=2457"}],"version-history":[{"count":1,"href":"https:\/\/elastic-books.com\/es\/wp-json\/wp\/v2\/pages\/2457\/revisions"}],"predecessor-version":[{"id":2458,"href":"https:\/\/elastic-books.com\/es\/wp-json\/wp\/v2\/pages\/2457\/revisions\/2458"}],"wp:attachment":[{"href":"https:\/\/elastic-books.com\/es\/wp-json\/wp\/v2\/media?parent=2457"}],"curies":[{"name":"wp","href":"https:\/\/api.w.org\/{rel}","templated":true}]}}