{"id":2461,"date":"2025-01-30T12:05:54","date_gmt":"2025-01-30T11:05:54","guid":{"rendered":"https:\/\/elastic-books.com\/?page_id=2461"},"modified":"2025-02-12T10:53:07","modified_gmt":"2025-02-12T09:53:07","slug":"autoras","status":"publish","type":"page","link":"https:\/\/elastic-books.com\/es\/autoras\/","title":{"rendered":"Autoras"},"content":{"rendered":"<div id=\"pl-2461\"  class=\"panel-layout\" ><div id=\"pg-2461-0\"  class=\"panel-grid panel-no-style\" ><div id=\"pgc-2461-0-0\"  class=\"panel-grid-cell\" ><ul class=\"loop-autores\"><li><a href=\"https:\/\/elastic-books.com\/es\/autor\/iria-y-selene\/\"><img width=\"1153\" height=\"1153\" src=\"https:\/\/elastic-books.com\/wp-content\/uploads\/iria-y-selene-1.jpg\" class=\"attachment-img_autor size-img_autor wp-post-image\" alt=\"\" srcset=\"https:\/\/elastic-books.com\/wp-content\/uploads\/iria-y-selene-1.jpg 1153w, https:\/\/elastic-books.com\/wp-content\/uploads\/iria-y-selene-1-380x380.jpg 380w, https:\/\/elastic-books.com\/wp-content\/uploads\/iria-y-selene-1-1024x1024.jpg 1024w, https:\/\/elastic-books.com\/wp-content\/uploads\/iria-y-selene-1-150x150.jpg 150w, https:\/\/elastic-books.com\/wp-content\/uploads\/iria-y-selene-1-460x460.jpg 460w\" sizes=\"auto, (max-width: 1153px) 100vw, 1153px\" decoding=\"async\" fetchpriority=\"high\" \/ loading=\"lazy\"><h2>Iria G. Parente y Selene M. Pascual<\/h2><\/a><\/li><li><a href=\"https:\/\/elastic-books.com\/es\/autor\/adolescents\/\"><img decoding=\"async\" src=\"\/wp-content\/uploads\/placeholder-c.jpg\" class=\"wp-post-image\" \/ loading=\"lazy\" fetchpriority=\"low\"> <h2>Adolescents<\/h2><\/a><\/li><li><a href=\"https:\/\/elastic-books.com\/es\/autor\/adolescents-la-serie\/\"><img decoding=\"async\" src=\"\/wp-content\/uploads\/placeholder-c.jpg\" class=\"wp-post-image\" \/ loading=\"lazy\" fetchpriority=\"low\"> <h2>Adolescents. La serie<\/h2><\/a><\/li><li><a href=\"https:\/\/elastic-books.com\/es\/autor\/martin-pinol\/\"><img width=\"1707\" height=\"2560\" src=\"https:\/\/elastic-books.com\/wp-content\/uploads\/Martin-Pinol-2024-alta-c-Natalia-Regas-scaled-e1751030739140.jpeg\" class=\"attachment-img_autor size-img_autor wp-post-image\" alt=\"\" loading=\"lazy\" decoding=\"async\" fetchpriority=\"low\" \/><h2>Mart\u00edn Pi\u00f1ol<\/h2><\/a><\/li><li><a href=\"https:\/\/elastic-books.com\/es\/autor\/mariona-bessa\/\"><img width=\"1500\" height=\"1500\" src=\"https:\/\/elastic-books.com\/wp-content\/uploads\/Mariona-bessa-e1751030577647.jpeg\" class=\"attachment-img_autor size-img_autor wp-post-image\" alt=\"\" srcset=\"https:\/\/elastic-books.com\/wp-content\/uploads\/Mariona-bessa-e1751030577647.jpeg 1500w, https:\/\/elastic-books.com\/wp-content\/uploads\/Mariona-bessa-e1751030577647-380x380.jpeg 380w, https:\/\/elastic-books.com\/wp-content\/uploads\/Mariona-bessa-e1751030577647-1024x1024.jpeg 1024w, https:\/\/elastic-books.com\/wp-content\/uploads\/Mariona-bessa-e1751030577647-150x150.jpeg 150w, https:\/\/elastic-books.com\/wp-content\/uploads\/Mariona-bessa-e1751030577647-460x460.jpeg 460w, https:\/\/elastic-books.com\/wp-content\/uploads\/Mariona-bessa-e1751030577647-768x768.jpeg 768w, https:\/\/elastic-books.com\/wp-content\/uploads\/Mariona-bessa-e1751030577647-300x300.jpeg 300w, https:\/\/elastic-books.com\/wp-content\/uploads\/Mariona-bessa-e1751030577647-400x400.jpeg 400w, https:\/\/elastic-books.com\/wp-content\/uploads\/Mariona-bessa-e1751030577647-600x600.jpeg 600w, https:\/\/elastic-books.com\/wp-content\/uploads\/Mariona-bessa-e1751030577647-500x500.jpeg 500w, https:\/\/elastic-books.com\/wp-content\/uploads\/Mariona-bessa-e1751030577647-100x100.jpeg 100w\" sizes=\"auto, (max-width: 1500px) 100vw, 1500px\" loading=\"lazy\" decoding=\"async\" fetchpriority=\"low\" \/><h2>Mariona Bessa<\/h2><\/a><\/li><li><a href=\"https:\/\/elastic-books.com\/es\/autor\/julie-berry\/\"><img width=\"1200\" height=\"1200\" src=\"https:\/\/elastic-books.com\/wp-content\/uploads\/julie-berry-01-e1769676836899.jpg\" class=\"attachment-img_autor size-img_autor wp-post-image\" alt=\"\" srcset=\"https:\/\/elastic-books.com\/wp-content\/uploads\/julie-berry-01-e1769676836899.jpg 1200w, https:\/\/elastic-books.com\/wp-content\/uploads\/julie-berry-01-e1769676836899-380x380.jpg 380w, https:\/\/elastic-books.com\/wp-content\/uploads\/julie-berry-01-e1769676836899-1024x1024.jpg 1024w, https:\/\/elastic-books.com\/wp-content\/uploads\/julie-berry-01-e1769676836899-150x150.jpg 150w, https:\/\/elastic-books.com\/wp-content\/uploads\/julie-berry-01-e1769676836899-460x460.jpg 460w, https:\/\/elastic-books.com\/wp-content\/uploads\/julie-berry-01-e1769676836899-768x768.jpg 768w, https:\/\/elastic-books.com\/wp-content\/uploads\/julie-berry-01-e1769676836899-300x300.jpg 300w, https:\/\/elastic-books.com\/wp-content\/uploads\/julie-berry-01-e1769676836899-400x400.jpg 400w, https:\/\/elastic-books.com\/wp-content\/uploads\/julie-berry-01-e1769676836899-600x600.jpg 600w, https:\/\/elastic-books.com\/wp-content\/uploads\/julie-berry-01-e1769676836899-500x500.jpg 500w, https:\/\/elastic-books.com\/wp-content\/uploads\/julie-berry-01-e1769676836899-100x100.jpg 100w\" sizes=\"auto, (max-width: 1200px) 100vw, 1200px\" loading=\"lazy\" decoding=\"async\" fetchpriority=\"low\" \/><h2>Julie Berry<\/h2><\/a><\/li><li><a href=\"https:\/\/elastic-books.com\/es\/autor\/nuria-alberti-martinez-de-velasco\/\"><img width=\"257\" height=\"259\" src=\"https:\/\/elastic-books.com\/wp-content\/uploads\/nuria-alberti-1.jpeg\" class=\"attachment-img_autor size-img_autor wp-post-image\" alt=\"\" srcset=\"https:\/\/elastic-books.com\/wp-content\/uploads\/nuria-alberti-1.jpeg 257w, https:\/\/elastic-books.com\/wp-content\/uploads\/nuria-alberti-1-150x150.jpeg 150w\" sizes=\"auto, (max-width: 257px) 100vw, 257px\" loading=\"lazy\" decoding=\"async\" fetchpriority=\"low\" \/><h2>N\u00faria Albert\u00ed Mart\u00ednez de Velasco<\/h2><\/a><\/li><li><a href=\"https:\/\/elastic-books.com\/es\/autor\/costa-alcala\/\"><img decoding=\"async\" src=\"\/wp-content\/uploads\/placeholder-c.jpg\" class=\"wp-post-image\" \/ loading=\"lazy\" fetchpriority=\"low\"> <h2>Costa Alcal\u00e1<\/h2><\/a><\/li><li><a href=\"https:\/\/elastic-books.com\/es\/autor\/javi-araguz\/\"><img width=\"560\" height=\"560\" src=\"https:\/\/elastic-books.com\/wp-content\/uploads\/foto-javi-araguz.jpg\" class=\"attachment-img_autor size-img_autor wp-post-image\" alt=\"\" srcset=\"https:\/\/elastic-books.com\/wp-content\/uploads\/foto-javi-araguz.jpg 560w, https:\/\/elastic-books.com\/wp-content\/uploads\/foto-javi-araguz-380x380.jpg 380w, https:\/\/elastic-books.com\/wp-content\/uploads\/foto-javi-araguz-150x150.jpg 150w, https:\/\/elastic-books.com\/wp-content\/uploads\/foto-javi-araguz-460x460.jpg 460w\" sizes=\"auto, (max-width: 560px) 100vw, 560px\" loading=\"lazy\" decoding=\"async\" fetchpriority=\"low\" \/><h2>Javi Araguz<\/h2><\/a><\/li><li><a href=\"https:\/\/elastic-books.com\/es\/autor\/yaiza-b-g\/\"><img decoding=\"async\" src=\"\/wp-content\/uploads\/placeholder-c.jpg\" class=\"wp-post-image\" \/ loading=\"lazy\" fetchpriority=\"low\"> <h2>Yaiza B.G.<\/h2><\/a><\/li><li><a href=\"https:\/\/elastic-books.com\/es\/autor\/carles-batlle-i-jorda\/\"><img decoding=\"async\" src=\"\/wp-content\/uploads\/placeholder-c.jpg\" class=\"wp-post-image\" \/ loading=\"lazy\" fetchpriority=\"low\"> <h2>Carles Batlle i Jord\u00e0<\/h2><\/a><\/li><li><a href=\"https:\/\/elastic-books.com\/es\/autor\/robin-benway\/\"><img decoding=\"async\" src=\"\/wp-content\/uploads\/placeholder-c.jpg\" class=\"wp-post-image\" \/ loading=\"lazy\" fetchpriority=\"low\"> <h2>Robin Benway<\/h2><\/a><\/li><li><a href=\"https:\/\/elastic-books.com\/es\/autor\/estela-bescos\/\"><img width=\"1317\" height=\"1317\" src=\"https:\/\/elastic-books.com\/wp-content\/uploads\/Foto-Estela-Bescos-e1751886323616.jpg\" class=\"attachment-img_autor size-img_autor wp-post-image\" alt=\"\" srcset=\"https:\/\/elastic-books.com\/wp-content\/uploads\/Foto-Estela-Bescos-e1751886323616.jpg 1317w, https:\/\/elastic-books.com\/wp-content\/uploads\/Foto-Estela-Bescos-e1751886323616-380x380.jpg 380w, https:\/\/elastic-books.com\/wp-content\/uploads\/Foto-Estela-Bescos-e1751886323616-1024x1024.jpg 1024w, https:\/\/elastic-books.com\/wp-content\/uploads\/Foto-Estela-Bescos-e1751886323616-150x150.jpg 150w, https:\/\/elastic-books.com\/wp-content\/uploads\/Foto-Estela-Bescos-e1751886323616-460x460.jpg 460w, https:\/\/elastic-books.com\/wp-content\/uploads\/Foto-Estela-Bescos-e1751886323616-768x768.jpg 768w, https:\/\/elastic-books.com\/wp-content\/uploads\/Foto-Estela-Bescos-e1751886323616-300x300.jpg 300w, https:\/\/elastic-books.com\/wp-content\/uploads\/Foto-Estela-Bescos-e1751886323616-400x400.jpg 400w, https:\/\/elastic-books.com\/wp-content\/uploads\/Foto-Estela-Bescos-e1751886323616-600x600.jpg 600w, https:\/\/elastic-books.com\/wp-content\/uploads\/Foto-Estela-Bescos-e1751886323616-500x500.jpg 500w, https:\/\/elastic-books.com\/wp-content\/uploads\/Foto-Estela-Bescos-e1751886323616-100x100.jpg 100w\" sizes=\"auto, (max-width: 1317px) 100vw, 1317px\" loading=\"lazy\" decoding=\"async\" fetchpriority=\"low\" \/><h2>Estela Besc\u00f3s<\/h2><\/a><\/li><li><a href=\"https:\/\/elastic-books.com\/es\/autor\/holly-bourne\/\"><img decoding=\"async\" src=\"\/wp-content\/uploads\/placeholder-c.jpg\" class=\"wp-post-image\" \/ loading=\"lazy\" fetchpriority=\"low\"> <h2>Holly Bourne<\/h2><\/a><\/li><li><a href=\"https:\/\/elastic-books.com\/es\/autor\/angel-burgas\/\"><img decoding=\"async\" src=\"\/wp-content\/uploads\/placeholder-c.jpg\" class=\"wp-post-image\" \/ loading=\"lazy\" fetchpriority=\"low\"> <h2>\u00c0ngel Burgas<\/h2><\/a><\/li><li><a href=\"https:\/\/elastic-books.com\/es\/autor\/roger-carandell\/\"><img decoding=\"async\" src=\"\/wp-content\/uploads\/placeholder-c.jpg\" class=\"wp-post-image\" \/ loading=\"lazy\" fetchpriority=\"low\"> <h2>Roger Carandell<\/h2><\/a><\/li><li><a href=\"https:\/\/elastic-books.com\/es\/autor\/rocio-carmona\/\"><img decoding=\"async\" src=\"\/wp-content\/uploads\/placeholder-c.jpg\" class=\"wp-post-image\" \/ loading=\"lazy\" fetchpriority=\"low\"> <h2>Roc\u00edo Carmona<\/h2><\/a><\/li><li><a href=\"https:\/\/elastic-books.com\/es\/autor\/maite-carranza\/\"><img decoding=\"async\" src=\"\/wp-content\/uploads\/placeholder-c.jpg\" class=\"wp-post-image\" \/ loading=\"lazy\" fetchpriority=\"low\"> <h2>Maite Carranza<\/h2><\/a><\/li><li><a href=\"https:\/\/elastic-books.com\/es\/autor\/raquel-casas\/\"><img width=\"775\" height=\"775\" src=\"https:\/\/elastic-books.com\/wp-content\/uploads\/Omnium_NitDeSantaLlucia_Raquel_Casas_Agusti-1-e1751031461980.jpg\" class=\"attachment-img_autor size-img_autor wp-post-image\" alt=\"\" srcset=\"https:\/\/elastic-books.com\/wp-content\/uploads\/Omnium_NitDeSantaLlucia_Raquel_Casas_Agusti-1-e1751031461980.jpg 775w, https:\/\/elastic-books.com\/wp-content\/uploads\/Omnium_NitDeSantaLlucia_Raquel_Casas_Agusti-1-e1751031461980-380x380.jpg 380w, https:\/\/elastic-books.com\/wp-content\/uploads\/Omnium_NitDeSantaLlucia_Raquel_Casas_Agusti-1-e1751031461980-150x150.jpg 150w, https:\/\/elastic-books.com\/wp-content\/uploads\/Omnium_NitDeSantaLlucia_Raquel_Casas_Agusti-1-e1751031461980-460x460.jpg 460w, https:\/\/elastic-books.com\/wp-content\/uploads\/Omnium_NitDeSantaLlucia_Raquel_Casas_Agusti-1-e1751031461980-768x768.jpg 768w, https:\/\/elastic-books.com\/wp-content\/uploads\/Omnium_NitDeSantaLlucia_Raquel_Casas_Agusti-1-e1751031461980-300x300.jpg 300w, https:\/\/elastic-books.com\/wp-content\/uploads\/Omnium_NitDeSantaLlucia_Raquel_Casas_Agusti-1-e1751031461980-400x400.jpg 400w, https:\/\/elastic-books.com\/wp-content\/uploads\/Omnium_NitDeSantaLlucia_Raquel_Casas_Agusti-1-e1751031461980-600x600.jpg 600w, https:\/\/elastic-books.com\/wp-content\/uploads\/Omnium_NitDeSantaLlucia_Raquel_Casas_Agusti-1-e1751031461980-500x500.jpg 500w, https:\/\/elastic-books.com\/wp-content\/uploads\/Omnium_NitDeSantaLlucia_Raquel_Casas_Agusti-1-e1751031461980-100x100.jpg 100w\" sizes=\"auto, (max-width: 775px) 100vw, 775px\" loading=\"lazy\" decoding=\"async\" fetchpriority=\"low\" \/><h2>Raquel Casas<\/h2><\/a><\/li><li><a href=\"https:\/\/elastic-books.com\/es\/autor\/jennifer-castle\/\"><img decoding=\"async\" src=\"\/wp-content\/uploads\/placeholder-c.jpg\" class=\"wp-post-image\" \/ loading=\"lazy\" fetchpriority=\"low\"> <h2>Jennifer Castle<\/h2><\/a><\/li><li><a href=\"https:\/\/elastic-books.com\/es\/autor\/jaume-cela\/\"><img decoding=\"async\" src=\"\/wp-content\/uploads\/placeholder-c.jpg\" class=\"wp-post-image\" \/ loading=\"lazy\" fetchpriority=\"low\"> <h2>Jaume Cela<\/h2><\/a><\/li><li><a href=\"https:\/\/elastic-books.com\/es\/autor\/xavier-cela\/\"><img decoding=\"async\" src=\"\/wp-content\/uploads\/placeholder-c.jpg\" class=\"wp-post-image\" \/ loading=\"lazy\" fetchpriority=\"low\"> <h2>Xavier Cela<\/h2><\/a><\/li><li><a href=\"https:\/\/elastic-books.com\/es\/autor\/ernest-codina\/\"><img decoding=\"async\" src=\"\/wp-content\/uploads\/placeholder-c.jpg\" class=\"wp-post-image\" \/ loading=\"lazy\" fetchpriority=\"low\"> <h2>Ernest Codina<\/h2><\/a><\/li><li><a href=\"https:\/\/elastic-books.com\/es\/autor\/kresley-cole\/\"><img width=\"421\" height=\"421\" src=\"https:\/\/elastic-books.com\/wp-content\/uploads\/Kresley-Cole.jpeg\" class=\"attachment-img_autor size-img_autor wp-post-image\" alt=\"\" srcset=\"https:\/\/elastic-books.com\/wp-content\/uploads\/Kresley-Cole.jpeg 421w, https:\/\/elastic-books.com\/wp-content\/uploads\/Kresley-Cole-380x380.jpeg 380w, https:\/\/elastic-books.com\/wp-content\/uploads\/Kresley-Cole-150x150.jpeg 150w\" sizes=\"auto, (max-width: 421px) 100vw, 421px\" loading=\"lazy\" decoding=\"async\" fetchpriority=\"low\" \/><h2>Kresley Cole<\/h2><\/a><\/li><li><a href=\"https:\/\/elastic-books.com\/es\/autor\/clara-cortes\/\"><img width=\"1071\" height=\"1071\" src=\"https:\/\/elastic-books.com\/wp-content\/uploads\/clara-cortes.jpg\" class=\"attachment-img_autor size-img_autor wp-post-image\" alt=\"\" srcset=\"https:\/\/elastic-books.com\/wp-content\/uploads\/clara-cortes.jpg 1071w, https:\/\/elastic-books.com\/wp-content\/uploads\/clara-cortes-380x380.jpg 380w, https:\/\/elastic-books.com\/wp-content\/uploads\/clara-cortes-1024x1024.jpg 1024w, https:\/\/elastic-books.com\/wp-content\/uploads\/clara-cortes-150x150.jpg 150w, https:\/\/elastic-books.com\/wp-content\/uploads\/clara-cortes-460x460.jpg 460w\" sizes=\"auto, (max-width: 1071px) 100vw, 1071px\" loading=\"lazy\" decoding=\"async\" fetchpriority=\"low\" \/><h2>Clara Cort\u00e9s<\/h2><\/a><\/li><li><a href=\"https:\/\/elastic-books.com\/es\/autor\/kimberly-derting\/\"><img decoding=\"async\" src=\"\/wp-content\/uploads\/placeholder-c.jpg\" class=\"wp-post-image\" \/ loading=\"lazy\" fetchpriority=\"low\"> <h2>Kimberly Derting<\/h2><\/a><\/li><li><a href=\"https:\/\/elastic-books.com\/es\/autor\/clara-duarte\/\"><img width=\"2147\" height=\"2147\" src=\"https:\/\/elastic-books.com\/wp-content\/uploads\/duarte-clara-1.jpg\" class=\"attachment-img_autor size-img_autor wp-post-image\" alt=\"\" srcset=\"https:\/\/elastic-books.com\/wp-content\/uploads\/duarte-clara-1.jpg 2147w, https:\/\/elastic-books.com\/wp-content\/uploads\/duarte-clara-1-380x380.jpg 380w, https:\/\/elastic-books.com\/wp-content\/uploads\/duarte-clara-1-1024x1024.jpg 1024w, https:\/\/elastic-books.com\/wp-content\/uploads\/duarte-clara-1-150x150.jpg 150w, https:\/\/elastic-books.com\/wp-content\/uploads\/duarte-clara-1-460x460.jpg 460w\" sizes=\"auto, (max-width: 2147px) 100vw, 2147px\" loading=\"lazy\" decoding=\"async\" fetchpriority=\"low\" \/><h2>Clara Duarte<\/h2><\/a><\/li><li><a href=\"https:\/\/elastic-books.com\/es\/autor\/david-escamilla\/\"><img decoding=\"async\" src=\"\/wp-content\/uploads\/placeholder-c.jpg\" class=\"wp-post-image\" \/ loading=\"lazy\" fetchpriority=\"low\"> <h2>David Escamilla<\/h2><\/a><\/li><li><a href=\"https:\/\/elastic-books.com\/es\/autor\/beatriz-esteban\/\"><img decoding=\"async\" src=\"\/wp-content\/uploads\/placeholder-c.jpg\" class=\"wp-post-image\" \/ loading=\"lazy\" fetchpriority=\"low\"> <h2>Beatriz Esteban<\/h2><\/a><\/li><li><a href=\"https:\/\/elastic-books.com\/es\/autor\/jenna-evans-welch\/\"><img decoding=\"async\" src=\"\/wp-content\/uploads\/placeholder-c.jpg\" class=\"wp-post-image\" \/ loading=\"lazy\" fetchpriority=\"low\"> <h2>Jenna Evans Welch<\/h2><\/a><\/li><\/ul><div class=\"loadmore\"><a href=\"javascript:;\" class=\"btgenerico\" onclick=\"load_more('es', 'autor', 3, '', '', '', '', '')\">Cargar m\u00e1s<\/a><\/div><div id=\"panel-2461-0-0-0\" class=\"so-panel widget widget_sow-editor panel-first-child panel-last-child\" data-index=\"0\" ><div\n\t\t\t\n\t\t\tclass=\"so-widget-sow-editor so-widget-sow-editor-base\"\n\t\t\t\n\t\t>\n<div class=\"siteorigin-widget-tinymce textwidget\">\n\t\n<\/div>\n<\/div><\/div><\/div><\/div><\/div>","protected":false},"excerpt":{"rendered":"<p>Iria G. Parente y Selene M. Pascual Adolescents Adolescents. La serieMart\u00edn Pi\u00f1olMariona BessaJulie BerryN\u00faria Albert\u00ed Mart\u00ednez de Velasco Costa Alcal\u00e1Javi Araguz Yaiza B.G. Carles Batlle i Jord\u00e0 Robin BenwayEstela Besc\u00f3s Holly Bourne \u00c0ngel Burgas Roger Carandell Roc\u00edo Carmona Maite CarranzaRaquel Casas Jennifer Castle Jaume Cela Xavier Cela Ernest CodinaKresley ColeClara Cort\u00e9s Kimberly DertingClara Duarte David [&hellip;]<\/p>\n","protected":false},"author":2,"featured_media":0,"parent":0,"menu_order":3,"comment_status":"closed","ping_status":"closed","template":"template-fullwidth.php","meta":{"_acf_changed":false,"_monsterinsights_skip_tracking":false,"_monsterinsights_sitenote_active":false,"_monsterinsights_sitenote_note":"","_monsterinsights_sitenote_category":0,"footnotes":""},"class_list":["post-2461","page","type-page","status-publish","hentry"],"acf":[],"yoast_head":"<!-- This site is optimized with the Yoast SEO plugin v27.5 - https:\/\/yoast.com\/product\/yoast-seo-wordpress\/ -->\n<title>Autoras - Elastic Books<\/title>\n<meta name=\"robots\" content=\"index, follow, max-snippet:-1, max-image-preview:large, max-video-preview:-1\" \/>\n<link rel=\"canonical\" href=\"https:\/\/elastic-books.com\/es\/autoras\/\" \/>\n<meta property=\"og:locale\" content=\"es_ES\" \/>\n<meta property=\"og:type\" content=\"article\" \/>\n<meta property=\"og:title\" content=\"Autoras - Elastic Books\" \/>\n<meta property=\"og:description\" content=\"Iria G. Parente y Selene M. Pascual Adolescents Adolescents. La serieMart\u00edn Pi\u00f1olMariona BessaJulie BerryN\u00faria Albert\u00ed Mart\u00ednez de Velasco Costa Alcal\u00e1Javi Araguz Yaiza B.G. Carles Batlle i Jord\u00e0 Robin BenwayEstela Besc\u00f3s Holly Bourne \u00c0ngel Burgas Roger Carandell Roc\u00edo Carmona Maite CarranzaRaquel Casas Jennifer Castle Jaume Cela Xavier Cela Ernest CodinaKresley ColeClara Cort\u00e9s Kimberly DertingClara Duarte David [&hellip;]\" \/>\n<meta property=\"og:url\" content=\"https:\/\/elastic-books.com\/es\/autoras\/\" \/>\n<meta property=\"og:site_name\" content=\"Elastic Books\" \/>\n<meta property=\"article:publisher\" content=\"https:\/\/www.facebook.com\/people\/Reemocioart\/100076073310442\/\" \/>\n<meta property=\"article:modified_time\" content=\"2025-02-12T09:53:07+00:00\" \/>\n<meta name=\"twitter:card\" content=\"summary_large_image\" \/>\n<script type=\"application\/ld+json\" class=\"yoast-schema-graph\">{\"@context\":\"https:\\\/\\\/schema.org\",\"@graph\":[{\"@type\":\"WebPage\",\"@id\":\"https:\\\/\\\/elastic-books.com\\\/es\\\/autoras\\\/\",\"url\":\"https:\\\/\\\/elastic-books.com\\\/es\\\/autoras\\\/\",\"name\":\"Autoras - Elastic Books\",\"isPartOf\":{\"@id\":\"https:\\\/\\\/elastic-books.com\\\/#website\"},\"datePublished\":\"2025-01-30T11:05:54+00:00\",\"dateModified\":\"2025-02-12T09:53:07+00:00\",\"breadcrumb\":{\"@id\":\"https:\\\/\\\/elastic-books.com\\\/es\\\/autoras\\\/#breadcrumb\"},\"inLanguage\":\"es\",\"potentialAction\":[{\"@type\":\"ReadAction\",\"target\":[\"https:\\\/\\\/elastic-books.com\\\/es\\\/autoras\\\/\"]}]},{\"@type\":\"BreadcrumbList\",\"@id\":\"https:\\\/\\\/elastic-books.com\\\/es\\\/autoras\\\/#breadcrumb\",\"itemListElement\":[{\"@type\":\"ListItem\",\"position\":1,\"name\":\"Portada\",\"item\":\"https:\\\/\\\/elastic-books.com\\\/es\\\/\"},{\"@type\":\"ListItem\",\"position\":2,\"name\":\"Autoras\"}]},{\"@type\":\"WebSite\",\"@id\":\"https:\\\/\\\/elastic-books.com\\\/#website\",\"url\":\"https:\\\/\\\/elastic-books.com\\\/\",\"name\":\"Elastic Books\",\"description\":\"\",\"publisher\":{\"@id\":\"https:\\\/\\\/elastic-books.com\\\/#organization\"},\"alternateName\":\"Velas naturales\",\"potentialAction\":[{\"@type\":\"SearchAction\",\"target\":{\"@type\":\"EntryPoint\",\"urlTemplate\":\"https:\\\/\\\/elastic-books.com\\\/?s={search_term_string}\"},\"query-input\":{\"@type\":\"PropertyValueSpecification\",\"valueRequired\":true,\"valueName\":\"search_term_string\"}}],\"inLanguage\":\"es\"},{\"@type\":\"Organization\",\"@id\":\"https:\\\/\\\/elastic-books.com\\\/#organization\",\"name\":\"Reemocioart\",\"alternateName\":\"Reemocioart\",\"url\":\"https:\\\/\\\/elastic-books.com\\\/\",\"logo\":{\"@type\":\"ImageObject\",\"inLanguage\":\"es\",\"@id\":\"https:\\\/\\\/elastic-books.com\\\/#\\\/schema\\\/logo\\\/image\\\/\",\"url\":\"http:\\\/\\\/www.reemocioart.com.mialias.net\\\/wp-content\\\/uploads\\\/logo-footer.svg\",\"contentUrl\":\"http:\\\/\\\/www.reemocioart.com.mialias.net\\\/wp-content\\\/uploads\\\/logo-footer.svg\",\"width\":155,\"height\":120,\"caption\":\"Reemocioart\"},\"image\":{\"@id\":\"https:\\\/\\\/elastic-books.com\\\/#\\\/schema\\\/logo\\\/image\\\/\"},\"sameAs\":[\"https:\\\/\\\/www.facebook.com\\\/people\\\/Reemocioart\\\/100076073310442\\\/\",\"https:\\\/\\\/www.instagram.com\\\/reemocioart\\\/\"]}]}<\/script>\n<!-- \/ Yoast SEO plugin. -->","yoast_head_json":{"title":"Autoras - Elastic Books","robots":{"index":"index","follow":"follow","max-snippet":"max-snippet:-1","max-image-preview":"max-image-preview:large","max-video-preview":"max-video-preview:-1"},"canonical":"https:\/\/elastic-books.com\/es\/autoras\/","og_locale":"es_ES","og_type":"article","og_title":"Autoras - Elastic Books","og_description":"Iria G. Parente y Selene M. Pascual Adolescents Adolescents. La serieMart\u00edn Pi\u00f1olMariona BessaJulie BerryN\u00faria Albert\u00ed Mart\u00ednez de Velasco Costa Alcal\u00e1Javi Araguz Yaiza B.G. Carles Batlle i Jord\u00e0 Robin BenwayEstela Besc\u00f3s Holly Bourne \u00c0ngel Burgas Roger Carandell Roc\u00edo Carmona Maite CarranzaRaquel Casas Jennifer Castle Jaume Cela Xavier Cela Ernest CodinaKresley ColeClara Cort\u00e9s Kimberly DertingClara Duarte David [&hellip;]","og_url":"https:\/\/elastic-books.com\/es\/autoras\/","og_site_name":"Elastic Books","article_publisher":"https:\/\/www.facebook.com\/people\/Reemocioart\/100076073310442\/","article_modified_time":"2025-02-12T09:53:07+00:00","twitter_card":"summary_large_image","schema":{"@context":"https:\/\/schema.org","@graph":[{"@type":"WebPage","@id":"https:\/\/elastic-books.com\/es\/autoras\/","url":"https:\/\/elastic-books.com\/es\/autoras\/","name":"Autoras - Elastic Books","isPartOf":{"@id":"https:\/\/elastic-books.com\/#website"},"datePublished":"2025-01-30T11:05:54+00:00","dateModified":"2025-02-12T09:53:07+00:00","breadcrumb":{"@id":"https:\/\/elastic-books.com\/es\/autoras\/#breadcrumb"},"inLanguage":"es","potentialAction":[{"@type":"ReadAction","target":["https:\/\/elastic-books.com\/es\/autoras\/"]}]},{"@type":"BreadcrumbList","@id":"https:\/\/elastic-books.com\/es\/autoras\/#breadcrumb","itemListElement":[{"@type":"ListItem","position":1,"name":"Portada","item":"https:\/\/elastic-books.com\/es\/"},{"@type":"ListItem","position":2,"name":"Autoras"}]},{"@type":"WebSite","@id":"https:\/\/elastic-books.com\/#website","url":"https:\/\/elastic-books.com\/","name":"Elastic Books","description":"","publisher":{"@id":"https:\/\/elastic-books.com\/#organization"},"alternateName":"Velas naturales","potentialAction":[{"@type":"SearchAction","target":{"@type":"EntryPoint","urlTemplate":"https:\/\/elastic-books.com\/?s={search_term_string}"},"query-input":{"@type":"PropertyValueSpecification","valueRequired":true,"valueName":"search_term_string"}}],"inLanguage":"es"},{"@type":"Organization","@id":"https:\/\/elastic-books.com\/#organization","name":"Reemocioart","alternateName":"Reemocioart","url":"https:\/\/elastic-books.com\/","logo":{"@type":"ImageObject","inLanguage":"es","@id":"https:\/\/elastic-books.com\/#\/schema\/logo\/image\/","url":"http:\/\/www.reemocioart.com.mialias.net\/wp-content\/uploads\/logo-footer.svg","contentUrl":"http:\/\/www.reemocioart.com.mialias.net\/wp-content\/uploads\/logo-footer.svg","width":155,"height":120,"caption":"Reemocioart"},"image":{"@id":"https:\/\/elastic-books.com\/#\/schema\/logo\/image\/"},"sameAs":["https:\/\/www.facebook.com\/people\/Reemocioart\/100076073310442\/","https:\/\/www.instagram.com\/reemocioart\/"]}]}},"_links":{"self":[{"href":"https:\/\/elastic-books.com\/es\/wp-json\/wp\/v2\/pages\/2461","targetHints":{"allow":["GET"]}}],"collection":[{"href":"https:\/\/elastic-books.com\/es\/wp-json\/wp\/v2\/pages"}],"about":[{"href":"https:\/\/elastic-books.com\/es\/wp-json\/wp\/v2\/types\/page"}],"author":[{"embeddable":true,"href":"https:\/\/elastic-books.com\/es\/wp-json\/wp\/v2\/users\/2"}],"replies":[{"embeddable":true,"href":"https:\/\/elastic-books.com\/es\/wp-json\/wp\/v2\/comments?post=2461"}],"version-history":[{"count":1,"href":"https:\/\/elastic-books.com\/es\/wp-json\/wp\/v2\/pages\/2461\/revisions"}],"predecessor-version":[{"id":2462,"href":"https:\/\/elastic-books.com\/es\/wp-json\/wp\/v2\/pages\/2461\/revisions\/2462"}],"wp:attachment":[{"href":"https:\/\/elastic-books.com\/es\/wp-json\/wp\/v2\/media?parent=2461"}],"curies":[{"name":"wp","href":"https:\/\/api.w.org\/{rel}","templated":true}]}}