{"id":2232,"date":"2023-06-01T00:00:00","date_gmt":"2023-05-31T22:00:00","guid":{"rendered":"https:\/\/elastic-books.com\/producto\/les-portes-de-lishtar-1-el-palau-dossos\/"},"modified":"2025-02-12T08:43:45","modified_gmt":"2025-02-12T07:43:45","slug":"les-portes-de-lishtar-1-el-palau-dossos","status":"publish","type":"product","link":"https:\/\/elastic-books.com\/es\/libro\/les-portes-de-lishtar-1-el-palau-dossos\/","title":{"rendered":"Les portes de l&#8217;\u00cdshtar 1. El Palau d&#8217;ossos"},"content":{"rendered":"<p class=\"ql-align-center\"><strong>Hi ha set portes<\/strong><\/p>\n<p class=\"ql-align-center\"><strong>que separen els vius dels morts.<\/strong><\/p>\n<p class=\"ql-align-center\"><strong>Set portes que mantenen l\u2019equilibri a la Terra.<\/strong><\/p>\n<p class=\"ql-align-center\"><strong>Per\u00f2 qu\u00e8 passaria si alg\u00fa decid\u00eds<\/strong><\/p>\n<p class=\"ql-align-center\"><strong>tancar-les per sempre?<\/strong><\/p>\n<p>El dia que la seva \u00e0via mor, la Cristina descobreix que la dona li ha deixat un \u00faltim regal. Igual que la seva \u00e0via, ella \u00e9s una de les set wagadagues, set dones escollides per obrir les set portes sagrades i que garanteixen l\u2019equilibri del m\u00f3n dels vius&#8230; i dels morts.<\/p>\n<p>Per\u00f2 hi ha alg\u00fa que vol trencar per sempre aquest equilibri, i la Cristina haur\u00e0 de fer tot el possible per evitar-ho.<\/p>\n","protected":false},"excerpt":{"rendered":"<p>9788419478306<br \/>N\u00faria Albert\u00ed Mart\u00ednez de Velasco<\/p>\n","protected":false},"featured_media":2233,"template":"","meta":{"_acf_changed":false,"_monsterinsights_skip_tracking":false,"_monsterinsights_sitenote_active":false,"_monsterinsights_sitenote_note":"","_monsterinsights_sitenote_category":0},"product_brand":[],"product_cat":[],"product_tag":[],"class_list":{"0":"post-2232","1":"product","2":"type-product","3":"status-publish","4":"has-post-thumbnail","6":"genero-fantasia-romantica","8":"first","9":"instock","10":"taxable","11":"shipping-taxable","12":"product-type-simple"},"acf":[],"yoast_head":"<!-- This site is optimized with the Yoast SEO plugin v27.5 - https:\/\/yoast.com\/product\/yoast-seo-wordpress\/ -->\n<title>Les portes de l&#039;\u00cdshtar 1. El Palau d&#039;ossos - Elastic Books<\/title>\n<meta name=\"robots\" content=\"index, follow, max-snippet:-1, max-image-preview:large, max-video-preview:-1\" \/>\n<link rel=\"canonical\" href=\"https:\/\/elastic-books.com\/llibre\/les-portes-de-lishtar-1-el-palau-dossos\/\" \/>\n<meta property=\"og:locale\" content=\"es_ES\" \/>\n<meta property=\"og:type\" content=\"article\" \/>\n<meta property=\"og:title\" content=\"Les portes de l&#039;\u00cdshtar 1. El Palau d&#039;ossos - Elastic Books\" \/>\n<meta property=\"og:description\" content=\"9788419478306N\u00faria Albert\u00ed Mart\u00ednez de Velasco\" \/>\n<meta property=\"og:url\" content=\"https:\/\/elastic-books.com\/llibre\/les-portes-de-lishtar-1-el-palau-dossos\/\" \/>\n<meta property=\"og:site_name\" content=\"Elastic Books\" \/>\n<meta property=\"article:publisher\" content=\"https:\/\/www.facebook.com\/people\/Reemocioart\/100076073310442\/\" \/>\n<meta property=\"article:modified_time\" content=\"2025-02-12T07:43:45+00:00\" \/>\n<meta property=\"og:image\" content=\"https:\/\/elastic-books.com\/wp-content\/uploads\/9788419478306-1024x1446.jpg\" \/>\n\t<meta property=\"og:image:width\" content=\"1024\" \/>\n\t<meta property=\"og:image:height\" content=\"1446\" \/>\n\t<meta property=\"og:image:type\" content=\"image\/jpeg\" \/>\n<meta name=\"twitter:card\" content=\"summary_large_image\" \/>\n<meta name=\"twitter:label1\" content=\"Tiempo de lectura\" \/>\n\t<meta name=\"twitter:data1\" content=\"1 minuto\" \/>\n<script type=\"application\/ld+json\" class=\"yoast-schema-graph\">{\"@context\":\"https:\\\/\\\/schema.org\",\"@graph\":[{\"@type\":\"WebPage\",\"@id\":\"https:\\\/\\\/elastic-books.com\\\/llibre\\\/les-portes-de-lishtar-1-el-palau-dossos\\\/\",\"url\":\"https:\\\/\\\/elastic-books.com\\\/llibre\\\/les-portes-de-lishtar-1-el-palau-dossos\\\/\",\"name\":\"Les portes de l'\u00cdshtar 1. El Palau d'ossos - Elastic Books\",\"isPartOf\":{\"@id\":\"https:\\\/\\\/elastic-books.com\\\/#website\"},\"primaryImageOfPage\":{\"@id\":\"https:\\\/\\\/elastic-books.com\\\/llibre\\\/les-portes-de-lishtar-1-el-palau-dossos\\\/#primaryimage\"},\"image\":{\"@id\":\"https:\\\/\\\/elastic-books.com\\\/llibre\\\/les-portes-de-lishtar-1-el-palau-dossos\\\/#primaryimage\"},\"thumbnailUrl\":\"https:\\\/\\\/elastic-books.com\\\/wp-content\\\/uploads\\\/9788419478306.jpg\",\"datePublished\":\"2023-05-31T22:00:00+00:00\",\"dateModified\":\"2025-02-12T07:43:45+00:00\",\"breadcrumb\":{\"@id\":\"https:\\\/\\\/elastic-books.com\\\/llibre\\\/les-portes-de-lishtar-1-el-palau-dossos\\\/#breadcrumb\"},\"inLanguage\":\"es\",\"potentialAction\":[{\"@type\":\"ReadAction\",\"target\":[\"https:\\\/\\\/elastic-books.com\\\/llibre\\\/les-portes-de-lishtar-1-el-palau-dossos\\\/\"]}]},{\"@type\":\"ImageObject\",\"inLanguage\":\"es\",\"@id\":\"https:\\\/\\\/elastic-books.com\\\/llibre\\\/les-portes-de-lishtar-1-el-palau-dossos\\\/#primaryimage\",\"url\":\"https:\\\/\\\/elastic-books.com\\\/wp-content\\\/uploads\\\/9788419478306.jpg\",\"contentUrl\":\"https:\\\/\\\/elastic-books.com\\\/wp-content\\\/uploads\\\/9788419478306.jpg\",\"width\":1797,\"height\":2537},{\"@type\":\"BreadcrumbList\",\"@id\":\"https:\\\/\\\/elastic-books.com\\\/llibre\\\/les-portes-de-lishtar-1-el-palau-dossos\\\/#breadcrumb\",\"itemListElement\":[{\"@type\":\"ListItem\",\"position\":1,\"name\":\"Portada\",\"item\":\"https:\\\/\\\/elastic-books.com\\\/es\\\/\"},{\"@type\":\"ListItem\",\"position\":2,\"name\":\"T\u00edtulos\",\"item\":\"https:\\\/\\\/elastic-books.com\\\/es\\\/titulos\\\/\"},{\"@type\":\"ListItem\",\"position\":3,\"name\":\"Les portes de l&#8217;\u00cdshtar 1. El Palau d&#8217;ossos\"}]},{\"@type\":\"WebSite\",\"@id\":\"https:\\\/\\\/elastic-books.com\\\/#website\",\"url\":\"https:\\\/\\\/elastic-books.com\\\/\",\"name\":\"Elastic Books\",\"description\":\"\",\"publisher\":{\"@id\":\"https:\\\/\\\/elastic-books.com\\\/#organization\"},\"alternateName\":\"Velas naturales\",\"potentialAction\":[{\"@type\":\"SearchAction\",\"target\":{\"@type\":\"EntryPoint\",\"urlTemplate\":\"https:\\\/\\\/elastic-books.com\\\/?s={search_term_string}\"},\"query-input\":{\"@type\":\"PropertyValueSpecification\",\"valueRequired\":true,\"valueName\":\"search_term_string\"}}],\"inLanguage\":\"es\"},{\"@type\":\"Organization\",\"@id\":\"https:\\\/\\\/elastic-books.com\\\/#organization\",\"name\":\"Reemocioart\",\"alternateName\":\"Reemocioart\",\"url\":\"https:\\\/\\\/elastic-books.com\\\/\",\"logo\":{\"@type\":\"ImageObject\",\"inLanguage\":\"es\",\"@id\":\"https:\\\/\\\/elastic-books.com\\\/#\\\/schema\\\/logo\\\/image\\\/\",\"url\":\"http:\\\/\\\/www.reemocioart.com.mialias.net\\\/wp-content\\\/uploads\\\/logo-footer.svg\",\"contentUrl\":\"http:\\\/\\\/www.reemocioart.com.mialias.net\\\/wp-content\\\/uploads\\\/logo-footer.svg\",\"width\":155,\"height\":120,\"caption\":\"Reemocioart\"},\"image\":{\"@id\":\"https:\\\/\\\/elastic-books.com\\\/#\\\/schema\\\/logo\\\/image\\\/\"},\"sameAs\":[\"https:\\\/\\\/www.facebook.com\\\/people\\\/Reemocioart\\\/100076073310442\\\/\",\"https:\\\/\\\/www.instagram.com\\\/reemocioart\\\/\"]}]}<\/script>\n<!-- \/ Yoast SEO plugin. -->","yoast_head_json":{"title":"Les portes de l'\u00cdshtar 1. El Palau d'ossos - Elastic Books","robots":{"index":"index","follow":"follow","max-snippet":"max-snippet:-1","max-image-preview":"max-image-preview:large","max-video-preview":"max-video-preview:-1"},"canonical":"https:\/\/elastic-books.com\/llibre\/les-portes-de-lishtar-1-el-palau-dossos\/","og_locale":"es_ES","og_type":"article","og_title":"Les portes de l'\u00cdshtar 1. El Palau d'ossos - Elastic Books","og_description":"9788419478306N\u00faria Albert\u00ed Mart\u00ednez de Velasco","og_url":"https:\/\/elastic-books.com\/llibre\/les-portes-de-lishtar-1-el-palau-dossos\/","og_site_name":"Elastic Books","article_publisher":"https:\/\/www.facebook.com\/people\/Reemocioart\/100076073310442\/","article_modified_time":"2025-02-12T07:43:45+00:00","og_image":[{"width":1024,"height":1446,"url":"https:\/\/elastic-books.com\/wp-content\/uploads\/9788419478306-1024x1446.jpg","type":"image\/jpeg"}],"twitter_card":"summary_large_image","twitter_misc":{"Tiempo de lectura":"1 minuto"},"schema":{"@context":"https:\/\/schema.org","@graph":[{"@type":"WebPage","@id":"https:\/\/elastic-books.com\/llibre\/les-portes-de-lishtar-1-el-palau-dossos\/","url":"https:\/\/elastic-books.com\/llibre\/les-portes-de-lishtar-1-el-palau-dossos\/","name":"Les portes de l'\u00cdshtar 1. El Palau d'ossos - Elastic Books","isPartOf":{"@id":"https:\/\/elastic-books.com\/#website"},"primaryImageOfPage":{"@id":"https:\/\/elastic-books.com\/llibre\/les-portes-de-lishtar-1-el-palau-dossos\/#primaryimage"},"image":{"@id":"https:\/\/elastic-books.com\/llibre\/les-portes-de-lishtar-1-el-palau-dossos\/#primaryimage"},"thumbnailUrl":"https:\/\/elastic-books.com\/wp-content\/uploads\/9788419478306.jpg","datePublished":"2023-05-31T22:00:00+00:00","dateModified":"2025-02-12T07:43:45+00:00","breadcrumb":{"@id":"https:\/\/elastic-books.com\/llibre\/les-portes-de-lishtar-1-el-palau-dossos\/#breadcrumb"},"inLanguage":"es","potentialAction":[{"@type":"ReadAction","target":["https:\/\/elastic-books.com\/llibre\/les-portes-de-lishtar-1-el-palau-dossos\/"]}]},{"@type":"ImageObject","inLanguage":"es","@id":"https:\/\/elastic-books.com\/llibre\/les-portes-de-lishtar-1-el-palau-dossos\/#primaryimage","url":"https:\/\/elastic-books.com\/wp-content\/uploads\/9788419478306.jpg","contentUrl":"https:\/\/elastic-books.com\/wp-content\/uploads\/9788419478306.jpg","width":1797,"height":2537},{"@type":"BreadcrumbList","@id":"https:\/\/elastic-books.com\/llibre\/les-portes-de-lishtar-1-el-palau-dossos\/#breadcrumb","itemListElement":[{"@type":"ListItem","position":1,"name":"Portada","item":"https:\/\/elastic-books.com\/es\/"},{"@type":"ListItem","position":2,"name":"T\u00edtulos","item":"https:\/\/elastic-books.com\/es\/titulos\/"},{"@type":"ListItem","position":3,"name":"Les portes de l&#8217;\u00cdshtar 1. El Palau d&#8217;ossos"}]},{"@type":"WebSite","@id":"https:\/\/elastic-books.com\/#website","url":"https:\/\/elastic-books.com\/","name":"Elastic Books","description":"","publisher":{"@id":"https:\/\/elastic-books.com\/#organization"},"alternateName":"Velas naturales","potentialAction":[{"@type":"SearchAction","target":{"@type":"EntryPoint","urlTemplate":"https:\/\/elastic-books.com\/?s={search_term_string}"},"query-input":{"@type":"PropertyValueSpecification","valueRequired":true,"valueName":"search_term_string"}}],"inLanguage":"es"},{"@type":"Organization","@id":"https:\/\/elastic-books.com\/#organization","name":"Reemocioart","alternateName":"Reemocioart","url":"https:\/\/elastic-books.com\/","logo":{"@type":"ImageObject","inLanguage":"es","@id":"https:\/\/elastic-books.com\/#\/schema\/logo\/image\/","url":"http:\/\/www.reemocioart.com.mialias.net\/wp-content\/uploads\/logo-footer.svg","contentUrl":"http:\/\/www.reemocioart.com.mialias.net\/wp-content\/uploads\/logo-footer.svg","width":155,"height":120,"caption":"Reemocioart"},"image":{"@id":"https:\/\/elastic-books.com\/#\/schema\/logo\/image\/"},"sameAs":["https:\/\/www.facebook.com\/people\/Reemocioart\/100076073310442\/","https:\/\/www.instagram.com\/reemocioart\/"]}]}},"_links":{"self":[{"href":"https:\/\/elastic-books.com\/es\/wp-json\/wp\/v2\/product\/2232","targetHints":{"allow":["GET"]}}],"collection":[{"href":"https:\/\/elastic-books.com\/es\/wp-json\/wp\/v2\/product"}],"about":[{"href":"https:\/\/elastic-books.com\/es\/wp-json\/wp\/v2\/types\/product"}],"wp:featuredmedia":[{"embeddable":true,"href":"https:\/\/elastic-books.com\/es\/wp-json\/wp\/v2\/media\/2233"}],"wp:attachment":[{"href":"https:\/\/elastic-books.com\/es\/wp-json\/wp\/v2\/media?parent=2232"}],"wp:term":[{"taxonomy":"product_brand","embeddable":true,"href":"https:\/\/elastic-books.com\/es\/wp-json\/wp\/v2\/product_brand?post=2232"},{"taxonomy":"product_cat","embeddable":true,"href":"https:\/\/elastic-books.com\/es\/wp-json\/wp\/v2\/product_cat?post=2232"},{"taxonomy":"product_tag","embeddable":true,"href":"https:\/\/elastic-books.com\/es\/wp-json\/wp\/v2\/product_tag?post=2232"}],"curies":[{"name":"wp","href":"https:\/\/api.w.org\/{rel}","templated":true}]}}