{"id":2509,"date":"2023-11-06T00:00:00","date_gmt":"2023-11-05T23:00:00","guid":{"rendered":"https:\/\/elastic-books.com\/llibre\/cronicas-arcanas-3-los-enamorados\/"},"modified":"2025-02-12T08:41:33","modified_gmt":"2025-02-12T07:41:33","slug":"cronicas-arcanas-3-los-enamorados","status":"publish","type":"product","link":"https:\/\/elastic-books.com\/es\/libro\/cronicas-arcanas-3-los-enamorados\/","title":{"rendered":"Cr\u00f3nicas arcanas 3. Los enamorados"},"content":{"rendered":"<p><strong>LLEGA EL TERCER LIBRO DE LA SAGA <em>CR\u00d3NICAS ARCANAS<\/em>, DE LA AUTORA SUPERVENTAS KRESLEY COLE<\/strong><\/p>\n<p><strong>Decisiones desgarradoras.<\/strong><\/p>\n<p>Evie ha estado a punto de dejarse seducir por la c\u00f3moda vida que le ofrece la muerte. Sin embargo, cuando Jack cae en las redes de los enamorados, dos de los arcanos m\u00e1s peligrosos, la joven har\u00e1 lo que sea para salvarlo. Incluso escapar de la ins\u00f3lita prisi\u00f3n del caballero eterno y de sus anhelantes miradas.<\/p>\n<p><strong>Una victoria incierta.<\/strong><\/p>\n<p>Pero \u00bfy si la \u00fanica manera de vencer a los enamorados es con una alianza entre Jack y la muerte? Evie no sabe qu\u00e9 ser\u00e1 m\u00e1s dif\u00edcil: sobrevivir a esclavistas, a una plaga, a zombis y a otros arcanos\u2026 o convencer a Jack y a la muerte para que trabajen juntos.<\/p>\n<p><strong>El regreso de dos h\u00e9roes.<\/strong><\/p>\n<p>Hay una fina l\u00ednea entre el amor y el odio, y Evie no sabe en qu\u00e9 punto se encuentra, ni con Jack ni con el caballero eterno. \u00bfSer\u00e1n capaces de derrotar a los enamorados sin matarse primero entre ellos?<\/p>\n","protected":false},"excerpt":{"rendered":"<p>9788419478122<br \/>Kresey Cole<\/p>\n","protected":false},"featured_media":2216,"template":"","meta":{"_acf_changed":false,"_monsterinsights_skip_tracking":false,"_monsterinsights_sitenote_active":false,"_monsterinsights_sitenote_note":"","_monsterinsights_sitenote_category":0},"product_brand":[],"product_cat":[15],"product_tag":[],"class_list":{"0":"post-2509","1":"product","2":"type-product","3":"status-publish","4":"has-post-thumbnail","6":"genero-romantica","7":"product_cat-sin-categorizar","9":"first","10":"instock","11":"taxable","12":"shipping-taxable","13":"product-type-simple"},"acf":[],"yoast_head":"<!-- This site is optimized with the Yoast SEO plugin v27.5 - https:\/\/yoast.com\/product\/yoast-seo-wordpress\/ -->\n<title>Cr\u00f3nicas arcanas 3. Los enamorados - Elastic Books<\/title>\n<meta name=\"robots\" content=\"index, follow, max-snippet:-1, max-image-preview:large, max-video-preview:-1\" \/>\n<link rel=\"canonical\" href=\"https:\/\/elastic-books.com\/es\/libro\/cronicas-arcanas-3-los-enamorados\/\" \/>\n<meta property=\"og:locale\" content=\"es_ES\" \/>\n<meta property=\"og:type\" content=\"article\" \/>\n<meta property=\"og:title\" content=\"Cr\u00f3nicas arcanas 3. Los enamorados - Elastic Books\" \/>\n<meta property=\"og:description\" content=\"9788419478122Kresey Cole\" \/>\n<meta property=\"og:url\" content=\"https:\/\/elastic-books.com\/es\/libro\/cronicas-arcanas-3-los-enamorados\/\" \/>\n<meta property=\"og:site_name\" content=\"Elastic Books\" \/>\n<meta property=\"article:publisher\" content=\"https:\/\/www.facebook.com\/people\/Reemocioart\/100076073310442\/\" \/>\n<meta property=\"article:modified_time\" content=\"2025-02-12T07:41:33+00:00\" \/>\n<meta property=\"og:image\" content=\"https:\/\/elastic-books.com\/wp-content\/uploads\/9788419478122.jpg\" \/>\n\t<meta property=\"og:image:width\" content=\"1794\" \/>\n\t<meta property=\"og:image:height\" content=\"2543\" \/>\n\t<meta property=\"og:image:type\" content=\"image\/jpeg\" \/>\n<meta name=\"twitter:card\" content=\"summary_large_image\" \/>\n<meta name=\"twitter:label1\" content=\"Tiempo de lectura\" \/>\n\t<meta name=\"twitter:data1\" content=\"1 minuto\" \/>\n<script type=\"application\/ld+json\" class=\"yoast-schema-graph\">{\"@context\":\"https:\\\/\\\/schema.org\",\"@graph\":[{\"@type\":\"WebPage\",\"@id\":\"https:\\\/\\\/elastic-books.com\\\/es\\\/libro\\\/cronicas-arcanas-3-los-enamorados\\\/\",\"url\":\"https:\\\/\\\/elastic-books.com\\\/es\\\/libro\\\/cronicas-arcanas-3-los-enamorados\\\/\",\"name\":\"Cr\u00f3nicas arcanas 3. Los enamorados - Elastic Books\",\"isPartOf\":{\"@id\":\"https:\\\/\\\/elastic-books.com\\\/#website\"},\"primaryImageOfPage\":{\"@id\":\"https:\\\/\\\/elastic-books.com\\\/es\\\/libro\\\/cronicas-arcanas-3-los-enamorados\\\/#primaryimage\"},\"image\":{\"@id\":\"https:\\\/\\\/elastic-books.com\\\/es\\\/libro\\\/cronicas-arcanas-3-los-enamorados\\\/#primaryimage\"},\"thumbnailUrl\":\"https:\\\/\\\/elastic-books.com\\\/wp-content\\\/uploads\\\/9788419478122.jpg\",\"datePublished\":\"2023-11-05T23:00:00+00:00\",\"dateModified\":\"2025-02-12T07:41:33+00:00\",\"breadcrumb\":{\"@id\":\"https:\\\/\\\/elastic-books.com\\\/es\\\/libro\\\/cronicas-arcanas-3-los-enamorados\\\/#breadcrumb\"},\"inLanguage\":\"es\",\"potentialAction\":[{\"@type\":\"ReadAction\",\"target\":[\"https:\\\/\\\/elastic-books.com\\\/es\\\/libro\\\/cronicas-arcanas-3-los-enamorados\\\/\"]}]},{\"@type\":\"ImageObject\",\"inLanguage\":\"es\",\"@id\":\"https:\\\/\\\/elastic-books.com\\\/es\\\/libro\\\/cronicas-arcanas-3-los-enamorados\\\/#primaryimage\",\"url\":\"https:\\\/\\\/elastic-books.com\\\/wp-content\\\/uploads\\\/9788419478122.jpg\",\"contentUrl\":\"https:\\\/\\\/elastic-books.com\\\/wp-content\\\/uploads\\\/9788419478122.jpg\",\"width\":1794,\"height\":2543},{\"@type\":\"BreadcrumbList\",\"@id\":\"https:\\\/\\\/elastic-books.com\\\/es\\\/libro\\\/cronicas-arcanas-3-los-enamorados\\\/#breadcrumb\",\"itemListElement\":[{\"@type\":\"ListItem\",\"position\":1,\"name\":\"Portada\",\"item\":\"https:\\\/\\\/elastic-books.com\\\/es\\\/\"},{\"@type\":\"ListItem\",\"position\":2,\"name\":\"T\u00edtulos\",\"item\":\"https:\\\/\\\/elastic-books.com\\\/es\\\/titulos\\\/\"},{\"@type\":\"ListItem\",\"position\":3,\"name\":\"Cr\u00f3nicas arcanas 3. Los enamorados\"}]},{\"@type\":\"WebSite\",\"@id\":\"https:\\\/\\\/elastic-books.com\\\/#website\",\"url\":\"https:\\\/\\\/elastic-books.com\\\/\",\"name\":\"Elastic Books\",\"description\":\"\",\"publisher\":{\"@id\":\"https:\\\/\\\/elastic-books.com\\\/#organization\"},\"alternateName\":\"Velas naturales\",\"potentialAction\":[{\"@type\":\"SearchAction\",\"target\":{\"@type\":\"EntryPoint\",\"urlTemplate\":\"https:\\\/\\\/elastic-books.com\\\/?s={search_term_string}\"},\"query-input\":{\"@type\":\"PropertyValueSpecification\",\"valueRequired\":true,\"valueName\":\"search_term_string\"}}],\"inLanguage\":\"es\"},{\"@type\":\"Organization\",\"@id\":\"https:\\\/\\\/elastic-books.com\\\/#organization\",\"name\":\"Reemocioart\",\"alternateName\":\"Reemocioart\",\"url\":\"https:\\\/\\\/elastic-books.com\\\/\",\"logo\":{\"@type\":\"ImageObject\",\"inLanguage\":\"es\",\"@id\":\"https:\\\/\\\/elastic-books.com\\\/#\\\/schema\\\/logo\\\/image\\\/\",\"url\":\"http:\\\/\\\/www.reemocioart.com.mialias.net\\\/wp-content\\\/uploads\\\/logo-footer.svg\",\"contentUrl\":\"http:\\\/\\\/www.reemocioart.com.mialias.net\\\/wp-content\\\/uploads\\\/logo-footer.svg\",\"width\":155,\"height\":120,\"caption\":\"Reemocioart\"},\"image\":{\"@id\":\"https:\\\/\\\/elastic-books.com\\\/#\\\/schema\\\/logo\\\/image\\\/\"},\"sameAs\":[\"https:\\\/\\\/www.facebook.com\\\/people\\\/Reemocioart\\\/100076073310442\\\/\",\"https:\\\/\\\/www.instagram.com\\\/reemocioart\\\/\"]}]}<\/script>\n<!-- \/ Yoast SEO plugin. -->","yoast_head_json":{"title":"Cr\u00f3nicas arcanas 3. Los enamorados - Elastic Books","robots":{"index":"index","follow":"follow","max-snippet":"max-snippet:-1","max-image-preview":"max-image-preview:large","max-video-preview":"max-video-preview:-1"},"canonical":"https:\/\/elastic-books.com\/es\/libro\/cronicas-arcanas-3-los-enamorados\/","og_locale":"es_ES","og_type":"article","og_title":"Cr\u00f3nicas arcanas 3. Los enamorados - Elastic Books","og_description":"9788419478122Kresey Cole","og_url":"https:\/\/elastic-books.com\/es\/libro\/cronicas-arcanas-3-los-enamorados\/","og_site_name":"Elastic Books","article_publisher":"https:\/\/www.facebook.com\/people\/Reemocioart\/100076073310442\/","article_modified_time":"2025-02-12T07:41:33+00:00","og_image":[{"width":1794,"height":2543,"url":"https:\/\/elastic-books.com\/wp-content\/uploads\/9788419478122.jpg","type":"image\/jpeg"}],"twitter_card":"summary_large_image","twitter_misc":{"Tiempo de lectura":"1 minuto"},"schema":{"@context":"https:\/\/schema.org","@graph":[{"@type":"WebPage","@id":"https:\/\/elastic-books.com\/es\/libro\/cronicas-arcanas-3-los-enamorados\/","url":"https:\/\/elastic-books.com\/es\/libro\/cronicas-arcanas-3-los-enamorados\/","name":"Cr\u00f3nicas arcanas 3. Los enamorados - Elastic Books","isPartOf":{"@id":"https:\/\/elastic-books.com\/#website"},"primaryImageOfPage":{"@id":"https:\/\/elastic-books.com\/es\/libro\/cronicas-arcanas-3-los-enamorados\/#primaryimage"},"image":{"@id":"https:\/\/elastic-books.com\/es\/libro\/cronicas-arcanas-3-los-enamorados\/#primaryimage"},"thumbnailUrl":"https:\/\/elastic-books.com\/wp-content\/uploads\/9788419478122.jpg","datePublished":"2023-11-05T23:00:00+00:00","dateModified":"2025-02-12T07:41:33+00:00","breadcrumb":{"@id":"https:\/\/elastic-books.com\/es\/libro\/cronicas-arcanas-3-los-enamorados\/#breadcrumb"},"inLanguage":"es","potentialAction":[{"@type":"ReadAction","target":["https:\/\/elastic-books.com\/es\/libro\/cronicas-arcanas-3-los-enamorados\/"]}]},{"@type":"ImageObject","inLanguage":"es","@id":"https:\/\/elastic-books.com\/es\/libro\/cronicas-arcanas-3-los-enamorados\/#primaryimage","url":"https:\/\/elastic-books.com\/wp-content\/uploads\/9788419478122.jpg","contentUrl":"https:\/\/elastic-books.com\/wp-content\/uploads\/9788419478122.jpg","width":1794,"height":2543},{"@type":"BreadcrumbList","@id":"https:\/\/elastic-books.com\/es\/libro\/cronicas-arcanas-3-los-enamorados\/#breadcrumb","itemListElement":[{"@type":"ListItem","position":1,"name":"Portada","item":"https:\/\/elastic-books.com\/es\/"},{"@type":"ListItem","position":2,"name":"T\u00edtulos","item":"https:\/\/elastic-books.com\/es\/titulos\/"},{"@type":"ListItem","position":3,"name":"Cr\u00f3nicas arcanas 3. Los enamorados"}]},{"@type":"WebSite","@id":"https:\/\/elastic-books.com\/#website","url":"https:\/\/elastic-books.com\/","name":"Elastic Books","description":"","publisher":{"@id":"https:\/\/elastic-books.com\/#organization"},"alternateName":"Velas naturales","potentialAction":[{"@type":"SearchAction","target":{"@type":"EntryPoint","urlTemplate":"https:\/\/elastic-books.com\/?s={search_term_string}"},"query-input":{"@type":"PropertyValueSpecification","valueRequired":true,"valueName":"search_term_string"}}],"inLanguage":"es"},{"@type":"Organization","@id":"https:\/\/elastic-books.com\/#organization","name":"Reemocioart","alternateName":"Reemocioart","url":"https:\/\/elastic-books.com\/","logo":{"@type":"ImageObject","inLanguage":"es","@id":"https:\/\/elastic-books.com\/#\/schema\/logo\/image\/","url":"http:\/\/www.reemocioart.com.mialias.net\/wp-content\/uploads\/logo-footer.svg","contentUrl":"http:\/\/www.reemocioart.com.mialias.net\/wp-content\/uploads\/logo-footer.svg","width":155,"height":120,"caption":"Reemocioart"},"image":{"@id":"https:\/\/elastic-books.com\/#\/schema\/logo\/image\/"},"sameAs":["https:\/\/www.facebook.com\/people\/Reemocioart\/100076073310442\/","https:\/\/www.instagram.com\/reemocioart\/"]}]}},"_links":{"self":[{"href":"https:\/\/elastic-books.com\/es\/wp-json\/wp\/v2\/product\/2509","targetHints":{"allow":["GET"]}}],"collection":[{"href":"https:\/\/elastic-books.com\/es\/wp-json\/wp\/v2\/product"}],"about":[{"href":"https:\/\/elastic-books.com\/es\/wp-json\/wp\/v2\/types\/product"}],"wp:featuredmedia":[{"embeddable":true,"href":"https:\/\/elastic-books.com\/es\/wp-json\/wp\/v2\/media\/2216"}],"wp:attachment":[{"href":"https:\/\/elastic-books.com\/es\/wp-json\/wp\/v2\/media?parent=2509"}],"wp:term":[{"taxonomy":"product_brand","embeddable":true,"href":"https:\/\/elastic-books.com\/es\/wp-json\/wp\/v2\/product_brand?post=2509"},{"taxonomy":"product_cat","embeddable":true,"href":"https:\/\/elastic-books.com\/es\/wp-json\/wp\/v2\/product_cat?post=2509"},{"taxonomy":"product_tag","embeddable":true,"href":"https:\/\/elastic-books.com\/es\/wp-json\/wp\/v2\/product_tag?post=2509"}],"curies":[{"name":"wp","href":"https:\/\/api.w.org\/{rel}","templated":true}]}}