{"id":3291,"date":"2021-03-25T19:10:05","date_gmt":"2021-03-25T18:10:05","guid":{"rendered":"https:\/\/elastic-books.com\/?post_type=product&#038;p=3291"},"modified":"2025-05-09T12:52:08","modified_gmt":"2025-05-09T10:52:08","slug":"guia-confidencial-del-campament-jupiter","status":"publish","type":"product","link":"https:\/\/elastic-books.com\/es\/libro\/guia-confidencial-del-campament-jupiter\/","title":{"rendered":"Guia confidencial del Campament J\u00fapiter"},"content":{"rendered":"<p><b>Ha arribat el moment de descobrir qu\u00e8 est\u00e0 passant al Campament J\u00fapiter&#8230;<\/b><\/p>\n<p><b>L&#8217;esperat <i>spin off<\/i> de la s\u00e8rie \u00abLes proves d&#8217;Apol\u00b7lo\u00bb.<\/b><\/p>\n<p>\u00c9s el febrer posterior a la derrota de Gea. El Campament J\u00fapiter hauria d&#8217;estar celebrant-ho, com tothom. Per\u00f2 alguna cosa est\u00e0 generant caos. Estan tenint lloc misteriosos i sinistres incidents que estan causant estralls en el campament. La tensi\u00f3 a l&#8217;aire es pot tallar amb un ganivet i totes les sospites apunten la Cl\u00e0udia, la nova probatio de la Quarta Cohort. Al cap i a la fi, tots els problemes van comen\u00e7ar poc despr\u00e9s de la seva arribada al campament. A m\u00e9s a m\u00e9s, \u00e9s una descendent de Mercuri, d\u00e9u dels lladres i els estafadors. Per descobrir la veritat, haur\u00e0s d&#8217;indagar entre les p\u00e0gines del diari personal de la Cl\u00e0udia. A trav\u00e9s del seu testimoni, podr\u00e0s visitar les escenes dels crims i veure com tenen lloc aquests estanys successos. Juntament amb ella descobrir\u00e0s un secret antic que podria amagar la clau per salvar el Campament J\u00fapiter.<\/p>\n","protected":false},"excerpt":{"rendered":"<p>9788424669898<br \/>Rick Riordan<\/p>\n","protected":false},"featured_media":3292,"template":"","meta":{"_acf_changed":false,"_monsterinsights_skip_tracking":false,"_monsterinsights_sitenote_active":false,"_monsterinsights_sitenote_note":"","_monsterinsights_sitenote_category":0},"product_brand":[],"product_cat":[],"product_tag":[],"class_list":{"0":"post-3291","1":"product","2":"type-product","3":"status-publish","4":"has-post-thumbnail","7":"first","8":"instock","9":"taxable","10":"shipping-taxable","11":"product-type-simple"},"acf":[],"yoast_head":"<!-- This site is optimized with the Yoast SEO plugin v27.5 - https:\/\/yoast.com\/product\/yoast-seo-wordpress\/ -->\n<title>Guia confidencial del Campament J\u00fapiter - Elastic Books<\/title>\n<meta name=\"robots\" content=\"index, follow, max-snippet:-1, max-image-preview:large, max-video-preview:-1\" \/>\n<link rel=\"canonical\" href=\"https:\/\/elastic-books.com\/llibre\/guia-confidencial-del-campament-jupiter\/\" \/>\n<meta property=\"og:locale\" content=\"es_ES\" \/>\n<meta property=\"og:type\" content=\"article\" \/>\n<meta property=\"og:title\" content=\"Guia confidencial del Campament J\u00fapiter - Elastic Books\" \/>\n<meta property=\"og:description\" content=\"9788424669898Rick Riordan\" \/>\n<meta property=\"og:url\" content=\"https:\/\/elastic-books.com\/llibre\/guia-confidencial-del-campament-jupiter\/\" \/>\n<meta property=\"og:site_name\" content=\"Elastic Books\" \/>\n<meta property=\"article:publisher\" content=\"https:\/\/www.facebook.com\/people\/Reemocioart\/100076073310442\/\" \/>\n<meta property=\"article:modified_time\" content=\"2025-05-09T10:52:08+00:00\" \/>\n<meta property=\"og:image\" content=\"https:\/\/elastic-books.com\/wp-content\/uploads\/9788424669898-1.jpg\" \/>\n\t<meta property=\"og:image:width\" content=\"610\" \/>\n\t<meta property=\"og:image:height\" content=\"936\" \/>\n\t<meta property=\"og:image:type\" content=\"image\/jpeg\" \/>\n<meta name=\"twitter:card\" content=\"summary_large_image\" \/>\n<meta name=\"twitter:label1\" content=\"Tiempo de lectura\" \/>\n\t<meta name=\"twitter:data1\" content=\"2 minutos\" \/>\n<script type=\"application\/ld+json\" class=\"yoast-schema-graph\">{\"@context\":\"https:\\\/\\\/schema.org\",\"@graph\":[{\"@type\":\"WebPage\",\"@id\":\"https:\\\/\\\/elastic-books.com\\\/llibre\\\/guia-confidencial-del-campament-jupiter\\\/\",\"url\":\"https:\\\/\\\/elastic-books.com\\\/llibre\\\/guia-confidencial-del-campament-jupiter\\\/\",\"name\":\"Guia confidencial del Campament J\u00fapiter - Elastic Books\",\"isPartOf\":{\"@id\":\"https:\\\/\\\/elastic-books.com\\\/#website\"},\"primaryImageOfPage\":{\"@id\":\"https:\\\/\\\/elastic-books.com\\\/llibre\\\/guia-confidencial-del-campament-jupiter\\\/#primaryimage\"},\"image\":{\"@id\":\"https:\\\/\\\/elastic-books.com\\\/llibre\\\/guia-confidencial-del-campament-jupiter\\\/#primaryimage\"},\"thumbnailUrl\":\"https:\\\/\\\/elastic-books.com\\\/wp-content\\\/uploads\\\/9788424669898-1.jpg\",\"datePublished\":\"2021-03-25T18:10:05+00:00\",\"dateModified\":\"2025-05-09T10:52:08+00:00\",\"breadcrumb\":{\"@id\":\"https:\\\/\\\/elastic-books.com\\\/llibre\\\/guia-confidencial-del-campament-jupiter\\\/#breadcrumb\"},\"inLanguage\":\"es\",\"potentialAction\":[{\"@type\":\"ReadAction\",\"target\":[\"https:\\\/\\\/elastic-books.com\\\/llibre\\\/guia-confidencial-del-campament-jupiter\\\/\"]}]},{\"@type\":\"ImageObject\",\"inLanguage\":\"es\",\"@id\":\"https:\\\/\\\/elastic-books.com\\\/llibre\\\/guia-confidencial-del-campament-jupiter\\\/#primaryimage\",\"url\":\"https:\\\/\\\/elastic-books.com\\\/wp-content\\\/uploads\\\/9788424669898-1.jpg\",\"contentUrl\":\"https:\\\/\\\/elastic-books.com\\\/wp-content\\\/uploads\\\/9788424669898-1.jpg\",\"width\":610,\"height\":936},{\"@type\":\"BreadcrumbList\",\"@id\":\"https:\\\/\\\/elastic-books.com\\\/llibre\\\/guia-confidencial-del-campament-jupiter\\\/#breadcrumb\",\"itemListElement\":[{\"@type\":\"ListItem\",\"position\":1,\"name\":\"Portada\",\"item\":\"https:\\\/\\\/elastic-books.com\\\/es\\\/\"},{\"@type\":\"ListItem\",\"position\":2,\"name\":\"T\u00edtulos\",\"item\":\"https:\\\/\\\/elastic-books.com\\\/es\\\/titulos\\\/\"},{\"@type\":\"ListItem\",\"position\":3,\"name\":\"Guia confidencial del Campament J\u00fapiter\"}]},{\"@type\":\"WebSite\",\"@id\":\"https:\\\/\\\/elastic-books.com\\\/#website\",\"url\":\"https:\\\/\\\/elastic-books.com\\\/\",\"name\":\"Elastic Books\",\"description\":\"\",\"publisher\":{\"@id\":\"https:\\\/\\\/elastic-books.com\\\/#organization\"},\"alternateName\":\"Velas naturales\",\"potentialAction\":[{\"@type\":\"SearchAction\",\"target\":{\"@type\":\"EntryPoint\",\"urlTemplate\":\"https:\\\/\\\/elastic-books.com\\\/?s={search_term_string}\"},\"query-input\":{\"@type\":\"PropertyValueSpecification\",\"valueRequired\":true,\"valueName\":\"search_term_string\"}}],\"inLanguage\":\"es\"},{\"@type\":\"Organization\",\"@id\":\"https:\\\/\\\/elastic-books.com\\\/#organization\",\"name\":\"Reemocioart\",\"alternateName\":\"Reemocioart\",\"url\":\"https:\\\/\\\/elastic-books.com\\\/\",\"logo\":{\"@type\":\"ImageObject\",\"inLanguage\":\"es\",\"@id\":\"https:\\\/\\\/elastic-books.com\\\/#\\\/schema\\\/logo\\\/image\\\/\",\"url\":\"http:\\\/\\\/www.reemocioart.com.mialias.net\\\/wp-content\\\/uploads\\\/logo-footer.svg\",\"contentUrl\":\"http:\\\/\\\/www.reemocioart.com.mialias.net\\\/wp-content\\\/uploads\\\/logo-footer.svg\",\"width\":155,\"height\":120,\"caption\":\"Reemocioart\"},\"image\":{\"@id\":\"https:\\\/\\\/elastic-books.com\\\/#\\\/schema\\\/logo\\\/image\\\/\"},\"sameAs\":[\"https:\\\/\\\/www.facebook.com\\\/people\\\/Reemocioart\\\/100076073310442\\\/\",\"https:\\\/\\\/www.instagram.com\\\/reemocioart\\\/\"]}]}<\/script>\n<!-- \/ Yoast SEO plugin. -->","yoast_head_json":{"title":"Guia confidencial del Campament J\u00fapiter - Elastic Books","robots":{"index":"index","follow":"follow","max-snippet":"max-snippet:-1","max-image-preview":"max-image-preview:large","max-video-preview":"max-video-preview:-1"},"canonical":"https:\/\/elastic-books.com\/llibre\/guia-confidencial-del-campament-jupiter\/","og_locale":"es_ES","og_type":"article","og_title":"Guia confidencial del Campament J\u00fapiter - Elastic Books","og_description":"9788424669898Rick Riordan","og_url":"https:\/\/elastic-books.com\/llibre\/guia-confidencial-del-campament-jupiter\/","og_site_name":"Elastic Books","article_publisher":"https:\/\/www.facebook.com\/people\/Reemocioart\/100076073310442\/","article_modified_time":"2025-05-09T10:52:08+00:00","og_image":[{"width":610,"height":936,"url":"https:\/\/elastic-books.com\/wp-content\/uploads\/9788424669898-1.jpg","type":"image\/jpeg"}],"twitter_card":"summary_large_image","twitter_misc":{"Tiempo de lectura":"2 minutos"},"schema":{"@context":"https:\/\/schema.org","@graph":[{"@type":"WebPage","@id":"https:\/\/elastic-books.com\/llibre\/guia-confidencial-del-campament-jupiter\/","url":"https:\/\/elastic-books.com\/llibre\/guia-confidencial-del-campament-jupiter\/","name":"Guia confidencial del Campament J\u00fapiter - Elastic Books","isPartOf":{"@id":"https:\/\/elastic-books.com\/#website"},"primaryImageOfPage":{"@id":"https:\/\/elastic-books.com\/llibre\/guia-confidencial-del-campament-jupiter\/#primaryimage"},"image":{"@id":"https:\/\/elastic-books.com\/llibre\/guia-confidencial-del-campament-jupiter\/#primaryimage"},"thumbnailUrl":"https:\/\/elastic-books.com\/wp-content\/uploads\/9788424669898-1.jpg","datePublished":"2021-03-25T18:10:05+00:00","dateModified":"2025-05-09T10:52:08+00:00","breadcrumb":{"@id":"https:\/\/elastic-books.com\/llibre\/guia-confidencial-del-campament-jupiter\/#breadcrumb"},"inLanguage":"es","potentialAction":[{"@type":"ReadAction","target":["https:\/\/elastic-books.com\/llibre\/guia-confidencial-del-campament-jupiter\/"]}]},{"@type":"ImageObject","inLanguage":"es","@id":"https:\/\/elastic-books.com\/llibre\/guia-confidencial-del-campament-jupiter\/#primaryimage","url":"https:\/\/elastic-books.com\/wp-content\/uploads\/9788424669898-1.jpg","contentUrl":"https:\/\/elastic-books.com\/wp-content\/uploads\/9788424669898-1.jpg","width":610,"height":936},{"@type":"BreadcrumbList","@id":"https:\/\/elastic-books.com\/llibre\/guia-confidencial-del-campament-jupiter\/#breadcrumb","itemListElement":[{"@type":"ListItem","position":1,"name":"Portada","item":"https:\/\/elastic-books.com\/es\/"},{"@type":"ListItem","position":2,"name":"T\u00edtulos","item":"https:\/\/elastic-books.com\/es\/titulos\/"},{"@type":"ListItem","position":3,"name":"Guia confidencial del Campament J\u00fapiter"}]},{"@type":"WebSite","@id":"https:\/\/elastic-books.com\/#website","url":"https:\/\/elastic-books.com\/","name":"Elastic Books","description":"","publisher":{"@id":"https:\/\/elastic-books.com\/#organization"},"alternateName":"Velas naturales","potentialAction":[{"@type":"SearchAction","target":{"@type":"EntryPoint","urlTemplate":"https:\/\/elastic-books.com\/?s={search_term_string}"},"query-input":{"@type":"PropertyValueSpecification","valueRequired":true,"valueName":"search_term_string"}}],"inLanguage":"es"},{"@type":"Organization","@id":"https:\/\/elastic-books.com\/#organization","name":"Reemocioart","alternateName":"Reemocioart","url":"https:\/\/elastic-books.com\/","logo":{"@type":"ImageObject","inLanguage":"es","@id":"https:\/\/elastic-books.com\/#\/schema\/logo\/image\/","url":"http:\/\/www.reemocioart.com.mialias.net\/wp-content\/uploads\/logo-footer.svg","contentUrl":"http:\/\/www.reemocioart.com.mialias.net\/wp-content\/uploads\/logo-footer.svg","width":155,"height":120,"caption":"Reemocioart"},"image":{"@id":"https:\/\/elastic-books.com\/#\/schema\/logo\/image\/"},"sameAs":["https:\/\/www.facebook.com\/people\/Reemocioart\/100076073310442\/","https:\/\/www.instagram.com\/reemocioart\/"]}]}},"_links":{"self":[{"href":"https:\/\/elastic-books.com\/es\/wp-json\/wp\/v2\/product\/3291","targetHints":{"allow":["GET"]}}],"collection":[{"href":"https:\/\/elastic-books.com\/es\/wp-json\/wp\/v2\/product"}],"about":[{"href":"https:\/\/elastic-books.com\/es\/wp-json\/wp\/v2\/types\/product"}],"wp:featuredmedia":[{"embeddable":true,"href":"https:\/\/elastic-books.com\/es\/wp-json\/wp\/v2\/media\/3292"}],"wp:attachment":[{"href":"https:\/\/elastic-books.com\/es\/wp-json\/wp\/v2\/media?parent=3291"}],"wp:term":[{"taxonomy":"product_brand","embeddable":true,"href":"https:\/\/elastic-books.com\/es\/wp-json\/wp\/v2\/product_brand?post=3291"},{"taxonomy":"product_cat","embeddable":true,"href":"https:\/\/elastic-books.com\/es\/wp-json\/wp\/v2\/product_cat?post=3291"},{"taxonomy":"product_tag","embeddable":true,"href":"https:\/\/elastic-books.com\/es\/wp-json\/wp\/v2\/product_tag?post=3291"}],"curies":[{"name":"wp","href":"https:\/\/api.w.org\/{rel}","templated":true}]}}