{"id":3448,"date":"2016-01-07T19:11:12","date_gmt":"2016-01-07T18:11:12","guid":{"rendered":"https:\/\/elastic-books.com\/llibre\/magnus-chase-i-els-deus-dasgard-1-lespasa-de-lestiu\/"},"modified":"2025-05-09T12:09:00","modified_gmt":"2025-05-09T10:09:00","slug":"magnus-chase-i-els-deus-dasgard-1-lespasa-de-lestiu","status":"publish","type":"product","link":"https:\/\/elastic-books.com\/es\/libro\/magnus-chase-i-els-deus-dasgard-1-lespasa-de-lestiu\/","title":{"rendered":"Magnus Chase i els D\u00e9us d&#8217;Asgard 1. L&#8217;Espasa de l&#8217;Estiu"},"content":{"rendered":"<p><b>El Magnus Chase descobreix que \u00e9s fill d&#8217;un d\u00e9u n\u00f2rdic i que nom\u00e9s ell pot evitar la fi del m\u00f3n.<\/b><\/p>\n<p>El Magnus Chase sempre ha estat un nen solitari i problem\u00e0tic. Des que va morir la seva mare, ha estat vagant pels carrers de Boston, sobrevivint gr\u00e0cies al seu enginy. Un dia, mentra passeja amb el seu tiet, aquest li confia un incre\u00efble secret: el pare del Magnus va ser un d\u00e9u n\u00f2rdic. Per primera vegada en molts segles, els set mons dels mites v\u00edkings s&#8217;estan apropant entre ells: aix\u00f2 significa que s&#8217;apropa el Ragnarok, la fi del m\u00f3n de la mitolog\u00eda n\u00f3rdica. I nom\u00e9s el Magnus pot evitar-ho: ha de trobar una arma m\u00edstica que porta milers d&#8217;anys perduda.<\/p>\n","protected":false},"excerpt":{"rendered":"<p>9788424656614<br \/>Rick Riordan<\/p>\n","protected":false},"featured_media":3420,"template":"","meta":{"_acf_changed":false,"_monsterinsights_skip_tracking":false,"_monsterinsights_sitenote_active":false,"_monsterinsights_sitenote_note":"","_monsterinsights_sitenote_category":0},"product_brand":[],"product_cat":[15],"product_tag":[],"class_list":{"0":"post-3448","1":"product","2":"type-product","3":"status-publish","4":"has-post-thumbnail","6":"product_cat-sin-categorizar","8":"first","9":"instock","10":"taxable","11":"shipping-taxable","12":"product-type-simple"},"acf":[],"yoast_head":"<!-- This site is optimized with the Yoast SEO plugin v27.5 - https:\/\/yoast.com\/product\/yoast-seo-wordpress\/ -->\n<title>Magnus Chase i els D\u00e9us d&#039;Asgard 1. L&#039;Espasa de l&#039;Estiu - Elastic Books<\/title>\n<meta name=\"robots\" content=\"index, follow, max-snippet:-1, max-image-preview:large, max-video-preview:-1\" \/>\n<link rel=\"canonical\" href=\"https:\/\/elastic-books.com\/es\/libro\/magnus-chase-i-els-deus-dasgard-1-lespasa-de-lestiu\/\" \/>\n<meta property=\"og:locale\" content=\"es_ES\" \/>\n<meta property=\"og:type\" content=\"article\" \/>\n<meta property=\"og:title\" content=\"Magnus Chase i els D\u00e9us d&#039;Asgard 1. L&#039;Espasa de l&#039;Estiu - Elastic Books\" \/>\n<meta property=\"og:description\" content=\"9788424656614Rick Riordan\" \/>\n<meta property=\"og:url\" content=\"https:\/\/elastic-books.com\/es\/libro\/magnus-chase-i-els-deus-dasgard-1-lespasa-de-lestiu\/\" \/>\n<meta property=\"og:site_name\" content=\"Elastic Books\" \/>\n<meta property=\"article:publisher\" content=\"https:\/\/www.facebook.com\/people\/Reemocioart\/100076073310442\/\" \/>\n<meta property=\"article:modified_time\" content=\"2025-05-09T10:09:00+00:00\" \/>\n<meta property=\"og:image\" content=\"https:\/\/elastic-books.com\/wp-content\/uploads\/9788424656614-1.jpg\" \/>\n\t<meta property=\"og:image:width\" content=\"310\" \/>\n\t<meta property=\"og:image:height\" content=\"464\" \/>\n\t<meta property=\"og:image:type\" content=\"image\/jpeg\" \/>\n<meta name=\"twitter:card\" content=\"summary_large_image\" \/>\n<meta name=\"twitter:label1\" content=\"Tiempo de lectura\" \/>\n\t<meta name=\"twitter:data1\" content=\"1 minuto\" \/>\n<script type=\"application\/ld+json\" class=\"yoast-schema-graph\">{\"@context\":\"https:\\\/\\\/schema.org\",\"@graph\":[{\"@type\":\"WebPage\",\"@id\":\"https:\\\/\\\/elastic-books.com\\\/es\\\/libro\\\/magnus-chase-i-els-deus-dasgard-1-lespasa-de-lestiu\\\/\",\"url\":\"https:\\\/\\\/elastic-books.com\\\/es\\\/libro\\\/magnus-chase-i-els-deus-dasgard-1-lespasa-de-lestiu\\\/\",\"name\":\"Magnus Chase i els D\u00e9us d'Asgard 1. L'Espasa de l'Estiu - Elastic Books\",\"isPartOf\":{\"@id\":\"https:\\\/\\\/elastic-books.com\\\/#website\"},\"primaryImageOfPage\":{\"@id\":\"https:\\\/\\\/elastic-books.com\\\/es\\\/libro\\\/magnus-chase-i-els-deus-dasgard-1-lespasa-de-lestiu\\\/#primaryimage\"},\"image\":{\"@id\":\"https:\\\/\\\/elastic-books.com\\\/es\\\/libro\\\/magnus-chase-i-els-deus-dasgard-1-lespasa-de-lestiu\\\/#primaryimage\"},\"thumbnailUrl\":\"https:\\\/\\\/elastic-books.com\\\/wp-content\\\/uploads\\\/9788424656614-1.jpg\",\"datePublished\":\"2016-01-07T18:11:12+00:00\",\"dateModified\":\"2025-05-09T10:09:00+00:00\",\"breadcrumb\":{\"@id\":\"https:\\\/\\\/elastic-books.com\\\/es\\\/libro\\\/magnus-chase-i-els-deus-dasgard-1-lespasa-de-lestiu\\\/#breadcrumb\"},\"inLanguage\":\"es\",\"potentialAction\":[{\"@type\":\"ReadAction\",\"target\":[\"https:\\\/\\\/elastic-books.com\\\/es\\\/libro\\\/magnus-chase-i-els-deus-dasgard-1-lespasa-de-lestiu\\\/\"]}]},{\"@type\":\"ImageObject\",\"inLanguage\":\"es\",\"@id\":\"https:\\\/\\\/elastic-books.com\\\/es\\\/libro\\\/magnus-chase-i-els-deus-dasgard-1-lespasa-de-lestiu\\\/#primaryimage\",\"url\":\"https:\\\/\\\/elastic-books.com\\\/wp-content\\\/uploads\\\/9788424656614-1.jpg\",\"contentUrl\":\"https:\\\/\\\/elastic-books.com\\\/wp-content\\\/uploads\\\/9788424656614-1.jpg\",\"width\":310,\"height\":464},{\"@type\":\"BreadcrumbList\",\"@id\":\"https:\\\/\\\/elastic-books.com\\\/es\\\/libro\\\/magnus-chase-i-els-deus-dasgard-1-lespasa-de-lestiu\\\/#breadcrumb\",\"itemListElement\":[{\"@type\":\"ListItem\",\"position\":1,\"name\":\"Portada\",\"item\":\"https:\\\/\\\/elastic-books.com\\\/es\\\/\"},{\"@type\":\"ListItem\",\"position\":2,\"name\":\"T\u00edtulos\",\"item\":\"https:\\\/\\\/elastic-books.com\\\/es\\\/titulos\\\/\"},{\"@type\":\"ListItem\",\"position\":3,\"name\":\"Magnus Chase i els D\u00e9us d&#8217;Asgard 1. L&#8217;Espasa de l&#8217;Estiu\"}]},{\"@type\":\"WebSite\",\"@id\":\"https:\\\/\\\/elastic-books.com\\\/#website\",\"url\":\"https:\\\/\\\/elastic-books.com\\\/\",\"name\":\"Elastic Books\",\"description\":\"\",\"publisher\":{\"@id\":\"https:\\\/\\\/elastic-books.com\\\/#organization\"},\"alternateName\":\"Velas naturales\",\"potentialAction\":[{\"@type\":\"SearchAction\",\"target\":{\"@type\":\"EntryPoint\",\"urlTemplate\":\"https:\\\/\\\/elastic-books.com\\\/?s={search_term_string}\"},\"query-input\":{\"@type\":\"PropertyValueSpecification\",\"valueRequired\":true,\"valueName\":\"search_term_string\"}}],\"inLanguage\":\"es\"},{\"@type\":\"Organization\",\"@id\":\"https:\\\/\\\/elastic-books.com\\\/#organization\",\"name\":\"Reemocioart\",\"alternateName\":\"Reemocioart\",\"url\":\"https:\\\/\\\/elastic-books.com\\\/\",\"logo\":{\"@type\":\"ImageObject\",\"inLanguage\":\"es\",\"@id\":\"https:\\\/\\\/elastic-books.com\\\/#\\\/schema\\\/logo\\\/image\\\/\",\"url\":\"http:\\\/\\\/www.reemocioart.com.mialias.net\\\/wp-content\\\/uploads\\\/logo-footer.svg\",\"contentUrl\":\"http:\\\/\\\/www.reemocioart.com.mialias.net\\\/wp-content\\\/uploads\\\/logo-footer.svg\",\"width\":155,\"height\":120,\"caption\":\"Reemocioart\"},\"image\":{\"@id\":\"https:\\\/\\\/elastic-books.com\\\/#\\\/schema\\\/logo\\\/image\\\/\"},\"sameAs\":[\"https:\\\/\\\/www.facebook.com\\\/people\\\/Reemocioart\\\/100076073310442\\\/\",\"https:\\\/\\\/www.instagram.com\\\/reemocioart\\\/\"]}]}<\/script>\n<!-- \/ Yoast SEO plugin. -->","yoast_head_json":{"title":"Magnus Chase i els D\u00e9us d'Asgard 1. L'Espasa de l'Estiu - Elastic Books","robots":{"index":"index","follow":"follow","max-snippet":"max-snippet:-1","max-image-preview":"max-image-preview:large","max-video-preview":"max-video-preview:-1"},"canonical":"https:\/\/elastic-books.com\/es\/libro\/magnus-chase-i-els-deus-dasgard-1-lespasa-de-lestiu\/","og_locale":"es_ES","og_type":"article","og_title":"Magnus Chase i els D\u00e9us d'Asgard 1. L'Espasa de l'Estiu - Elastic Books","og_description":"9788424656614Rick Riordan","og_url":"https:\/\/elastic-books.com\/es\/libro\/magnus-chase-i-els-deus-dasgard-1-lespasa-de-lestiu\/","og_site_name":"Elastic Books","article_publisher":"https:\/\/www.facebook.com\/people\/Reemocioart\/100076073310442\/","article_modified_time":"2025-05-09T10:09:00+00:00","og_image":[{"width":310,"height":464,"url":"https:\/\/elastic-books.com\/wp-content\/uploads\/9788424656614-1.jpg","type":"image\/jpeg"}],"twitter_card":"summary_large_image","twitter_misc":{"Tiempo de lectura":"1 minuto"},"schema":{"@context":"https:\/\/schema.org","@graph":[{"@type":"WebPage","@id":"https:\/\/elastic-books.com\/es\/libro\/magnus-chase-i-els-deus-dasgard-1-lespasa-de-lestiu\/","url":"https:\/\/elastic-books.com\/es\/libro\/magnus-chase-i-els-deus-dasgard-1-lespasa-de-lestiu\/","name":"Magnus Chase i els D\u00e9us d'Asgard 1. L'Espasa de l'Estiu - Elastic Books","isPartOf":{"@id":"https:\/\/elastic-books.com\/#website"},"primaryImageOfPage":{"@id":"https:\/\/elastic-books.com\/es\/libro\/magnus-chase-i-els-deus-dasgard-1-lespasa-de-lestiu\/#primaryimage"},"image":{"@id":"https:\/\/elastic-books.com\/es\/libro\/magnus-chase-i-els-deus-dasgard-1-lespasa-de-lestiu\/#primaryimage"},"thumbnailUrl":"https:\/\/elastic-books.com\/wp-content\/uploads\/9788424656614-1.jpg","datePublished":"2016-01-07T18:11:12+00:00","dateModified":"2025-05-09T10:09:00+00:00","breadcrumb":{"@id":"https:\/\/elastic-books.com\/es\/libro\/magnus-chase-i-els-deus-dasgard-1-lespasa-de-lestiu\/#breadcrumb"},"inLanguage":"es","potentialAction":[{"@type":"ReadAction","target":["https:\/\/elastic-books.com\/es\/libro\/magnus-chase-i-els-deus-dasgard-1-lespasa-de-lestiu\/"]}]},{"@type":"ImageObject","inLanguage":"es","@id":"https:\/\/elastic-books.com\/es\/libro\/magnus-chase-i-els-deus-dasgard-1-lespasa-de-lestiu\/#primaryimage","url":"https:\/\/elastic-books.com\/wp-content\/uploads\/9788424656614-1.jpg","contentUrl":"https:\/\/elastic-books.com\/wp-content\/uploads\/9788424656614-1.jpg","width":310,"height":464},{"@type":"BreadcrumbList","@id":"https:\/\/elastic-books.com\/es\/libro\/magnus-chase-i-els-deus-dasgard-1-lespasa-de-lestiu\/#breadcrumb","itemListElement":[{"@type":"ListItem","position":1,"name":"Portada","item":"https:\/\/elastic-books.com\/es\/"},{"@type":"ListItem","position":2,"name":"T\u00edtulos","item":"https:\/\/elastic-books.com\/es\/titulos\/"},{"@type":"ListItem","position":3,"name":"Magnus Chase i els D\u00e9us d&#8217;Asgard 1. L&#8217;Espasa de l&#8217;Estiu"}]},{"@type":"WebSite","@id":"https:\/\/elastic-books.com\/#website","url":"https:\/\/elastic-books.com\/","name":"Elastic Books","description":"","publisher":{"@id":"https:\/\/elastic-books.com\/#organization"},"alternateName":"Velas naturales","potentialAction":[{"@type":"SearchAction","target":{"@type":"EntryPoint","urlTemplate":"https:\/\/elastic-books.com\/?s={search_term_string}"},"query-input":{"@type":"PropertyValueSpecification","valueRequired":true,"valueName":"search_term_string"}}],"inLanguage":"es"},{"@type":"Organization","@id":"https:\/\/elastic-books.com\/#organization","name":"Reemocioart","alternateName":"Reemocioart","url":"https:\/\/elastic-books.com\/","logo":{"@type":"ImageObject","inLanguage":"es","@id":"https:\/\/elastic-books.com\/#\/schema\/logo\/image\/","url":"http:\/\/www.reemocioart.com.mialias.net\/wp-content\/uploads\/logo-footer.svg","contentUrl":"http:\/\/www.reemocioart.com.mialias.net\/wp-content\/uploads\/logo-footer.svg","width":155,"height":120,"caption":"Reemocioart"},"image":{"@id":"https:\/\/elastic-books.com\/#\/schema\/logo\/image\/"},"sameAs":["https:\/\/www.facebook.com\/people\/Reemocioart\/100076073310442\/","https:\/\/www.instagram.com\/reemocioart\/"]}]}},"_links":{"self":[{"href":"https:\/\/elastic-books.com\/es\/wp-json\/wp\/v2\/product\/3448","targetHints":{"allow":["GET"]}}],"collection":[{"href":"https:\/\/elastic-books.com\/es\/wp-json\/wp\/v2\/product"}],"about":[{"href":"https:\/\/elastic-books.com\/es\/wp-json\/wp\/v2\/types\/product"}],"wp:featuredmedia":[{"embeddable":true,"href":"https:\/\/elastic-books.com\/es\/wp-json\/wp\/v2\/media\/3420"}],"wp:attachment":[{"href":"https:\/\/elastic-books.com\/es\/wp-json\/wp\/v2\/media?parent=3448"}],"wp:term":[{"taxonomy":"product_brand","embeddable":true,"href":"https:\/\/elastic-books.com\/es\/wp-json\/wp\/v2\/product_brand?post=3448"},{"taxonomy":"product_cat","embeddable":true,"href":"https:\/\/elastic-books.com\/es\/wp-json\/wp\/v2\/product_cat?post=3448"},{"taxonomy":"product_tag","embeddable":true,"href":"https:\/\/elastic-books.com\/es\/wp-json\/wp\/v2\/product_tag?post=3448"}],"curies":[{"name":"wp","href":"https:\/\/api.w.org\/{rel}","templated":true}]}}