{"id":3457,"date":"2019-03-06T19:11:12","date_gmt":"2019-03-06T18:11:12","guid":{"rendered":"https:\/\/elastic-books.com\/llibre\/lale-del-drac\/"},"modified":"2025-05-09T11:44:09","modified_gmt":"2025-05-09T09:44:09","slug":"lale-del-drac","status":"publish","type":"product","link":"https:\/\/elastic-books.com\/es\/libro\/lale-del-drac\/","title":{"rendered":"L&#8217;al\u00e8 del drac"},"content":{"rendered":"<p>L&#8217;Antoni \u00e9s un jove amb el cap ple de somnis impossibles per al futur. Un futur que espera compartir amb la Coia, la seva millor amiga d&#8217;infantesa i l&#8217;amor de la seva vida, una noia \u00fanica i especial que no sembla feta per al m\u00f3n que li ha tocat viure.<\/p>\n<p>S\u00f3n temps il\u00b7lusionants per als revolucionaris reusencs que esperen l&#8217;imminent esclat de la Primera Rep\u00fablica. Per\u00f2 el dest\u00ed, tr\u00e0gic, els juga una mala passada i trunca les esperances de l&#8217;Antoni. La mort de la seva estimada, l&#8217;obsessi\u00f3 per saber la veritat i la recerca de l&#8217;assass\u00ed ocuparan totes les seves hores de l&#8217;estiu de 1868, mentre es congria la revolta i la Reina Isabel I fa les maletes.<\/p>\n<p>La fascinant i trepidant hist\u00f2ria d&#8217;un jove idealista que acabaria canviant el m\u00f3n per sempre. El seu nom? Antoni Gaud\u00ed.<\/p>\n<p><i>L&#8217;al\u00e8 del drac<\/i> \u00e9s la nova novel\u00b7la de l&#8217;aclamada Maite Carranza. Una brillant barreja de ficci\u00f3 i fets reals que atrapa des de la primera p\u00e0gina.<\/p>\n","protected":false},"excerpt":{"rendered":"<p>9788424664695<br \/>Maite Carranza<\/p>\n","protected":false},"featured_media":3438,"template":"","meta":{"_acf_changed":false,"_monsterinsights_skip_tracking":false,"_monsterinsights_sitenote_active":false,"_monsterinsights_sitenote_note":"","_monsterinsights_sitenote_category":0},"product_brand":[],"product_cat":[15],"product_tag":[],"class_list":{"0":"post-3457","1":"product","2":"type-product","3":"status-publish","4":"has-post-thumbnail","6":"genero-fantasia","7":"product_cat-sin-categorizar","9":"first","10":"instock","11":"taxable","12":"shipping-taxable","13":"product-type-simple"},"acf":[],"yoast_head":"<!-- This site is optimized with the Yoast SEO plugin v27.5 - https:\/\/yoast.com\/product\/yoast-seo-wordpress\/ -->\n<title>L&#039;al\u00e8 del drac - Elastic Books<\/title>\n<meta name=\"robots\" content=\"index, follow, max-snippet:-1, max-image-preview:large, max-video-preview:-1\" \/>\n<link rel=\"canonical\" href=\"https:\/\/elastic-books.com\/es\/libro\/lale-del-drac\/\" \/>\n<meta property=\"og:locale\" content=\"es_ES\" \/>\n<meta property=\"og:type\" content=\"article\" \/>\n<meta property=\"og:title\" content=\"L&#039;al\u00e8 del drac - Elastic Books\" \/>\n<meta property=\"og:description\" content=\"9788424664695Maite Carranza\" \/>\n<meta property=\"og:url\" content=\"https:\/\/elastic-books.com\/es\/libro\/lale-del-drac\/\" \/>\n<meta property=\"og:site_name\" content=\"Elastic Books\" \/>\n<meta property=\"article:publisher\" content=\"https:\/\/www.facebook.com\/people\/Reemocioart\/100076073310442\/\" \/>\n<meta property=\"article:modified_time\" content=\"2025-05-09T09:44:09+00:00\" \/>\n<meta property=\"og:image\" content=\"https:\/\/elastic-books.com\/wp-content\/uploads\/9788424664695-1.jpg\" \/>\n\t<meta property=\"og:image:width\" content=\"1000\" \/>\n\t<meta property=\"og:image:height\" content=\"1433\" \/>\n\t<meta property=\"og:image:type\" content=\"image\/jpeg\" \/>\n<meta name=\"twitter:card\" content=\"summary_large_image\" \/>\n<meta name=\"twitter:label1\" content=\"Tiempo de lectura\" \/>\n\t<meta name=\"twitter:data1\" content=\"1 minuto\" \/>\n<script type=\"application\/ld+json\" class=\"yoast-schema-graph\">{\"@context\":\"https:\\\/\\\/schema.org\",\"@graph\":[{\"@type\":\"WebPage\",\"@id\":\"https:\\\/\\\/elastic-books.com\\\/es\\\/libro\\\/lale-del-drac\\\/\",\"url\":\"https:\\\/\\\/elastic-books.com\\\/es\\\/libro\\\/lale-del-drac\\\/\",\"name\":\"L'al\u00e8 del drac - Elastic Books\",\"isPartOf\":{\"@id\":\"https:\\\/\\\/elastic-books.com\\\/#website\"},\"primaryImageOfPage\":{\"@id\":\"https:\\\/\\\/elastic-books.com\\\/es\\\/libro\\\/lale-del-drac\\\/#primaryimage\"},\"image\":{\"@id\":\"https:\\\/\\\/elastic-books.com\\\/es\\\/libro\\\/lale-del-drac\\\/#primaryimage\"},\"thumbnailUrl\":\"https:\\\/\\\/elastic-books.com\\\/wp-content\\\/uploads\\\/9788424664695-1.jpg\",\"datePublished\":\"2019-03-06T18:11:12+00:00\",\"dateModified\":\"2025-05-09T09:44:09+00:00\",\"breadcrumb\":{\"@id\":\"https:\\\/\\\/elastic-books.com\\\/es\\\/libro\\\/lale-del-drac\\\/#breadcrumb\"},\"inLanguage\":\"es\",\"potentialAction\":[{\"@type\":\"ReadAction\",\"target\":[\"https:\\\/\\\/elastic-books.com\\\/es\\\/libro\\\/lale-del-drac\\\/\"]}]},{\"@type\":\"ImageObject\",\"inLanguage\":\"es\",\"@id\":\"https:\\\/\\\/elastic-books.com\\\/es\\\/libro\\\/lale-del-drac\\\/#primaryimage\",\"url\":\"https:\\\/\\\/elastic-books.com\\\/wp-content\\\/uploads\\\/9788424664695-1.jpg\",\"contentUrl\":\"https:\\\/\\\/elastic-books.com\\\/wp-content\\\/uploads\\\/9788424664695-1.jpg\",\"width\":1000,\"height\":1433},{\"@type\":\"BreadcrumbList\",\"@id\":\"https:\\\/\\\/elastic-books.com\\\/es\\\/libro\\\/lale-del-drac\\\/#breadcrumb\",\"itemListElement\":[{\"@type\":\"ListItem\",\"position\":1,\"name\":\"Portada\",\"item\":\"https:\\\/\\\/elastic-books.com\\\/es\\\/\"},{\"@type\":\"ListItem\",\"position\":2,\"name\":\"T\u00edtulos\",\"item\":\"https:\\\/\\\/elastic-books.com\\\/es\\\/titulos\\\/\"},{\"@type\":\"ListItem\",\"position\":3,\"name\":\"L&#8217;al\u00e8 del drac\"}]},{\"@type\":\"WebSite\",\"@id\":\"https:\\\/\\\/elastic-books.com\\\/#website\",\"url\":\"https:\\\/\\\/elastic-books.com\\\/\",\"name\":\"Elastic Books\",\"description\":\"\",\"publisher\":{\"@id\":\"https:\\\/\\\/elastic-books.com\\\/#organization\"},\"alternateName\":\"Velas naturales\",\"potentialAction\":[{\"@type\":\"SearchAction\",\"target\":{\"@type\":\"EntryPoint\",\"urlTemplate\":\"https:\\\/\\\/elastic-books.com\\\/?s={search_term_string}\"},\"query-input\":{\"@type\":\"PropertyValueSpecification\",\"valueRequired\":true,\"valueName\":\"search_term_string\"}}],\"inLanguage\":\"es\"},{\"@type\":\"Organization\",\"@id\":\"https:\\\/\\\/elastic-books.com\\\/#organization\",\"name\":\"Reemocioart\",\"alternateName\":\"Reemocioart\",\"url\":\"https:\\\/\\\/elastic-books.com\\\/\",\"logo\":{\"@type\":\"ImageObject\",\"inLanguage\":\"es\",\"@id\":\"https:\\\/\\\/elastic-books.com\\\/#\\\/schema\\\/logo\\\/image\\\/\",\"url\":\"http:\\\/\\\/www.reemocioart.com.mialias.net\\\/wp-content\\\/uploads\\\/logo-footer.svg\",\"contentUrl\":\"http:\\\/\\\/www.reemocioart.com.mialias.net\\\/wp-content\\\/uploads\\\/logo-footer.svg\",\"width\":155,\"height\":120,\"caption\":\"Reemocioart\"},\"image\":{\"@id\":\"https:\\\/\\\/elastic-books.com\\\/#\\\/schema\\\/logo\\\/image\\\/\"},\"sameAs\":[\"https:\\\/\\\/www.facebook.com\\\/people\\\/Reemocioart\\\/100076073310442\\\/\",\"https:\\\/\\\/www.instagram.com\\\/reemocioart\\\/\"]}]}<\/script>\n<!-- \/ Yoast SEO plugin. -->","yoast_head_json":{"title":"L'al\u00e8 del drac - Elastic Books","robots":{"index":"index","follow":"follow","max-snippet":"max-snippet:-1","max-image-preview":"max-image-preview:large","max-video-preview":"max-video-preview:-1"},"canonical":"https:\/\/elastic-books.com\/es\/libro\/lale-del-drac\/","og_locale":"es_ES","og_type":"article","og_title":"L'al\u00e8 del drac - Elastic Books","og_description":"9788424664695Maite Carranza","og_url":"https:\/\/elastic-books.com\/es\/libro\/lale-del-drac\/","og_site_name":"Elastic Books","article_publisher":"https:\/\/www.facebook.com\/people\/Reemocioart\/100076073310442\/","article_modified_time":"2025-05-09T09:44:09+00:00","og_image":[{"width":1000,"height":1433,"url":"https:\/\/elastic-books.com\/wp-content\/uploads\/9788424664695-1.jpg","type":"image\/jpeg"}],"twitter_card":"summary_large_image","twitter_misc":{"Tiempo de lectura":"1 minuto"},"schema":{"@context":"https:\/\/schema.org","@graph":[{"@type":"WebPage","@id":"https:\/\/elastic-books.com\/es\/libro\/lale-del-drac\/","url":"https:\/\/elastic-books.com\/es\/libro\/lale-del-drac\/","name":"L'al\u00e8 del drac - Elastic Books","isPartOf":{"@id":"https:\/\/elastic-books.com\/#website"},"primaryImageOfPage":{"@id":"https:\/\/elastic-books.com\/es\/libro\/lale-del-drac\/#primaryimage"},"image":{"@id":"https:\/\/elastic-books.com\/es\/libro\/lale-del-drac\/#primaryimage"},"thumbnailUrl":"https:\/\/elastic-books.com\/wp-content\/uploads\/9788424664695-1.jpg","datePublished":"2019-03-06T18:11:12+00:00","dateModified":"2025-05-09T09:44:09+00:00","breadcrumb":{"@id":"https:\/\/elastic-books.com\/es\/libro\/lale-del-drac\/#breadcrumb"},"inLanguage":"es","potentialAction":[{"@type":"ReadAction","target":["https:\/\/elastic-books.com\/es\/libro\/lale-del-drac\/"]}]},{"@type":"ImageObject","inLanguage":"es","@id":"https:\/\/elastic-books.com\/es\/libro\/lale-del-drac\/#primaryimage","url":"https:\/\/elastic-books.com\/wp-content\/uploads\/9788424664695-1.jpg","contentUrl":"https:\/\/elastic-books.com\/wp-content\/uploads\/9788424664695-1.jpg","width":1000,"height":1433},{"@type":"BreadcrumbList","@id":"https:\/\/elastic-books.com\/es\/libro\/lale-del-drac\/#breadcrumb","itemListElement":[{"@type":"ListItem","position":1,"name":"Portada","item":"https:\/\/elastic-books.com\/es\/"},{"@type":"ListItem","position":2,"name":"T\u00edtulos","item":"https:\/\/elastic-books.com\/es\/titulos\/"},{"@type":"ListItem","position":3,"name":"L&#8217;al\u00e8 del drac"}]},{"@type":"WebSite","@id":"https:\/\/elastic-books.com\/#website","url":"https:\/\/elastic-books.com\/","name":"Elastic Books","description":"","publisher":{"@id":"https:\/\/elastic-books.com\/#organization"},"alternateName":"Velas naturales","potentialAction":[{"@type":"SearchAction","target":{"@type":"EntryPoint","urlTemplate":"https:\/\/elastic-books.com\/?s={search_term_string}"},"query-input":{"@type":"PropertyValueSpecification","valueRequired":true,"valueName":"search_term_string"}}],"inLanguage":"es"},{"@type":"Organization","@id":"https:\/\/elastic-books.com\/#organization","name":"Reemocioart","alternateName":"Reemocioart","url":"https:\/\/elastic-books.com\/","logo":{"@type":"ImageObject","inLanguage":"es","@id":"https:\/\/elastic-books.com\/#\/schema\/logo\/image\/","url":"http:\/\/www.reemocioart.com.mialias.net\/wp-content\/uploads\/logo-footer.svg","contentUrl":"http:\/\/www.reemocioart.com.mialias.net\/wp-content\/uploads\/logo-footer.svg","width":155,"height":120,"caption":"Reemocioart"},"image":{"@id":"https:\/\/elastic-books.com\/#\/schema\/logo\/image\/"},"sameAs":["https:\/\/www.facebook.com\/people\/Reemocioart\/100076073310442\/","https:\/\/www.instagram.com\/reemocioart\/"]}]}},"_links":{"self":[{"href":"https:\/\/elastic-books.com\/es\/wp-json\/wp\/v2\/product\/3457","targetHints":{"allow":["GET"]}}],"collection":[{"href":"https:\/\/elastic-books.com\/es\/wp-json\/wp\/v2\/product"}],"about":[{"href":"https:\/\/elastic-books.com\/es\/wp-json\/wp\/v2\/types\/product"}],"wp:featuredmedia":[{"embeddable":true,"href":"https:\/\/elastic-books.com\/es\/wp-json\/wp\/v2\/media\/3438"}],"wp:attachment":[{"href":"https:\/\/elastic-books.com\/es\/wp-json\/wp\/v2\/media?parent=3457"}],"wp:term":[{"taxonomy":"product_brand","embeddable":true,"href":"https:\/\/elastic-books.com\/es\/wp-json\/wp\/v2\/product_brand?post=3457"},{"taxonomy":"product_cat","embeddable":true,"href":"https:\/\/elastic-books.com\/es\/wp-json\/wp\/v2\/product_cat?post=3457"},{"taxonomy":"product_tag","embeddable":true,"href":"https:\/\/elastic-books.com\/es\/wp-json\/wp\/v2\/product_tag?post=3457"}],"curies":[{"name":"wp","href":"https:\/\/api.w.org\/{rel}","templated":true}]}}