{"id":3459,"date":"2012-09-18T19:10:59","date_gmt":"2012-09-18T17:10:59","guid":{"rendered":"https:\/\/elastic-books.com\/llibre\/karvadan-la-llegenda-de-limpostor\/"},"modified":"2025-05-09T12:18:23","modified_gmt":"2025-05-09T10:18:23","slug":"karvadan-la-llegenda-de-limpostor","status":"publish","type":"product","link":"https:\/\/elastic-books.com\/es\/libro\/karvadan-la-llegenda-de-limpostor\/","title":{"rendered":"K\u00e0rvadan. La llegenda de l&#8217;impostor"},"content":{"rendered":"<p>L&#8217;estiu del 2011, Pol B\u00e0rsac es despenja del balc\u00f3 de casa seva i s&#8217;escapa de la policia; volen arrestar-lo per activitats de sabotatge en les manifestacions dels indignats. \u00c9s aix\u00ed com, amb la idea de passar a Fran\u00e7a, s&#8217;interna a peu en les abruptes muntanyes de l&#8217;Alta Garrotxa&#8230;<\/p>\n<p>Per un estrany fenomen f\u00edsic, per\u00f2, en Pol \u00e9s transportat a una altra dimensi\u00f3 o a una altra temporalitat, en definitiva a un univers fant\u00e0stic ple de magn\u00edfiques ciutats encastellades, animals inversemblants i selves frondoses, que curiosament li resulta molt familiar. Per sobreviure en aquest nou m\u00f3n haur\u00e0 de suplantar la identitat d&#8217;un \u00e9sser m\u00edtic, el K\u00e0rvadan, responsable de salvar aquest indret d&#8217;una plaga mal\u00e8fica. La missi\u00f3 el portar\u00e0 a enfrontar-se als perills i als paranys que tant els homes, que ambicionen el poder, com la natura, plena de paratges paorosos i b\u00e8sties de malson, li pararan una vegada i una altra. I tamb\u00e9 coneixer\u00e0 la Lia, una princesa que l&#8217;acompanyar\u00e0 en la seva missi\u00f3 i amb la qual viur\u00e0 una apassionada hist\u00f2ria d&#8217;amor. Tots dos hauran de superar proves molt dif\u00edcils que canviaran la seva personalitat i que els faran descobrir el valor de la fidelitat, l&#8217;amistat, la valentia i la passi\u00f3.<\/p>\n","protected":false},"excerpt":{"rendered":"<p>9788424643669<br \/>Carles Batlle i Jord\u00e0<\/p>\n","protected":false},"featured_media":3387,"template":"","meta":{"_acf_changed":false,"_monsterinsights_skip_tracking":false,"_monsterinsights_sitenote_active":false,"_monsterinsights_sitenote_note":"","_monsterinsights_sitenote_category":0},"product_brand":[],"product_cat":[15],"product_tag":[],"class_list":{"0":"post-3459","1":"product","2":"type-product","3":"status-publish","4":"has-post-thumbnail","6":"product_cat-sin-categorizar","8":"first","9":"instock","10":"taxable","11":"shipping-taxable","12":"product-type-simple"},"acf":[],"yoast_head":"<!-- This site is optimized with the Yoast SEO plugin v27.5 - https:\/\/yoast.com\/product\/yoast-seo-wordpress\/ -->\n<title>K\u00e0rvadan. La llegenda de l&#039;impostor - Elastic Books<\/title>\n<meta name=\"robots\" content=\"index, follow, max-snippet:-1, max-image-preview:large, max-video-preview:-1\" \/>\n<link rel=\"canonical\" href=\"https:\/\/elastic-books.com\/es\/libro\/karvadan-la-llegenda-de-limpostor\/\" \/>\n<meta property=\"og:locale\" content=\"es_ES\" \/>\n<meta property=\"og:type\" content=\"article\" \/>\n<meta property=\"og:title\" content=\"K\u00e0rvadan. La llegenda de l&#039;impostor - Elastic Books\" \/>\n<meta property=\"og:description\" content=\"9788424643669Carles Batlle i Jord\u00e0\" \/>\n<meta property=\"og:url\" content=\"https:\/\/elastic-books.com\/es\/libro\/karvadan-la-llegenda-de-limpostor\/\" \/>\n<meta property=\"og:site_name\" content=\"Elastic Books\" \/>\n<meta property=\"article:publisher\" content=\"https:\/\/www.facebook.com\/people\/Reemocioart\/100076073310442\/\" \/>\n<meta property=\"article:modified_time\" content=\"2025-05-09T10:18:23+00:00\" \/>\n<meta property=\"og:image\" content=\"https:\/\/elastic-books.com\/wp-content\/uploads\/9788424643669-1.jpg\" \/>\n\t<meta property=\"og:image:width\" content=\"310\" \/>\n\t<meta property=\"og:image:height\" content=\"456\" \/>\n\t<meta property=\"og:image:type\" content=\"image\/jpeg\" \/>\n<meta name=\"twitter:card\" content=\"summary_large_image\" \/>\n<meta name=\"twitter:label1\" content=\"Tiempo de lectura\" \/>\n\t<meta name=\"twitter:data1\" content=\"2 minutos\" \/>\n<script type=\"application\/ld+json\" class=\"yoast-schema-graph\">{\"@context\":\"https:\\\/\\\/schema.org\",\"@graph\":[{\"@type\":\"WebPage\",\"@id\":\"https:\\\/\\\/elastic-books.com\\\/es\\\/libro\\\/karvadan-la-llegenda-de-limpostor\\\/\",\"url\":\"https:\\\/\\\/elastic-books.com\\\/es\\\/libro\\\/karvadan-la-llegenda-de-limpostor\\\/\",\"name\":\"K\u00e0rvadan. La llegenda de l'impostor - Elastic Books\",\"isPartOf\":{\"@id\":\"https:\\\/\\\/elastic-books.com\\\/#website\"},\"primaryImageOfPage\":{\"@id\":\"https:\\\/\\\/elastic-books.com\\\/es\\\/libro\\\/karvadan-la-llegenda-de-limpostor\\\/#primaryimage\"},\"image\":{\"@id\":\"https:\\\/\\\/elastic-books.com\\\/es\\\/libro\\\/karvadan-la-llegenda-de-limpostor\\\/#primaryimage\"},\"thumbnailUrl\":\"https:\\\/\\\/elastic-books.com\\\/wp-content\\\/uploads\\\/9788424643669-1.jpg\",\"datePublished\":\"2012-09-18T17:10:59+00:00\",\"dateModified\":\"2025-05-09T10:18:23+00:00\",\"breadcrumb\":{\"@id\":\"https:\\\/\\\/elastic-books.com\\\/es\\\/libro\\\/karvadan-la-llegenda-de-limpostor\\\/#breadcrumb\"},\"inLanguage\":\"es\",\"potentialAction\":[{\"@type\":\"ReadAction\",\"target\":[\"https:\\\/\\\/elastic-books.com\\\/es\\\/libro\\\/karvadan-la-llegenda-de-limpostor\\\/\"]}]},{\"@type\":\"ImageObject\",\"inLanguage\":\"es\",\"@id\":\"https:\\\/\\\/elastic-books.com\\\/es\\\/libro\\\/karvadan-la-llegenda-de-limpostor\\\/#primaryimage\",\"url\":\"https:\\\/\\\/elastic-books.com\\\/wp-content\\\/uploads\\\/9788424643669-1.jpg\",\"contentUrl\":\"https:\\\/\\\/elastic-books.com\\\/wp-content\\\/uploads\\\/9788424643669-1.jpg\",\"width\":310,\"height\":456},{\"@type\":\"BreadcrumbList\",\"@id\":\"https:\\\/\\\/elastic-books.com\\\/es\\\/libro\\\/karvadan-la-llegenda-de-limpostor\\\/#breadcrumb\",\"itemListElement\":[{\"@type\":\"ListItem\",\"position\":1,\"name\":\"Portada\",\"item\":\"https:\\\/\\\/elastic-books.com\\\/es\\\/\"},{\"@type\":\"ListItem\",\"position\":2,\"name\":\"T\u00edtulos\",\"item\":\"https:\\\/\\\/elastic-books.com\\\/es\\\/titulos\\\/\"},{\"@type\":\"ListItem\",\"position\":3,\"name\":\"K\u00e0rvadan. La llegenda de l&#8217;impostor\"}]},{\"@type\":\"WebSite\",\"@id\":\"https:\\\/\\\/elastic-books.com\\\/#website\",\"url\":\"https:\\\/\\\/elastic-books.com\\\/\",\"name\":\"Elastic Books\",\"description\":\"\",\"publisher\":{\"@id\":\"https:\\\/\\\/elastic-books.com\\\/#organization\"},\"alternateName\":\"Velas naturales\",\"potentialAction\":[{\"@type\":\"SearchAction\",\"target\":{\"@type\":\"EntryPoint\",\"urlTemplate\":\"https:\\\/\\\/elastic-books.com\\\/?s={search_term_string}\"},\"query-input\":{\"@type\":\"PropertyValueSpecification\",\"valueRequired\":true,\"valueName\":\"search_term_string\"}}],\"inLanguage\":\"es\"},{\"@type\":\"Organization\",\"@id\":\"https:\\\/\\\/elastic-books.com\\\/#organization\",\"name\":\"Reemocioart\",\"alternateName\":\"Reemocioart\",\"url\":\"https:\\\/\\\/elastic-books.com\\\/\",\"logo\":{\"@type\":\"ImageObject\",\"inLanguage\":\"es\",\"@id\":\"https:\\\/\\\/elastic-books.com\\\/#\\\/schema\\\/logo\\\/image\\\/\",\"url\":\"http:\\\/\\\/www.reemocioart.com.mialias.net\\\/wp-content\\\/uploads\\\/logo-footer.svg\",\"contentUrl\":\"http:\\\/\\\/www.reemocioart.com.mialias.net\\\/wp-content\\\/uploads\\\/logo-footer.svg\",\"width\":155,\"height\":120,\"caption\":\"Reemocioart\"},\"image\":{\"@id\":\"https:\\\/\\\/elastic-books.com\\\/#\\\/schema\\\/logo\\\/image\\\/\"},\"sameAs\":[\"https:\\\/\\\/www.facebook.com\\\/people\\\/Reemocioart\\\/100076073310442\\\/\",\"https:\\\/\\\/www.instagram.com\\\/reemocioart\\\/\"]}]}<\/script>\n<!-- \/ Yoast SEO plugin. -->","yoast_head_json":{"title":"K\u00e0rvadan. La llegenda de l'impostor - Elastic Books","robots":{"index":"index","follow":"follow","max-snippet":"max-snippet:-1","max-image-preview":"max-image-preview:large","max-video-preview":"max-video-preview:-1"},"canonical":"https:\/\/elastic-books.com\/es\/libro\/karvadan-la-llegenda-de-limpostor\/","og_locale":"es_ES","og_type":"article","og_title":"K\u00e0rvadan. La llegenda de l'impostor - Elastic Books","og_description":"9788424643669Carles Batlle i Jord\u00e0","og_url":"https:\/\/elastic-books.com\/es\/libro\/karvadan-la-llegenda-de-limpostor\/","og_site_name":"Elastic Books","article_publisher":"https:\/\/www.facebook.com\/people\/Reemocioart\/100076073310442\/","article_modified_time":"2025-05-09T10:18:23+00:00","og_image":[{"width":310,"height":456,"url":"https:\/\/elastic-books.com\/wp-content\/uploads\/9788424643669-1.jpg","type":"image\/jpeg"}],"twitter_card":"summary_large_image","twitter_misc":{"Tiempo de lectura":"2 minutos"},"schema":{"@context":"https:\/\/schema.org","@graph":[{"@type":"WebPage","@id":"https:\/\/elastic-books.com\/es\/libro\/karvadan-la-llegenda-de-limpostor\/","url":"https:\/\/elastic-books.com\/es\/libro\/karvadan-la-llegenda-de-limpostor\/","name":"K\u00e0rvadan. La llegenda de l'impostor - Elastic Books","isPartOf":{"@id":"https:\/\/elastic-books.com\/#website"},"primaryImageOfPage":{"@id":"https:\/\/elastic-books.com\/es\/libro\/karvadan-la-llegenda-de-limpostor\/#primaryimage"},"image":{"@id":"https:\/\/elastic-books.com\/es\/libro\/karvadan-la-llegenda-de-limpostor\/#primaryimage"},"thumbnailUrl":"https:\/\/elastic-books.com\/wp-content\/uploads\/9788424643669-1.jpg","datePublished":"2012-09-18T17:10:59+00:00","dateModified":"2025-05-09T10:18:23+00:00","breadcrumb":{"@id":"https:\/\/elastic-books.com\/es\/libro\/karvadan-la-llegenda-de-limpostor\/#breadcrumb"},"inLanguage":"es","potentialAction":[{"@type":"ReadAction","target":["https:\/\/elastic-books.com\/es\/libro\/karvadan-la-llegenda-de-limpostor\/"]}]},{"@type":"ImageObject","inLanguage":"es","@id":"https:\/\/elastic-books.com\/es\/libro\/karvadan-la-llegenda-de-limpostor\/#primaryimage","url":"https:\/\/elastic-books.com\/wp-content\/uploads\/9788424643669-1.jpg","contentUrl":"https:\/\/elastic-books.com\/wp-content\/uploads\/9788424643669-1.jpg","width":310,"height":456},{"@type":"BreadcrumbList","@id":"https:\/\/elastic-books.com\/es\/libro\/karvadan-la-llegenda-de-limpostor\/#breadcrumb","itemListElement":[{"@type":"ListItem","position":1,"name":"Portada","item":"https:\/\/elastic-books.com\/es\/"},{"@type":"ListItem","position":2,"name":"T\u00edtulos","item":"https:\/\/elastic-books.com\/es\/titulos\/"},{"@type":"ListItem","position":3,"name":"K\u00e0rvadan. La llegenda de l&#8217;impostor"}]},{"@type":"WebSite","@id":"https:\/\/elastic-books.com\/#website","url":"https:\/\/elastic-books.com\/","name":"Elastic Books","description":"","publisher":{"@id":"https:\/\/elastic-books.com\/#organization"},"alternateName":"Velas naturales","potentialAction":[{"@type":"SearchAction","target":{"@type":"EntryPoint","urlTemplate":"https:\/\/elastic-books.com\/?s={search_term_string}"},"query-input":{"@type":"PropertyValueSpecification","valueRequired":true,"valueName":"search_term_string"}}],"inLanguage":"es"},{"@type":"Organization","@id":"https:\/\/elastic-books.com\/#organization","name":"Reemocioart","alternateName":"Reemocioart","url":"https:\/\/elastic-books.com\/","logo":{"@type":"ImageObject","inLanguage":"es","@id":"https:\/\/elastic-books.com\/#\/schema\/logo\/image\/","url":"http:\/\/www.reemocioart.com.mialias.net\/wp-content\/uploads\/logo-footer.svg","contentUrl":"http:\/\/www.reemocioart.com.mialias.net\/wp-content\/uploads\/logo-footer.svg","width":155,"height":120,"caption":"Reemocioart"},"image":{"@id":"https:\/\/elastic-books.com\/#\/schema\/logo\/image\/"},"sameAs":["https:\/\/www.facebook.com\/people\/Reemocioart\/100076073310442\/","https:\/\/www.instagram.com\/reemocioart\/"]}]}},"_links":{"self":[{"href":"https:\/\/elastic-books.com\/es\/wp-json\/wp\/v2\/product\/3459","targetHints":{"allow":["GET"]}}],"collection":[{"href":"https:\/\/elastic-books.com\/es\/wp-json\/wp\/v2\/product"}],"about":[{"href":"https:\/\/elastic-books.com\/es\/wp-json\/wp\/v2\/types\/product"}],"wp:featuredmedia":[{"embeddable":true,"href":"https:\/\/elastic-books.com\/es\/wp-json\/wp\/v2\/media\/3387"}],"wp:attachment":[{"href":"https:\/\/elastic-books.com\/es\/wp-json\/wp\/v2\/media?parent=3459"}],"wp:term":[{"taxonomy":"product_brand","embeddable":true,"href":"https:\/\/elastic-books.com\/es\/wp-json\/wp\/v2\/product_brand?post=3459"},{"taxonomy":"product_cat","embeddable":true,"href":"https:\/\/elastic-books.com\/es\/wp-json\/wp\/v2\/product_cat?post=3459"},{"taxonomy":"product_tag","embeddable":true,"href":"https:\/\/elastic-books.com\/es\/wp-json\/wp\/v2\/product_tag?post=3459"}],"curies":[{"name":"wp","href":"https:\/\/api.w.org\/{rel}","templated":true}]}}