{"id":3473,"date":"2021-10-07T19:10:47","date_gmt":"2021-10-07T17:10:47","guid":{"rendered":"https:\/\/elastic-books.com\/llibre\/ciutat-de-vampirs-1-el-club-de-les-ombres\/"},"modified":"2025-06-27T15:29:33","modified_gmt":"2025-06-27T13:29:33","slug":"ciutat-de-vampirs-1-el-club-de-les-ombres","status":"publish","type":"product","link":"https:\/\/elastic-books.com\/es\/libro\/ciutat-de-vampirs-1-el-club-de-les-ombres\/","title":{"rendered":"Ciutat de vampirs 1. El club de les ombres"},"content":{"rendered":"<p>Suspendre no \u00e9s el pitjor que et pot pasar quan fas el treball de recerca de batxillerat.<\/p>\n<p>La Vampira de Barcelona, la segrestadora de nens\u0085que va trasbalsar i atemorir la societat el 1912, sembla un bon tema pel treball de la Sol. Per\u00f2 la l\u00ednia entre realitat i llegenda urbana \u00e9s molt perillosa.<\/p>\n<p>Ajudada pel Jonathan, un company de classe aspirant a youtuber, i pel Rafa, un ve\u00ed en cadira de rodes que havia estat guia tur\u00edstic, la Sol segueix el rastre de la terrible criminal en una Barcelona on, un segle despr\u00e9s, encara desapareixen molts menors. I els tres toparan amb una ciutat que encara amaga secrets sinistres&#8230; i letals.<\/p>\n<p><b>Una novel\u00b7la \u00e0cida i trepidant sobre tres amenaces que et poden destrossar la vida: els vampirs, els <\/b><b><i>crushes<\/i> i els treballs de recerca.<\/b><\/p>\n","protected":false},"excerpt":{"rendered":"<p>9788424670665<br \/>Mart\u00edn Pi\u00f1ol<\/p>\n","protected":false},"featured_media":3371,"template":"","meta":{"_acf_changed":false,"_monsterinsights_skip_tracking":false,"_monsterinsights_sitenote_active":false,"_monsterinsights_sitenote_note":"","_monsterinsights_sitenote_category":0},"product_brand":[],"product_cat":[15],"product_tag":[],"class_list":{"0":"post-3473","1":"product","2":"type-product","3":"status-publish","4":"has-post-thumbnail","6":"product_cat-sin-categorizar","8":"first","9":"instock","10":"taxable","11":"shipping-taxable","12":"product-type-simple"},"acf":[],"yoast_head":"<!-- This site is optimized with the Yoast SEO plugin v27.5 - https:\/\/yoast.com\/product\/yoast-seo-wordpress\/ -->\n<title>Ciutat de vampirs 1. El club de les ombres - Elastic Books<\/title>\n<meta name=\"robots\" content=\"index, follow, max-snippet:-1, max-image-preview:large, max-video-preview:-1\" \/>\n<link rel=\"canonical\" href=\"https:\/\/elastic-books.com\/es\/libro\/ciutat-de-vampirs-1-el-club-de-les-ombres\/\" \/>\n<meta property=\"og:locale\" content=\"es_ES\" \/>\n<meta property=\"og:type\" content=\"article\" \/>\n<meta property=\"og:title\" content=\"Ciutat de vampirs 1. El club de les ombres - Elastic Books\" \/>\n<meta property=\"og:description\" content=\"9788424670665Mart\u00edn Pi\u00f1ol\" \/>\n<meta property=\"og:url\" content=\"https:\/\/elastic-books.com\/es\/libro\/ciutat-de-vampirs-1-el-club-de-les-ombres\/\" \/>\n<meta property=\"og:site_name\" content=\"Elastic Books\" \/>\n<meta property=\"article:publisher\" content=\"https:\/\/www.facebook.com\/people\/Reemocioart\/100076073310442\/\" \/>\n<meta property=\"article:modified_time\" content=\"2025-06-27T13:29:33+00:00\" \/>\n<meta property=\"og:image\" content=\"https:\/\/elastic-books.com\/wp-content\/uploads\/9788424670665-1.jpg\" \/>\n\t<meta property=\"og:image:width\" content=\"610\" \/>\n\t<meta property=\"og:image:height\" content=\"882\" \/>\n\t<meta property=\"og:image:type\" content=\"image\/jpeg\" \/>\n<meta name=\"twitter:card\" content=\"summary_large_image\" \/>\n<meta name=\"twitter:label1\" content=\"Tiempo de lectura\" \/>\n\t<meta name=\"twitter:data1\" content=\"1 minuto\" \/>\n<script type=\"application\/ld+json\" class=\"yoast-schema-graph\">{\"@context\":\"https:\\\/\\\/schema.org\",\"@graph\":[{\"@type\":\"WebPage\",\"@id\":\"https:\\\/\\\/elastic-books.com\\\/es\\\/libro\\\/ciutat-de-vampirs-1-el-club-de-les-ombres\\\/\",\"url\":\"https:\\\/\\\/elastic-books.com\\\/es\\\/libro\\\/ciutat-de-vampirs-1-el-club-de-les-ombres\\\/\",\"name\":\"Ciutat de vampirs 1. El club de les ombres - Elastic Books\",\"isPartOf\":{\"@id\":\"https:\\\/\\\/elastic-books.com\\\/#website\"},\"primaryImageOfPage\":{\"@id\":\"https:\\\/\\\/elastic-books.com\\\/es\\\/libro\\\/ciutat-de-vampirs-1-el-club-de-les-ombres\\\/#primaryimage\"},\"image\":{\"@id\":\"https:\\\/\\\/elastic-books.com\\\/es\\\/libro\\\/ciutat-de-vampirs-1-el-club-de-les-ombres\\\/#primaryimage\"},\"thumbnailUrl\":\"https:\\\/\\\/elastic-books.com\\\/wp-content\\\/uploads\\\/9788424670665-1.jpg\",\"datePublished\":\"2021-10-07T17:10:47+00:00\",\"dateModified\":\"2025-06-27T13:29:33+00:00\",\"breadcrumb\":{\"@id\":\"https:\\\/\\\/elastic-books.com\\\/es\\\/libro\\\/ciutat-de-vampirs-1-el-club-de-les-ombres\\\/#breadcrumb\"},\"inLanguage\":\"es\",\"potentialAction\":[{\"@type\":\"ReadAction\",\"target\":[\"https:\\\/\\\/elastic-books.com\\\/es\\\/libro\\\/ciutat-de-vampirs-1-el-club-de-les-ombres\\\/\"]}]},{\"@type\":\"ImageObject\",\"inLanguage\":\"es\",\"@id\":\"https:\\\/\\\/elastic-books.com\\\/es\\\/libro\\\/ciutat-de-vampirs-1-el-club-de-les-ombres\\\/#primaryimage\",\"url\":\"https:\\\/\\\/elastic-books.com\\\/wp-content\\\/uploads\\\/9788424670665-1.jpg\",\"contentUrl\":\"https:\\\/\\\/elastic-books.com\\\/wp-content\\\/uploads\\\/9788424670665-1.jpg\",\"width\":610,\"height\":882},{\"@type\":\"BreadcrumbList\",\"@id\":\"https:\\\/\\\/elastic-books.com\\\/es\\\/libro\\\/ciutat-de-vampirs-1-el-club-de-les-ombres\\\/#breadcrumb\",\"itemListElement\":[{\"@type\":\"ListItem\",\"position\":1,\"name\":\"Portada\",\"item\":\"https:\\\/\\\/elastic-books.com\\\/es\\\/\"},{\"@type\":\"ListItem\",\"position\":2,\"name\":\"T\u00edtulos\",\"item\":\"https:\\\/\\\/elastic-books.com\\\/es\\\/titulos\\\/\"},{\"@type\":\"ListItem\",\"position\":3,\"name\":\"Ciutat de vampirs 1. El club de les ombres\"}]},{\"@type\":\"WebSite\",\"@id\":\"https:\\\/\\\/elastic-books.com\\\/#website\",\"url\":\"https:\\\/\\\/elastic-books.com\\\/\",\"name\":\"Elastic Books\",\"description\":\"\",\"publisher\":{\"@id\":\"https:\\\/\\\/elastic-books.com\\\/#organization\"},\"alternateName\":\"Velas naturales\",\"potentialAction\":[{\"@type\":\"SearchAction\",\"target\":{\"@type\":\"EntryPoint\",\"urlTemplate\":\"https:\\\/\\\/elastic-books.com\\\/?s={search_term_string}\"},\"query-input\":{\"@type\":\"PropertyValueSpecification\",\"valueRequired\":true,\"valueName\":\"search_term_string\"}}],\"inLanguage\":\"es\"},{\"@type\":\"Organization\",\"@id\":\"https:\\\/\\\/elastic-books.com\\\/#organization\",\"name\":\"Reemocioart\",\"alternateName\":\"Reemocioart\",\"url\":\"https:\\\/\\\/elastic-books.com\\\/\",\"logo\":{\"@type\":\"ImageObject\",\"inLanguage\":\"es\",\"@id\":\"https:\\\/\\\/elastic-books.com\\\/#\\\/schema\\\/logo\\\/image\\\/\",\"url\":\"http:\\\/\\\/www.reemocioart.com.mialias.net\\\/wp-content\\\/uploads\\\/logo-footer.svg\",\"contentUrl\":\"http:\\\/\\\/www.reemocioart.com.mialias.net\\\/wp-content\\\/uploads\\\/logo-footer.svg\",\"width\":155,\"height\":120,\"caption\":\"Reemocioart\"},\"image\":{\"@id\":\"https:\\\/\\\/elastic-books.com\\\/#\\\/schema\\\/logo\\\/image\\\/\"},\"sameAs\":[\"https:\\\/\\\/www.facebook.com\\\/people\\\/Reemocioart\\\/100076073310442\\\/\",\"https:\\\/\\\/www.instagram.com\\\/reemocioart\\\/\"]}]}<\/script>\n<!-- \/ Yoast SEO plugin. -->","yoast_head_json":{"title":"Ciutat de vampirs 1. El club de les ombres - Elastic Books","robots":{"index":"index","follow":"follow","max-snippet":"max-snippet:-1","max-image-preview":"max-image-preview:large","max-video-preview":"max-video-preview:-1"},"canonical":"https:\/\/elastic-books.com\/es\/libro\/ciutat-de-vampirs-1-el-club-de-les-ombres\/","og_locale":"es_ES","og_type":"article","og_title":"Ciutat de vampirs 1. El club de les ombres - Elastic Books","og_description":"9788424670665Mart\u00edn Pi\u00f1ol","og_url":"https:\/\/elastic-books.com\/es\/libro\/ciutat-de-vampirs-1-el-club-de-les-ombres\/","og_site_name":"Elastic Books","article_publisher":"https:\/\/www.facebook.com\/people\/Reemocioart\/100076073310442\/","article_modified_time":"2025-06-27T13:29:33+00:00","og_image":[{"width":610,"height":882,"url":"https:\/\/elastic-books.com\/wp-content\/uploads\/9788424670665-1.jpg","type":"image\/jpeg"}],"twitter_card":"summary_large_image","twitter_misc":{"Tiempo de lectura":"1 minuto"},"schema":{"@context":"https:\/\/schema.org","@graph":[{"@type":"WebPage","@id":"https:\/\/elastic-books.com\/es\/libro\/ciutat-de-vampirs-1-el-club-de-les-ombres\/","url":"https:\/\/elastic-books.com\/es\/libro\/ciutat-de-vampirs-1-el-club-de-les-ombres\/","name":"Ciutat de vampirs 1. El club de les ombres - Elastic Books","isPartOf":{"@id":"https:\/\/elastic-books.com\/#website"},"primaryImageOfPage":{"@id":"https:\/\/elastic-books.com\/es\/libro\/ciutat-de-vampirs-1-el-club-de-les-ombres\/#primaryimage"},"image":{"@id":"https:\/\/elastic-books.com\/es\/libro\/ciutat-de-vampirs-1-el-club-de-les-ombres\/#primaryimage"},"thumbnailUrl":"https:\/\/elastic-books.com\/wp-content\/uploads\/9788424670665-1.jpg","datePublished":"2021-10-07T17:10:47+00:00","dateModified":"2025-06-27T13:29:33+00:00","breadcrumb":{"@id":"https:\/\/elastic-books.com\/es\/libro\/ciutat-de-vampirs-1-el-club-de-les-ombres\/#breadcrumb"},"inLanguage":"es","potentialAction":[{"@type":"ReadAction","target":["https:\/\/elastic-books.com\/es\/libro\/ciutat-de-vampirs-1-el-club-de-les-ombres\/"]}]},{"@type":"ImageObject","inLanguage":"es","@id":"https:\/\/elastic-books.com\/es\/libro\/ciutat-de-vampirs-1-el-club-de-les-ombres\/#primaryimage","url":"https:\/\/elastic-books.com\/wp-content\/uploads\/9788424670665-1.jpg","contentUrl":"https:\/\/elastic-books.com\/wp-content\/uploads\/9788424670665-1.jpg","width":610,"height":882},{"@type":"BreadcrumbList","@id":"https:\/\/elastic-books.com\/es\/libro\/ciutat-de-vampirs-1-el-club-de-les-ombres\/#breadcrumb","itemListElement":[{"@type":"ListItem","position":1,"name":"Portada","item":"https:\/\/elastic-books.com\/es\/"},{"@type":"ListItem","position":2,"name":"T\u00edtulos","item":"https:\/\/elastic-books.com\/es\/titulos\/"},{"@type":"ListItem","position":3,"name":"Ciutat de vampirs 1. El club de les ombres"}]},{"@type":"WebSite","@id":"https:\/\/elastic-books.com\/#website","url":"https:\/\/elastic-books.com\/","name":"Elastic Books","description":"","publisher":{"@id":"https:\/\/elastic-books.com\/#organization"},"alternateName":"Velas naturales","potentialAction":[{"@type":"SearchAction","target":{"@type":"EntryPoint","urlTemplate":"https:\/\/elastic-books.com\/?s={search_term_string}"},"query-input":{"@type":"PropertyValueSpecification","valueRequired":true,"valueName":"search_term_string"}}],"inLanguage":"es"},{"@type":"Organization","@id":"https:\/\/elastic-books.com\/#organization","name":"Reemocioart","alternateName":"Reemocioart","url":"https:\/\/elastic-books.com\/","logo":{"@type":"ImageObject","inLanguage":"es","@id":"https:\/\/elastic-books.com\/#\/schema\/logo\/image\/","url":"http:\/\/www.reemocioart.com.mialias.net\/wp-content\/uploads\/logo-footer.svg","contentUrl":"http:\/\/www.reemocioart.com.mialias.net\/wp-content\/uploads\/logo-footer.svg","width":155,"height":120,"caption":"Reemocioart"},"image":{"@id":"https:\/\/elastic-books.com\/#\/schema\/logo\/image\/"},"sameAs":["https:\/\/www.facebook.com\/people\/Reemocioart\/100076073310442\/","https:\/\/www.instagram.com\/reemocioart\/"]}]}},"_links":{"self":[{"href":"https:\/\/elastic-books.com\/es\/wp-json\/wp\/v2\/product\/3473","targetHints":{"allow":["GET"]}}],"collection":[{"href":"https:\/\/elastic-books.com\/es\/wp-json\/wp\/v2\/product"}],"about":[{"href":"https:\/\/elastic-books.com\/es\/wp-json\/wp\/v2\/types\/product"}],"wp:featuredmedia":[{"embeddable":true,"href":"https:\/\/elastic-books.com\/es\/wp-json\/wp\/v2\/media\/3371"}],"wp:attachment":[{"href":"https:\/\/elastic-books.com\/es\/wp-json\/wp\/v2\/media?parent=3473"}],"wp:term":[{"taxonomy":"product_brand","embeddable":true,"href":"https:\/\/elastic-books.com\/es\/wp-json\/wp\/v2\/product_brand?post=3473"},{"taxonomy":"product_cat","embeddable":true,"href":"https:\/\/elastic-books.com\/es\/wp-json\/wp\/v2\/product_cat?post=3473"},{"taxonomy":"product_tag","embeddable":true,"href":"https:\/\/elastic-books.com\/es\/wp-json\/wp\/v2\/product_tag?post=3473"}],"curies":[{"name":"wp","href":"https:\/\/api.w.org\/{rel}","templated":true}]}}