{"id":3490,"date":"2017-10-04T19:10:18","date_gmt":"2017-10-04T17:10:18","guid":{"rendered":"https:\/\/elastic-books.com\/llibre\/les-proves-dapol%c2%b7lo-2-la-profecia-obscura\/"},"modified":"2025-05-09T12:38:43","modified_gmt":"2025-05-09T10:38:43","slug":"les-proves-dapol%c2%b7lo-2-la-profecia-obscura","status":"publish","type":"product","link":"https:\/\/elastic-books.com\/es\/libro\/les-proves-dapol%c2%b7lo-2-la-profecia-obscura\/","title":{"rendered":"Les proves d&#8217;Apol\u00b7lo 2. La profecia obscura"},"content":{"rendered":"<p><b>Tothom sap que no s&#8217;ha de fer enfadar Zeus&#8230; per\u00f2 el seu fill Apol\u00b7lo sembla no sentir-se al\u00b7ludit.<\/b><\/p>\n<p>No et perdis la segona entrega de #LesProvesd&#8217;Apol\u00b7lo, la saga m\u00e9s espectacular de Rick Riordan.<\/p>\n<p>Us podeu creure que en Zeus m&#8217;ha castigat enviant-me a la Terra convertit en un adolescent amb acne que es diu Lester?<\/p>\n<p>No us sembla una mica excessiu? I l&#8217;\u00fanica manera recuperar el meu lloc a l&#8217;Olimp \u00e9s restaurar diversos oracles que s&#8217;han tornat foscos. Per\u00f2 per qu\u00e8 est\u00e0 passant aix\u00f2?<\/p>\n<p>I el m\u00e9s important, com puc arreglar-ho SENSE PODERS? He passat unes perilloses, i francament humiliants, proves al Camp Mest\u00eds, per\u00f2 aix\u00f2 sembla que \u00e9s nom\u00e9s el comen\u00e7ament. Ara m&#8217;he de jugar la vida en un viatge per Am\u00e8rica del Nord. Ja no tinc gr\u00e0cia divina per\u00f2, per sort, m&#8217;acompanyen uns quants semid\u00e9us amb molta experi\u00e8ncia en aix\u00f2 de passar-les de tots colors&#8230;<\/p>\n<p><b>L&#8217;Apol\u00b7lo segueix aqu\u00ed. Ni el Cel ni la Terra tornaran a ser el mateix!<\/b><\/p>\n","protected":false},"excerpt":{"rendered":"<p>9788424661717<br \/>Rick Riordan<\/p>\n","protected":false},"featured_media":3299,"template":"","meta":{"_acf_changed":false,"_monsterinsights_skip_tracking":false,"_monsterinsights_sitenote_active":false,"_monsterinsights_sitenote_note":"","_monsterinsights_sitenote_category":0},"product_brand":[],"product_cat":[15],"product_tag":[],"class_list":{"0":"post-3490","1":"product","2":"type-product","3":"status-publish","4":"has-post-thumbnail","6":"product_cat-sin-categorizar","8":"first","9":"instock","10":"taxable","11":"shipping-taxable","12":"product-type-simple"},"acf":[],"yoast_head":"<!-- This site is optimized with the Yoast SEO plugin v27.5 - https:\/\/yoast.com\/product\/yoast-seo-wordpress\/ -->\n<title>Les proves d&#039;Apol\u00b7lo 2. La profecia obscura - Elastic Books<\/title>\n<meta name=\"robots\" content=\"index, follow, max-snippet:-1, max-image-preview:large, max-video-preview:-1\" \/>\n<link rel=\"canonical\" href=\"https:\/\/elastic-books.com\/es\/libro\/les-proves-dapol\u00b7lo-2-la-profecia-obscura\/\" \/>\n<meta property=\"og:locale\" content=\"es_ES\" \/>\n<meta property=\"og:type\" content=\"article\" \/>\n<meta property=\"og:title\" content=\"Les proves d&#039;Apol\u00b7lo 2. La profecia obscura - Elastic Books\" \/>\n<meta property=\"og:description\" content=\"9788424661717Rick Riordan\" \/>\n<meta property=\"og:url\" content=\"https:\/\/elastic-books.com\/es\/libro\/les-proves-dapol\u00b7lo-2-la-profecia-obscura\/\" \/>\n<meta property=\"og:site_name\" content=\"Elastic Books\" \/>\n<meta property=\"article:publisher\" content=\"https:\/\/www.facebook.com\/people\/Reemocioart\/100076073310442\/\" \/>\n<meta property=\"article:modified_time\" content=\"2025-05-09T10:38:43+00:00\" \/>\n<meta property=\"og:image\" content=\"https:\/\/elastic-books.com\/wp-content\/uploads\/9788424661717-1.jpg\" \/>\n\t<meta property=\"og:image:width\" content=\"1000\" \/>\n\t<meta property=\"og:image:height\" content=\"1387\" \/>\n\t<meta property=\"og:image:type\" content=\"image\/jpeg\" \/>\n<meta name=\"twitter:card\" content=\"summary_large_image\" \/>\n<meta name=\"twitter:label1\" content=\"Tiempo de lectura\" \/>\n\t<meta name=\"twitter:data1\" content=\"1 minuto\" \/>\n<script type=\"application\/ld+json\" class=\"yoast-schema-graph\">{\"@context\":\"https:\\\/\\\/schema.org\",\"@graph\":[{\"@type\":\"WebPage\",\"@id\":\"https:\\\/\\\/elastic-books.com\\\/es\\\/libro\\\/les-proves-dapol%c2%b7lo-2-la-profecia-obscura\\\/\",\"url\":\"https:\\\/\\\/elastic-books.com\\\/es\\\/libro\\\/les-proves-dapol%c2%b7lo-2-la-profecia-obscura\\\/\",\"name\":\"Les proves d'Apol\u00b7lo 2. La profecia obscura - Elastic Books\",\"isPartOf\":{\"@id\":\"https:\\\/\\\/elastic-books.com\\\/#website\"},\"primaryImageOfPage\":{\"@id\":\"https:\\\/\\\/elastic-books.com\\\/es\\\/libro\\\/les-proves-dapol%c2%b7lo-2-la-profecia-obscura\\\/#primaryimage\"},\"image\":{\"@id\":\"https:\\\/\\\/elastic-books.com\\\/es\\\/libro\\\/les-proves-dapol%c2%b7lo-2-la-profecia-obscura\\\/#primaryimage\"},\"thumbnailUrl\":\"https:\\\/\\\/elastic-books.com\\\/wp-content\\\/uploads\\\/9788424661717-1.jpg\",\"datePublished\":\"2017-10-04T17:10:18+00:00\",\"dateModified\":\"2025-05-09T10:38:43+00:00\",\"breadcrumb\":{\"@id\":\"https:\\\/\\\/elastic-books.com\\\/es\\\/libro\\\/les-proves-dapol%c2%b7lo-2-la-profecia-obscura\\\/#breadcrumb\"},\"inLanguage\":\"es\",\"potentialAction\":[{\"@type\":\"ReadAction\",\"target\":[\"https:\\\/\\\/elastic-books.com\\\/es\\\/libro\\\/les-proves-dapol%c2%b7lo-2-la-profecia-obscura\\\/\"]}]},{\"@type\":\"ImageObject\",\"inLanguage\":\"es\",\"@id\":\"https:\\\/\\\/elastic-books.com\\\/es\\\/libro\\\/les-proves-dapol%c2%b7lo-2-la-profecia-obscura\\\/#primaryimage\",\"url\":\"https:\\\/\\\/elastic-books.com\\\/wp-content\\\/uploads\\\/9788424661717-1.jpg\",\"contentUrl\":\"https:\\\/\\\/elastic-books.com\\\/wp-content\\\/uploads\\\/9788424661717-1.jpg\",\"width\":1000,\"height\":1387},{\"@type\":\"BreadcrumbList\",\"@id\":\"https:\\\/\\\/elastic-books.com\\\/es\\\/libro\\\/les-proves-dapol%c2%b7lo-2-la-profecia-obscura\\\/#breadcrumb\",\"itemListElement\":[{\"@type\":\"ListItem\",\"position\":1,\"name\":\"Portada\",\"item\":\"https:\\\/\\\/elastic-books.com\\\/es\\\/\"},{\"@type\":\"ListItem\",\"position\":2,\"name\":\"T\u00edtulos\",\"item\":\"https:\\\/\\\/elastic-books.com\\\/es\\\/titulos\\\/\"},{\"@type\":\"ListItem\",\"position\":3,\"name\":\"Les proves d&#8217;Apol\u00b7lo 2. La profecia obscura\"}]},{\"@type\":\"WebSite\",\"@id\":\"https:\\\/\\\/elastic-books.com\\\/#website\",\"url\":\"https:\\\/\\\/elastic-books.com\\\/\",\"name\":\"Elastic Books\",\"description\":\"\",\"publisher\":{\"@id\":\"https:\\\/\\\/elastic-books.com\\\/#organization\"},\"alternateName\":\"Velas naturales\",\"potentialAction\":[{\"@type\":\"SearchAction\",\"target\":{\"@type\":\"EntryPoint\",\"urlTemplate\":\"https:\\\/\\\/elastic-books.com\\\/?s={search_term_string}\"},\"query-input\":{\"@type\":\"PropertyValueSpecification\",\"valueRequired\":true,\"valueName\":\"search_term_string\"}}],\"inLanguage\":\"es\"},{\"@type\":\"Organization\",\"@id\":\"https:\\\/\\\/elastic-books.com\\\/#organization\",\"name\":\"Reemocioart\",\"alternateName\":\"Reemocioart\",\"url\":\"https:\\\/\\\/elastic-books.com\\\/\",\"logo\":{\"@type\":\"ImageObject\",\"inLanguage\":\"es\",\"@id\":\"https:\\\/\\\/elastic-books.com\\\/#\\\/schema\\\/logo\\\/image\\\/\",\"url\":\"http:\\\/\\\/www.reemocioart.com.mialias.net\\\/wp-content\\\/uploads\\\/logo-footer.svg\",\"contentUrl\":\"http:\\\/\\\/www.reemocioart.com.mialias.net\\\/wp-content\\\/uploads\\\/logo-footer.svg\",\"width\":155,\"height\":120,\"caption\":\"Reemocioart\"},\"image\":{\"@id\":\"https:\\\/\\\/elastic-books.com\\\/#\\\/schema\\\/logo\\\/image\\\/\"},\"sameAs\":[\"https:\\\/\\\/www.facebook.com\\\/people\\\/Reemocioart\\\/100076073310442\\\/\",\"https:\\\/\\\/www.instagram.com\\\/reemocioart\\\/\"]}]}<\/script>\n<!-- \/ Yoast SEO plugin. -->","yoast_head_json":{"title":"Les proves d'Apol\u00b7lo 2. La profecia obscura - Elastic Books","robots":{"index":"index","follow":"follow","max-snippet":"max-snippet:-1","max-image-preview":"max-image-preview:large","max-video-preview":"max-video-preview:-1"},"canonical":"https:\/\/elastic-books.com\/es\/libro\/les-proves-dapol\u00b7lo-2-la-profecia-obscura\/","og_locale":"es_ES","og_type":"article","og_title":"Les proves d'Apol\u00b7lo 2. La profecia obscura - Elastic Books","og_description":"9788424661717Rick Riordan","og_url":"https:\/\/elastic-books.com\/es\/libro\/les-proves-dapol\u00b7lo-2-la-profecia-obscura\/","og_site_name":"Elastic Books","article_publisher":"https:\/\/www.facebook.com\/people\/Reemocioart\/100076073310442\/","article_modified_time":"2025-05-09T10:38:43+00:00","og_image":[{"width":1000,"height":1387,"url":"https:\/\/elastic-books.com\/wp-content\/uploads\/9788424661717-1.jpg","type":"image\/jpeg"}],"twitter_card":"summary_large_image","twitter_misc":{"Tiempo de lectura":"1 minuto"},"schema":{"@context":"https:\/\/schema.org","@graph":[{"@type":"WebPage","@id":"https:\/\/elastic-books.com\/es\/libro\/les-proves-dapol%c2%b7lo-2-la-profecia-obscura\/","url":"https:\/\/elastic-books.com\/es\/libro\/les-proves-dapol%c2%b7lo-2-la-profecia-obscura\/","name":"Les proves d'Apol\u00b7lo 2. La profecia obscura - Elastic Books","isPartOf":{"@id":"https:\/\/elastic-books.com\/#website"},"primaryImageOfPage":{"@id":"https:\/\/elastic-books.com\/es\/libro\/les-proves-dapol%c2%b7lo-2-la-profecia-obscura\/#primaryimage"},"image":{"@id":"https:\/\/elastic-books.com\/es\/libro\/les-proves-dapol%c2%b7lo-2-la-profecia-obscura\/#primaryimage"},"thumbnailUrl":"https:\/\/elastic-books.com\/wp-content\/uploads\/9788424661717-1.jpg","datePublished":"2017-10-04T17:10:18+00:00","dateModified":"2025-05-09T10:38:43+00:00","breadcrumb":{"@id":"https:\/\/elastic-books.com\/es\/libro\/les-proves-dapol%c2%b7lo-2-la-profecia-obscura\/#breadcrumb"},"inLanguage":"es","potentialAction":[{"@type":"ReadAction","target":["https:\/\/elastic-books.com\/es\/libro\/les-proves-dapol%c2%b7lo-2-la-profecia-obscura\/"]}]},{"@type":"ImageObject","inLanguage":"es","@id":"https:\/\/elastic-books.com\/es\/libro\/les-proves-dapol%c2%b7lo-2-la-profecia-obscura\/#primaryimage","url":"https:\/\/elastic-books.com\/wp-content\/uploads\/9788424661717-1.jpg","contentUrl":"https:\/\/elastic-books.com\/wp-content\/uploads\/9788424661717-1.jpg","width":1000,"height":1387},{"@type":"BreadcrumbList","@id":"https:\/\/elastic-books.com\/es\/libro\/les-proves-dapol%c2%b7lo-2-la-profecia-obscura\/#breadcrumb","itemListElement":[{"@type":"ListItem","position":1,"name":"Portada","item":"https:\/\/elastic-books.com\/es\/"},{"@type":"ListItem","position":2,"name":"T\u00edtulos","item":"https:\/\/elastic-books.com\/es\/titulos\/"},{"@type":"ListItem","position":3,"name":"Les proves d&#8217;Apol\u00b7lo 2. La profecia obscura"}]},{"@type":"WebSite","@id":"https:\/\/elastic-books.com\/#website","url":"https:\/\/elastic-books.com\/","name":"Elastic Books","description":"","publisher":{"@id":"https:\/\/elastic-books.com\/#organization"},"alternateName":"Velas naturales","potentialAction":[{"@type":"SearchAction","target":{"@type":"EntryPoint","urlTemplate":"https:\/\/elastic-books.com\/?s={search_term_string}"},"query-input":{"@type":"PropertyValueSpecification","valueRequired":true,"valueName":"search_term_string"}}],"inLanguage":"es"},{"@type":"Organization","@id":"https:\/\/elastic-books.com\/#organization","name":"Reemocioart","alternateName":"Reemocioart","url":"https:\/\/elastic-books.com\/","logo":{"@type":"ImageObject","inLanguage":"es","@id":"https:\/\/elastic-books.com\/#\/schema\/logo\/image\/","url":"http:\/\/www.reemocioart.com.mialias.net\/wp-content\/uploads\/logo-footer.svg","contentUrl":"http:\/\/www.reemocioart.com.mialias.net\/wp-content\/uploads\/logo-footer.svg","width":155,"height":120,"caption":"Reemocioart"},"image":{"@id":"https:\/\/elastic-books.com\/#\/schema\/logo\/image\/"},"sameAs":["https:\/\/www.facebook.com\/people\/Reemocioart\/100076073310442\/","https:\/\/www.instagram.com\/reemocioart\/"]}]}},"_links":{"self":[{"href":"https:\/\/elastic-books.com\/es\/wp-json\/wp\/v2\/product\/3490","targetHints":{"allow":["GET"]}}],"collection":[{"href":"https:\/\/elastic-books.com\/es\/wp-json\/wp\/v2\/product"}],"about":[{"href":"https:\/\/elastic-books.com\/es\/wp-json\/wp\/v2\/types\/product"}],"wp:featuredmedia":[{"embeddable":true,"href":"https:\/\/elastic-books.com\/es\/wp-json\/wp\/v2\/media\/3299"}],"wp:attachment":[{"href":"https:\/\/elastic-books.com\/es\/wp-json\/wp\/v2\/media?parent=3490"}],"wp:term":[{"taxonomy":"product_brand","embeddable":true,"href":"https:\/\/elastic-books.com\/es\/wp-json\/wp\/v2\/product_brand?post=3490"},{"taxonomy":"product_cat","embeddable":true,"href":"https:\/\/elastic-books.com\/es\/wp-json\/wp\/v2\/product_cat?post=3490"},{"taxonomy":"product_tag","embeddable":true,"href":"https:\/\/elastic-books.com\/es\/wp-json\/wp\/v2\/product_tag?post=3490"}],"curies":[{"name":"wp","href":"https:\/\/api.w.org\/{rel}","templated":true}]}}