{"id":3491,"date":"2020-01-22T19:10:18","date_gmt":"2020-01-22T18:10:18","guid":{"rendered":"https:\/\/elastic-books.com\/llibre\/les-proves-dapol%c2%b7lo-4-la-tomba-del-tira\/"},"modified":"2025-05-09T12:38:13","modified_gmt":"2025-05-09T10:38:13","slug":"les-proves-dapol%c2%b7lo-4-la-tomba-del-tira","status":"publish","type":"product","link":"https:\/\/elastic-books.com\/es\/libro\/les-proves-dapol%c2%b7lo-4-la-tomba-del-tira\/","title":{"rendered":"Les proves d&#8217;Apol\u00b7lo 4. La tomba del tir\u00e0"},"content":{"rendered":"<p><b>En aquesta pen\u00faltima aventura de la saga, l&#8217;Apol\u00b7lo, devastat per\u00f2 ple de determinaci\u00f3, viatja a Camp J\u00fapiter, on aprendr\u00e0 qu\u00e8 significa ser un heroi, o morir\u00e0 intentant-ho.<\/b><\/p>\n<p>No \u00e9s f\u00e0cil ser l&#8217;Apol\u00b7lo, especialment despr\u00e9s que el convertissin en un hum\u00e0 i l&#8217;expulsessin de l&#8217;Olimp. En el seu cam\u00ed per restaurar cinc antics oracles i reclamar els seus poders divins, l&#8217;Apol\u00b7lo (qui ara es fa anomenar Lester Papadopoulos) ha hagut de fer front a triomfs i trag\u00e8dies. Ara el seu viatge el duu a Camp J\u00fapiter, a la badia de San Francisco, on els semid\u00e9us romans s&#8217;estan preparant per intentar una \u00faltima ofensiva contra el maligne triumvirat d&#8217;emperadors romans. La Hazel, la Reyna, el Frank, el Tyson i l&#8217;Ella, entre molts altres antics amics, necessitaran l&#8217;ajuda de l&#8217;Apol\u00b7lo per sobreviure al violent atac.<\/p>\n<p>Per desgr\u00e0cia, la resposta a la seva salvaci\u00f3 resideix a la tomba oblidada d&#8217;un dictador rom\u00e0&#8230; una persona molt m\u00e9s malvada que els emperadors als quals l&#8217;Apol\u00b7lo ja ha hagut d&#8217;enfrontar-se.<\/p>\n","protected":false},"excerpt":{"rendered":"<p>9788424665968<br \/>Rick Riordan<\/p>\n","protected":false},"featured_media":3296,"template":"","meta":{"_acf_changed":false,"_monsterinsights_skip_tracking":false,"_monsterinsights_sitenote_active":false,"_monsterinsights_sitenote_note":"","_monsterinsights_sitenote_category":0},"product_brand":[],"product_cat":[15],"product_tag":[],"class_list":{"0":"post-3491","1":"product","2":"type-product","3":"status-publish","4":"has-post-thumbnail","6":"product_cat-sin-categorizar","8":"first","9":"instock","10":"taxable","11":"shipping-taxable","12":"product-type-simple"},"acf":[],"yoast_head":"<!-- This site is optimized with the Yoast SEO plugin v27.5 - https:\/\/yoast.com\/product\/yoast-seo-wordpress\/ -->\n<title>Les proves d&#039;Apol\u00b7lo 4. La tomba del tir\u00e0 - Elastic Books<\/title>\n<meta name=\"robots\" content=\"index, follow, max-snippet:-1, max-image-preview:large, max-video-preview:-1\" \/>\n<link rel=\"canonical\" href=\"https:\/\/elastic-books.com\/es\/libro\/les-proves-dapol\u00b7lo-4-la-tomba-del-tira\/\" \/>\n<meta property=\"og:locale\" content=\"es_ES\" \/>\n<meta property=\"og:type\" content=\"article\" \/>\n<meta property=\"og:title\" content=\"Les proves d&#039;Apol\u00b7lo 4. La tomba del tir\u00e0 - Elastic Books\" \/>\n<meta property=\"og:description\" content=\"9788424665968Rick Riordan\" \/>\n<meta property=\"og:url\" content=\"https:\/\/elastic-books.com\/es\/libro\/les-proves-dapol\u00b7lo-4-la-tomba-del-tira\/\" \/>\n<meta property=\"og:site_name\" content=\"Elastic Books\" \/>\n<meta property=\"article:publisher\" content=\"https:\/\/www.facebook.com\/people\/Reemocioart\/100076073310442\/\" \/>\n<meta property=\"article:modified_time\" content=\"2025-05-09T10:38:13+00:00\" \/>\n<meta property=\"og:image\" content=\"https:\/\/elastic-books.com\/wp-content\/uploads\/9788424665968-1.jpg\" \/>\n\t<meta property=\"og:image:width\" content=\"610\" \/>\n\t<meta property=\"og:image:height\" content=\"863\" \/>\n\t<meta property=\"og:image:type\" content=\"image\/jpeg\" \/>\n<meta name=\"twitter:card\" content=\"summary_large_image\" \/>\n<meta name=\"twitter:label1\" content=\"Tiempo de lectura\" \/>\n\t<meta name=\"twitter:data1\" content=\"1 minuto\" \/>\n<script type=\"application\/ld+json\" class=\"yoast-schema-graph\">{\"@context\":\"https:\\\/\\\/schema.org\",\"@graph\":[{\"@type\":\"WebPage\",\"@id\":\"https:\\\/\\\/elastic-books.com\\\/es\\\/libro\\\/les-proves-dapol%c2%b7lo-4-la-tomba-del-tira\\\/\",\"url\":\"https:\\\/\\\/elastic-books.com\\\/es\\\/libro\\\/les-proves-dapol%c2%b7lo-4-la-tomba-del-tira\\\/\",\"name\":\"Les proves d'Apol\u00b7lo 4. La tomba del tir\u00e0 - Elastic Books\",\"isPartOf\":{\"@id\":\"https:\\\/\\\/elastic-books.com\\\/#website\"},\"primaryImageOfPage\":{\"@id\":\"https:\\\/\\\/elastic-books.com\\\/es\\\/libro\\\/les-proves-dapol%c2%b7lo-4-la-tomba-del-tira\\\/#primaryimage\"},\"image\":{\"@id\":\"https:\\\/\\\/elastic-books.com\\\/es\\\/libro\\\/les-proves-dapol%c2%b7lo-4-la-tomba-del-tira\\\/#primaryimage\"},\"thumbnailUrl\":\"https:\\\/\\\/elastic-books.com\\\/wp-content\\\/uploads\\\/9788424665968-1.jpg\",\"datePublished\":\"2020-01-22T18:10:18+00:00\",\"dateModified\":\"2025-05-09T10:38:13+00:00\",\"breadcrumb\":{\"@id\":\"https:\\\/\\\/elastic-books.com\\\/es\\\/libro\\\/les-proves-dapol%c2%b7lo-4-la-tomba-del-tira\\\/#breadcrumb\"},\"inLanguage\":\"es\",\"potentialAction\":[{\"@type\":\"ReadAction\",\"target\":[\"https:\\\/\\\/elastic-books.com\\\/es\\\/libro\\\/les-proves-dapol%c2%b7lo-4-la-tomba-del-tira\\\/\"]}]},{\"@type\":\"ImageObject\",\"inLanguage\":\"es\",\"@id\":\"https:\\\/\\\/elastic-books.com\\\/es\\\/libro\\\/les-proves-dapol%c2%b7lo-4-la-tomba-del-tira\\\/#primaryimage\",\"url\":\"https:\\\/\\\/elastic-books.com\\\/wp-content\\\/uploads\\\/9788424665968-1.jpg\",\"contentUrl\":\"https:\\\/\\\/elastic-books.com\\\/wp-content\\\/uploads\\\/9788424665968-1.jpg\",\"width\":610,\"height\":863},{\"@type\":\"BreadcrumbList\",\"@id\":\"https:\\\/\\\/elastic-books.com\\\/es\\\/libro\\\/les-proves-dapol%c2%b7lo-4-la-tomba-del-tira\\\/#breadcrumb\",\"itemListElement\":[{\"@type\":\"ListItem\",\"position\":1,\"name\":\"Portada\",\"item\":\"https:\\\/\\\/elastic-books.com\\\/es\\\/\"},{\"@type\":\"ListItem\",\"position\":2,\"name\":\"T\u00edtulos\",\"item\":\"https:\\\/\\\/elastic-books.com\\\/es\\\/titulos\\\/\"},{\"@type\":\"ListItem\",\"position\":3,\"name\":\"Les proves d&#8217;Apol\u00b7lo 4. La tomba del tir\u00e0\"}]},{\"@type\":\"WebSite\",\"@id\":\"https:\\\/\\\/elastic-books.com\\\/#website\",\"url\":\"https:\\\/\\\/elastic-books.com\\\/\",\"name\":\"Elastic Books\",\"description\":\"\",\"publisher\":{\"@id\":\"https:\\\/\\\/elastic-books.com\\\/#organization\"},\"alternateName\":\"Velas naturales\",\"potentialAction\":[{\"@type\":\"SearchAction\",\"target\":{\"@type\":\"EntryPoint\",\"urlTemplate\":\"https:\\\/\\\/elastic-books.com\\\/?s={search_term_string}\"},\"query-input\":{\"@type\":\"PropertyValueSpecification\",\"valueRequired\":true,\"valueName\":\"search_term_string\"}}],\"inLanguage\":\"es\"},{\"@type\":\"Organization\",\"@id\":\"https:\\\/\\\/elastic-books.com\\\/#organization\",\"name\":\"Reemocioart\",\"alternateName\":\"Reemocioart\",\"url\":\"https:\\\/\\\/elastic-books.com\\\/\",\"logo\":{\"@type\":\"ImageObject\",\"inLanguage\":\"es\",\"@id\":\"https:\\\/\\\/elastic-books.com\\\/#\\\/schema\\\/logo\\\/image\\\/\",\"url\":\"http:\\\/\\\/www.reemocioart.com.mialias.net\\\/wp-content\\\/uploads\\\/logo-footer.svg\",\"contentUrl\":\"http:\\\/\\\/www.reemocioart.com.mialias.net\\\/wp-content\\\/uploads\\\/logo-footer.svg\",\"width\":155,\"height\":120,\"caption\":\"Reemocioart\"},\"image\":{\"@id\":\"https:\\\/\\\/elastic-books.com\\\/#\\\/schema\\\/logo\\\/image\\\/\"},\"sameAs\":[\"https:\\\/\\\/www.facebook.com\\\/people\\\/Reemocioart\\\/100076073310442\\\/\",\"https:\\\/\\\/www.instagram.com\\\/reemocioart\\\/\"]}]}<\/script>\n<!-- \/ Yoast SEO plugin. -->","yoast_head_json":{"title":"Les proves d'Apol\u00b7lo 4. La tomba del tir\u00e0 - Elastic Books","robots":{"index":"index","follow":"follow","max-snippet":"max-snippet:-1","max-image-preview":"max-image-preview:large","max-video-preview":"max-video-preview:-1"},"canonical":"https:\/\/elastic-books.com\/es\/libro\/les-proves-dapol\u00b7lo-4-la-tomba-del-tira\/","og_locale":"es_ES","og_type":"article","og_title":"Les proves d'Apol\u00b7lo 4. La tomba del tir\u00e0 - Elastic Books","og_description":"9788424665968Rick Riordan","og_url":"https:\/\/elastic-books.com\/es\/libro\/les-proves-dapol\u00b7lo-4-la-tomba-del-tira\/","og_site_name":"Elastic Books","article_publisher":"https:\/\/www.facebook.com\/people\/Reemocioart\/100076073310442\/","article_modified_time":"2025-05-09T10:38:13+00:00","og_image":[{"width":610,"height":863,"url":"https:\/\/elastic-books.com\/wp-content\/uploads\/9788424665968-1.jpg","type":"image\/jpeg"}],"twitter_card":"summary_large_image","twitter_misc":{"Tiempo de lectura":"1 minuto"},"schema":{"@context":"https:\/\/schema.org","@graph":[{"@type":"WebPage","@id":"https:\/\/elastic-books.com\/es\/libro\/les-proves-dapol%c2%b7lo-4-la-tomba-del-tira\/","url":"https:\/\/elastic-books.com\/es\/libro\/les-proves-dapol%c2%b7lo-4-la-tomba-del-tira\/","name":"Les proves d'Apol\u00b7lo 4. La tomba del tir\u00e0 - Elastic Books","isPartOf":{"@id":"https:\/\/elastic-books.com\/#website"},"primaryImageOfPage":{"@id":"https:\/\/elastic-books.com\/es\/libro\/les-proves-dapol%c2%b7lo-4-la-tomba-del-tira\/#primaryimage"},"image":{"@id":"https:\/\/elastic-books.com\/es\/libro\/les-proves-dapol%c2%b7lo-4-la-tomba-del-tira\/#primaryimage"},"thumbnailUrl":"https:\/\/elastic-books.com\/wp-content\/uploads\/9788424665968-1.jpg","datePublished":"2020-01-22T18:10:18+00:00","dateModified":"2025-05-09T10:38:13+00:00","breadcrumb":{"@id":"https:\/\/elastic-books.com\/es\/libro\/les-proves-dapol%c2%b7lo-4-la-tomba-del-tira\/#breadcrumb"},"inLanguage":"es","potentialAction":[{"@type":"ReadAction","target":["https:\/\/elastic-books.com\/es\/libro\/les-proves-dapol%c2%b7lo-4-la-tomba-del-tira\/"]}]},{"@type":"ImageObject","inLanguage":"es","@id":"https:\/\/elastic-books.com\/es\/libro\/les-proves-dapol%c2%b7lo-4-la-tomba-del-tira\/#primaryimage","url":"https:\/\/elastic-books.com\/wp-content\/uploads\/9788424665968-1.jpg","contentUrl":"https:\/\/elastic-books.com\/wp-content\/uploads\/9788424665968-1.jpg","width":610,"height":863},{"@type":"BreadcrumbList","@id":"https:\/\/elastic-books.com\/es\/libro\/les-proves-dapol%c2%b7lo-4-la-tomba-del-tira\/#breadcrumb","itemListElement":[{"@type":"ListItem","position":1,"name":"Portada","item":"https:\/\/elastic-books.com\/es\/"},{"@type":"ListItem","position":2,"name":"T\u00edtulos","item":"https:\/\/elastic-books.com\/es\/titulos\/"},{"@type":"ListItem","position":3,"name":"Les proves d&#8217;Apol\u00b7lo 4. La tomba del tir\u00e0"}]},{"@type":"WebSite","@id":"https:\/\/elastic-books.com\/#website","url":"https:\/\/elastic-books.com\/","name":"Elastic Books","description":"","publisher":{"@id":"https:\/\/elastic-books.com\/#organization"},"alternateName":"Velas naturales","potentialAction":[{"@type":"SearchAction","target":{"@type":"EntryPoint","urlTemplate":"https:\/\/elastic-books.com\/?s={search_term_string}"},"query-input":{"@type":"PropertyValueSpecification","valueRequired":true,"valueName":"search_term_string"}}],"inLanguage":"es"},{"@type":"Organization","@id":"https:\/\/elastic-books.com\/#organization","name":"Reemocioart","alternateName":"Reemocioart","url":"https:\/\/elastic-books.com\/","logo":{"@type":"ImageObject","inLanguage":"es","@id":"https:\/\/elastic-books.com\/#\/schema\/logo\/image\/","url":"http:\/\/www.reemocioart.com.mialias.net\/wp-content\/uploads\/logo-footer.svg","contentUrl":"http:\/\/www.reemocioart.com.mialias.net\/wp-content\/uploads\/logo-footer.svg","width":155,"height":120,"caption":"Reemocioart"},"image":{"@id":"https:\/\/elastic-books.com\/#\/schema\/logo\/image\/"},"sameAs":["https:\/\/www.facebook.com\/people\/Reemocioart\/100076073310442\/","https:\/\/www.instagram.com\/reemocioart\/"]}]}},"_links":{"self":[{"href":"https:\/\/elastic-books.com\/es\/wp-json\/wp\/v2\/product\/3491","targetHints":{"allow":["GET"]}}],"collection":[{"href":"https:\/\/elastic-books.com\/es\/wp-json\/wp\/v2\/product"}],"about":[{"href":"https:\/\/elastic-books.com\/es\/wp-json\/wp\/v2\/types\/product"}],"wp:featuredmedia":[{"embeddable":true,"href":"https:\/\/elastic-books.com\/es\/wp-json\/wp\/v2\/media\/3296"}],"wp:attachment":[{"href":"https:\/\/elastic-books.com\/es\/wp-json\/wp\/v2\/media?parent=3491"}],"wp:term":[{"taxonomy":"product_brand","embeddable":true,"href":"https:\/\/elastic-books.com\/es\/wp-json\/wp\/v2\/product_brand?post=3491"},{"taxonomy":"product_cat","embeddable":true,"href":"https:\/\/elastic-books.com\/es\/wp-json\/wp\/v2\/product_cat?post=3491"},{"taxonomy":"product_tag","embeddable":true,"href":"https:\/\/elastic-books.com\/es\/wp-json\/wp\/v2\/product_tag?post=3491"}],"curies":[{"name":"wp","href":"https:\/\/api.w.org\/{rel}","templated":true}]}}