{"id":3494,"date":"2019-05-02T19:10:18","date_gmt":"2019-05-02T17:10:18","guid":{"rendered":"https:\/\/elastic-books.com\/llibre\/lheroi-perdut\/"},"modified":"2025-05-09T12:37:07","modified_gmt":"2025-05-09T10:37:07","slug":"lheroi-perdut","status":"publish","type":"product","link":"https:\/\/elastic-books.com\/es\/libro\/lheroi-perdut\/","title":{"rendered":"L&#8217;heroi perdut"},"content":{"rendered":"<p><b>Els herois de l&#8217;Olipm, una saga de Rick Riordan, s&#8217;estrena amb auqesta priemra entrega.<\/b><\/p>\n<p>En Jason t\u00e9 un problema: no recorda de res. De cop s&#8217;ha despertat en un autob\u00fas escolar ple de nois i noies que van d&#8217;excursi\u00f3. Pel que sembla, la seva n\u00f2via es diu Piper i el seu millor amic, Leo. Per\u00f2 com ha arribat fins aqu\u00ed, en Jason? I on \u00e9s \u00abaqu\u00ed\u00bb, exactament? En Jason no sap res de res, nom\u00e9s que les coses no van b\u00e9. La Piper t\u00e9 un secret. El seu pare, un actor fam\u00f3s, fa tres dies que ha desaparegut, i ella est\u00e0 segura que es troba en perill perqu\u00e8 el veu en somnis; b\u00e9, m\u00e9s aviat en un malson terrible que ella no \u00e9s capa\u00e7 d&#8217;entendre. Com tampoc \u00e9s capa\u00e7 d&#8217;entendre per qu\u00e8 de cop el seu n\u00f2vio no la reconeix! Despr\u00e9s d&#8217;una sobtada tempesta apareixen unes criatures estranyes que s&#8217;emporten els tres amics a un lloc anomenat Campament Mest\u00eds. En Leo t\u00e9 una obsessi\u00f3 amb les eines. Quan veu que la seva habitaci\u00f3 del campament est\u00e0 plena d&#8217;eines el\u00e8ctriques i peces mec\u00e0niques, se sent com a casa. Per\u00f2 \u00e9s molt estrany, tot plegat; tothom parla d&#8217;una maledicci\u00f3 i de la desaparici\u00f3 d&#8217;alguns campistes. I el m\u00e9s estrany \u00e9s que la gent d&#8217;aquell lloc insisteix que cada un d&#8217;ells est\u00e0 relacionat amb un d\u00e9u. Aix\u00f2 pot tenir a veure amb l&#8217;amn\u00e8sia d&#8217;en Jason? O amb el fet que en Leo segueixi veient fantasmes?<\/p>\n<p><b>Tres semideus i una profecia: alliberar a Hera, deesa de la furia.<\/b><\/p>\n","protected":false},"excerpt":{"rendered":"<p>9788424664541<br \/>Rick Riordan<\/p>\n","protected":false},"featured_media":3314,"template":"","meta":{"_acf_changed":false,"_monsterinsights_skip_tracking":false,"_monsterinsights_sitenote_active":false,"_monsterinsights_sitenote_note":"","_monsterinsights_sitenote_category":0},"product_brand":[],"product_cat":[15],"product_tag":[],"class_list":{"0":"post-3494","1":"product","2":"type-product","3":"status-publish","4":"has-post-thumbnail","6":"product_cat-sin-categorizar","8":"first","9":"instock","10":"taxable","11":"shipping-taxable","12":"product-type-simple"},"acf":[],"yoast_head":"<!-- This site is optimized with the Yoast SEO plugin v27.5 - https:\/\/yoast.com\/product\/yoast-seo-wordpress\/ -->\n<title>L&#039;heroi perdut - Elastic Books<\/title>\n<meta name=\"robots\" content=\"index, follow, max-snippet:-1, max-image-preview:large, max-video-preview:-1\" \/>\n<link rel=\"canonical\" href=\"https:\/\/elastic-books.com\/es\/libro\/lheroi-perdut\/\" \/>\n<meta property=\"og:locale\" content=\"es_ES\" \/>\n<meta property=\"og:type\" content=\"article\" \/>\n<meta property=\"og:title\" content=\"L&#039;heroi perdut - Elastic Books\" \/>\n<meta property=\"og:description\" content=\"9788424664541Rick Riordan\" \/>\n<meta property=\"og:url\" content=\"https:\/\/elastic-books.com\/es\/libro\/lheroi-perdut\/\" \/>\n<meta property=\"og:site_name\" content=\"Elastic Books\" \/>\n<meta property=\"article:publisher\" content=\"https:\/\/www.facebook.com\/people\/Reemocioart\/100076073310442\/\" \/>\n<meta property=\"article:modified_time\" content=\"2025-05-09T10:37:07+00:00\" \/>\n<meta property=\"og:image\" content=\"https:\/\/elastic-books.com\/wp-content\/uploads\/9788424664541-1.jpg\" \/>\n\t<meta property=\"og:image:width\" content=\"310\" \/>\n\t<meta property=\"og:image:height\" content=\"438\" \/>\n\t<meta property=\"og:image:type\" content=\"image\/jpeg\" \/>\n<meta name=\"twitter:card\" content=\"summary_large_image\" \/>\n<meta name=\"twitter:label1\" content=\"Tiempo de lectura\" \/>\n\t<meta name=\"twitter:data1\" content=\"2 minutos\" \/>\n<script type=\"application\/ld+json\" class=\"yoast-schema-graph\">{\"@context\":\"https:\\\/\\\/schema.org\",\"@graph\":[{\"@type\":\"WebPage\",\"@id\":\"https:\\\/\\\/elastic-books.com\\\/es\\\/libro\\\/lheroi-perdut\\\/\",\"url\":\"https:\\\/\\\/elastic-books.com\\\/es\\\/libro\\\/lheroi-perdut\\\/\",\"name\":\"L'heroi perdut - Elastic Books\",\"isPartOf\":{\"@id\":\"https:\\\/\\\/elastic-books.com\\\/#website\"},\"primaryImageOfPage\":{\"@id\":\"https:\\\/\\\/elastic-books.com\\\/es\\\/libro\\\/lheroi-perdut\\\/#primaryimage\"},\"image\":{\"@id\":\"https:\\\/\\\/elastic-books.com\\\/es\\\/libro\\\/lheroi-perdut\\\/#primaryimage\"},\"thumbnailUrl\":\"https:\\\/\\\/elastic-books.com\\\/wp-content\\\/uploads\\\/9788424664541-1.jpg\",\"datePublished\":\"2019-05-02T17:10:18+00:00\",\"dateModified\":\"2025-05-09T10:37:07+00:00\",\"breadcrumb\":{\"@id\":\"https:\\\/\\\/elastic-books.com\\\/es\\\/libro\\\/lheroi-perdut\\\/#breadcrumb\"},\"inLanguage\":\"es\",\"potentialAction\":[{\"@type\":\"ReadAction\",\"target\":[\"https:\\\/\\\/elastic-books.com\\\/es\\\/libro\\\/lheroi-perdut\\\/\"]}]},{\"@type\":\"ImageObject\",\"inLanguage\":\"es\",\"@id\":\"https:\\\/\\\/elastic-books.com\\\/es\\\/libro\\\/lheroi-perdut\\\/#primaryimage\",\"url\":\"https:\\\/\\\/elastic-books.com\\\/wp-content\\\/uploads\\\/9788424664541-1.jpg\",\"contentUrl\":\"https:\\\/\\\/elastic-books.com\\\/wp-content\\\/uploads\\\/9788424664541-1.jpg\",\"width\":310,\"height\":438},{\"@type\":\"BreadcrumbList\",\"@id\":\"https:\\\/\\\/elastic-books.com\\\/es\\\/libro\\\/lheroi-perdut\\\/#breadcrumb\",\"itemListElement\":[{\"@type\":\"ListItem\",\"position\":1,\"name\":\"Portada\",\"item\":\"https:\\\/\\\/elastic-books.com\\\/es\\\/\"},{\"@type\":\"ListItem\",\"position\":2,\"name\":\"T\u00edtulos\",\"item\":\"https:\\\/\\\/elastic-books.com\\\/es\\\/titulos\\\/\"},{\"@type\":\"ListItem\",\"position\":3,\"name\":\"L&#8217;heroi perdut\"}]},{\"@type\":\"WebSite\",\"@id\":\"https:\\\/\\\/elastic-books.com\\\/#website\",\"url\":\"https:\\\/\\\/elastic-books.com\\\/\",\"name\":\"Elastic Books\",\"description\":\"\",\"publisher\":{\"@id\":\"https:\\\/\\\/elastic-books.com\\\/#organization\"},\"alternateName\":\"Velas naturales\",\"potentialAction\":[{\"@type\":\"SearchAction\",\"target\":{\"@type\":\"EntryPoint\",\"urlTemplate\":\"https:\\\/\\\/elastic-books.com\\\/?s={search_term_string}\"},\"query-input\":{\"@type\":\"PropertyValueSpecification\",\"valueRequired\":true,\"valueName\":\"search_term_string\"}}],\"inLanguage\":\"es\"},{\"@type\":\"Organization\",\"@id\":\"https:\\\/\\\/elastic-books.com\\\/#organization\",\"name\":\"Reemocioart\",\"alternateName\":\"Reemocioart\",\"url\":\"https:\\\/\\\/elastic-books.com\\\/\",\"logo\":{\"@type\":\"ImageObject\",\"inLanguage\":\"es\",\"@id\":\"https:\\\/\\\/elastic-books.com\\\/#\\\/schema\\\/logo\\\/image\\\/\",\"url\":\"http:\\\/\\\/www.reemocioart.com.mialias.net\\\/wp-content\\\/uploads\\\/logo-footer.svg\",\"contentUrl\":\"http:\\\/\\\/www.reemocioart.com.mialias.net\\\/wp-content\\\/uploads\\\/logo-footer.svg\",\"width\":155,\"height\":120,\"caption\":\"Reemocioart\"},\"image\":{\"@id\":\"https:\\\/\\\/elastic-books.com\\\/#\\\/schema\\\/logo\\\/image\\\/\"},\"sameAs\":[\"https:\\\/\\\/www.facebook.com\\\/people\\\/Reemocioart\\\/100076073310442\\\/\",\"https:\\\/\\\/www.instagram.com\\\/reemocioart\\\/\"]}]}<\/script>\n<!-- \/ Yoast SEO plugin. -->","yoast_head_json":{"title":"L'heroi perdut - Elastic Books","robots":{"index":"index","follow":"follow","max-snippet":"max-snippet:-1","max-image-preview":"max-image-preview:large","max-video-preview":"max-video-preview:-1"},"canonical":"https:\/\/elastic-books.com\/es\/libro\/lheroi-perdut\/","og_locale":"es_ES","og_type":"article","og_title":"L'heroi perdut - Elastic Books","og_description":"9788424664541Rick Riordan","og_url":"https:\/\/elastic-books.com\/es\/libro\/lheroi-perdut\/","og_site_name":"Elastic Books","article_publisher":"https:\/\/www.facebook.com\/people\/Reemocioart\/100076073310442\/","article_modified_time":"2025-05-09T10:37:07+00:00","og_image":[{"width":310,"height":438,"url":"https:\/\/elastic-books.com\/wp-content\/uploads\/9788424664541-1.jpg","type":"image\/jpeg"}],"twitter_card":"summary_large_image","twitter_misc":{"Tiempo de lectura":"2 minutos"},"schema":{"@context":"https:\/\/schema.org","@graph":[{"@type":"WebPage","@id":"https:\/\/elastic-books.com\/es\/libro\/lheroi-perdut\/","url":"https:\/\/elastic-books.com\/es\/libro\/lheroi-perdut\/","name":"L'heroi perdut - Elastic Books","isPartOf":{"@id":"https:\/\/elastic-books.com\/#website"},"primaryImageOfPage":{"@id":"https:\/\/elastic-books.com\/es\/libro\/lheroi-perdut\/#primaryimage"},"image":{"@id":"https:\/\/elastic-books.com\/es\/libro\/lheroi-perdut\/#primaryimage"},"thumbnailUrl":"https:\/\/elastic-books.com\/wp-content\/uploads\/9788424664541-1.jpg","datePublished":"2019-05-02T17:10:18+00:00","dateModified":"2025-05-09T10:37:07+00:00","breadcrumb":{"@id":"https:\/\/elastic-books.com\/es\/libro\/lheroi-perdut\/#breadcrumb"},"inLanguage":"es","potentialAction":[{"@type":"ReadAction","target":["https:\/\/elastic-books.com\/es\/libro\/lheroi-perdut\/"]}]},{"@type":"ImageObject","inLanguage":"es","@id":"https:\/\/elastic-books.com\/es\/libro\/lheroi-perdut\/#primaryimage","url":"https:\/\/elastic-books.com\/wp-content\/uploads\/9788424664541-1.jpg","contentUrl":"https:\/\/elastic-books.com\/wp-content\/uploads\/9788424664541-1.jpg","width":310,"height":438},{"@type":"BreadcrumbList","@id":"https:\/\/elastic-books.com\/es\/libro\/lheroi-perdut\/#breadcrumb","itemListElement":[{"@type":"ListItem","position":1,"name":"Portada","item":"https:\/\/elastic-books.com\/es\/"},{"@type":"ListItem","position":2,"name":"T\u00edtulos","item":"https:\/\/elastic-books.com\/es\/titulos\/"},{"@type":"ListItem","position":3,"name":"L&#8217;heroi perdut"}]},{"@type":"WebSite","@id":"https:\/\/elastic-books.com\/#website","url":"https:\/\/elastic-books.com\/","name":"Elastic Books","description":"","publisher":{"@id":"https:\/\/elastic-books.com\/#organization"},"alternateName":"Velas naturales","potentialAction":[{"@type":"SearchAction","target":{"@type":"EntryPoint","urlTemplate":"https:\/\/elastic-books.com\/?s={search_term_string}"},"query-input":{"@type":"PropertyValueSpecification","valueRequired":true,"valueName":"search_term_string"}}],"inLanguage":"es"},{"@type":"Organization","@id":"https:\/\/elastic-books.com\/#organization","name":"Reemocioart","alternateName":"Reemocioart","url":"https:\/\/elastic-books.com\/","logo":{"@type":"ImageObject","inLanguage":"es","@id":"https:\/\/elastic-books.com\/#\/schema\/logo\/image\/","url":"http:\/\/www.reemocioart.com.mialias.net\/wp-content\/uploads\/logo-footer.svg","contentUrl":"http:\/\/www.reemocioart.com.mialias.net\/wp-content\/uploads\/logo-footer.svg","width":155,"height":120,"caption":"Reemocioart"},"image":{"@id":"https:\/\/elastic-books.com\/#\/schema\/logo\/image\/"},"sameAs":["https:\/\/www.facebook.com\/people\/Reemocioart\/100076073310442\/","https:\/\/www.instagram.com\/reemocioart\/"]}]}},"_links":{"self":[{"href":"https:\/\/elastic-books.com\/es\/wp-json\/wp\/v2\/product\/3494","targetHints":{"allow":["GET"]}}],"collection":[{"href":"https:\/\/elastic-books.com\/es\/wp-json\/wp\/v2\/product"}],"about":[{"href":"https:\/\/elastic-books.com\/es\/wp-json\/wp\/v2\/types\/product"}],"wp:featuredmedia":[{"embeddable":true,"href":"https:\/\/elastic-books.com\/es\/wp-json\/wp\/v2\/media\/3314"}],"wp:attachment":[{"href":"https:\/\/elastic-books.com\/es\/wp-json\/wp\/v2\/media?parent=3494"}],"wp:term":[{"taxonomy":"product_brand","embeddable":true,"href":"https:\/\/elastic-books.com\/es\/wp-json\/wp\/v2\/product_brand?post=3494"},{"taxonomy":"product_cat","embeddable":true,"href":"https:\/\/elastic-books.com\/es\/wp-json\/wp\/v2\/product_cat?post=3494"},{"taxonomy":"product_tag","embeddable":true,"href":"https:\/\/elastic-books.com\/es\/wp-json\/wp\/v2\/product_tag?post=3494"}],"curies":[{"name":"wp","href":"https:\/\/api.w.org\/{rel}","templated":true}]}}