{"id":3537,"date":"2020-05-28T19:09:14","date_gmt":"2020-05-28T17:09:14","guid":{"rendered":"https:\/\/elastic-books.com\/llibre\/bajo-el-metal\/"},"modified":"2025-05-09T14:01:42","modified_gmt":"2025-05-09T12:01:42","slug":"bajo-el-metal","status":"publish","type":"product","link":"https:\/\/elastic-books.com\/es\/libro\/bajo-el-metal\/","title":{"rendered":"Bajo el metal"},"content":{"rendered":"<p>Jap\u00f3n, 2304.<\/p>\n<p>Hotaro e Ichiro son dos mecatr\u00f3nicos de los bajos fondos de la des\u00e9rtica ciudad de Tokio. Su fama de aceptar cualquier encargo, por truculento o retorcido que sea, lleva a un capo de la mafia a proponerles un nuevo y jugoso trabajo: arreglar y actualizar al \u00faltimo ne\u00f3mano del pa\u00eds, un androide ilegal al que planea subastar entre las altas esferas.<\/p>\n<p>El problema surge cuando Hotaro, encargado de la actualizaci\u00f3n de Akaashi, el androide, empieza a sospechar que no solo los pujadores est\u00e1n interesados en el robot y que un solo paso en falso podr\u00eda desencadenar la destrucci\u00f3n (o salvaci\u00f3n) de la ciudad.<\/p>\n<p><b>Irene Morales ha unido, en su primera novela, la ciencia ficci\u00f3n con una narraci\u00f3n emocionante y completamente adictiva ambientada en un Jap\u00f3n posapocal\u00edptico dominado por la temible Yakuza.<\/b><\/p>\n<p>\u00ab<i>Bajo el metal <\/i>es una estupenda combinaci\u00f3n entre luces de ne\u00f3n y sombras, crudeza y esperanza, suciedad y pureza. Es dif\u00edcil conseguir un balance tan especial y ser\u00e1 dif\u00edcil de olvidar.\u00bb La Nave Invisible<\/p>\n<p>\u00abEntre plata y dorado, <i>Bajo el metal <\/i>se mete en la piel del lector para rebuscar en sus sentimientos en un juego de relaciones bien construidas y la lucha por el poder.\u00bb Andrea Prieto P\u00e9rez<\/p>\n","protected":false},"excerpt":{"rendered":"<p>9788424667184<br \/>Irene Morales<\/p>\n","protected":false},"featured_media":3148,"template":"","meta":{"_acf_changed":false,"_monsterinsights_skip_tracking":false,"_monsterinsights_sitenote_active":false,"_monsterinsights_sitenote_note":"","_monsterinsights_sitenote_category":0},"product_brand":[],"product_cat":[15],"product_tag":[],"class_list":{"0":"post-3537","1":"product","2":"type-product","3":"status-publish","4":"has-post-thumbnail","6":"product_cat-sin-categorizar","8":"first","9":"instock","10":"taxable","11":"shipping-taxable","12":"product-type-simple"},"acf":[],"yoast_head":"<!-- This site is optimized with the Yoast SEO plugin v27.5 - https:\/\/yoast.com\/product\/yoast-seo-wordpress\/ -->\n<title>Bajo el metal - Elastic Books<\/title>\n<meta name=\"robots\" content=\"index, follow, max-snippet:-1, max-image-preview:large, max-video-preview:-1\" \/>\n<link rel=\"canonical\" href=\"https:\/\/elastic-books.com\/es\/libro\/bajo-el-metal\/\" \/>\n<meta property=\"og:locale\" content=\"es_ES\" \/>\n<meta property=\"og:type\" content=\"article\" \/>\n<meta property=\"og:title\" content=\"Bajo el metal - Elastic Books\" \/>\n<meta property=\"og:description\" content=\"9788424667184Irene Morales\" \/>\n<meta property=\"og:url\" content=\"https:\/\/elastic-books.com\/es\/libro\/bajo-el-metal\/\" \/>\n<meta property=\"og:site_name\" content=\"Elastic Books\" \/>\n<meta property=\"article:publisher\" content=\"https:\/\/www.facebook.com\/people\/Reemocioart\/100076073310442\/\" \/>\n<meta property=\"article:modified_time\" content=\"2025-05-09T12:01:42+00:00\" \/>\n<meta property=\"og:image\" content=\"https:\/\/elastic-books.com\/wp-content\/uploads\/9788424667184-1.jpg\" \/>\n\t<meta property=\"og:image:width\" content=\"610\" \/>\n\t<meta property=\"og:image:height\" content=\"867\" \/>\n\t<meta property=\"og:image:type\" content=\"image\/jpeg\" \/>\n<meta name=\"twitter:card\" content=\"summary_large_image\" \/>\n<meta name=\"twitter:label1\" content=\"Tiempo de lectura\" \/>\n\t<meta name=\"twitter:data1\" content=\"2 minutos\" \/>\n<script type=\"application\/ld+json\" class=\"yoast-schema-graph\">{\"@context\":\"https:\\\/\\\/schema.org\",\"@graph\":[{\"@type\":\"WebPage\",\"@id\":\"https:\\\/\\\/elastic-books.com\\\/es\\\/libro\\\/bajo-el-metal\\\/\",\"url\":\"https:\\\/\\\/elastic-books.com\\\/es\\\/libro\\\/bajo-el-metal\\\/\",\"name\":\"Bajo el metal - Elastic Books\",\"isPartOf\":{\"@id\":\"https:\\\/\\\/elastic-books.com\\\/#website\"},\"primaryImageOfPage\":{\"@id\":\"https:\\\/\\\/elastic-books.com\\\/es\\\/libro\\\/bajo-el-metal\\\/#primaryimage\"},\"image\":{\"@id\":\"https:\\\/\\\/elastic-books.com\\\/es\\\/libro\\\/bajo-el-metal\\\/#primaryimage\"},\"thumbnailUrl\":\"https:\\\/\\\/elastic-books.com\\\/wp-content\\\/uploads\\\/9788424667184-1.jpg\",\"datePublished\":\"2020-05-28T17:09:14+00:00\",\"dateModified\":\"2025-05-09T12:01:42+00:00\",\"breadcrumb\":{\"@id\":\"https:\\\/\\\/elastic-books.com\\\/es\\\/libro\\\/bajo-el-metal\\\/#breadcrumb\"},\"inLanguage\":\"es\",\"potentialAction\":[{\"@type\":\"ReadAction\",\"target\":[\"https:\\\/\\\/elastic-books.com\\\/es\\\/libro\\\/bajo-el-metal\\\/\"]}]},{\"@type\":\"ImageObject\",\"inLanguage\":\"es\",\"@id\":\"https:\\\/\\\/elastic-books.com\\\/es\\\/libro\\\/bajo-el-metal\\\/#primaryimage\",\"url\":\"https:\\\/\\\/elastic-books.com\\\/wp-content\\\/uploads\\\/9788424667184-1.jpg\",\"contentUrl\":\"https:\\\/\\\/elastic-books.com\\\/wp-content\\\/uploads\\\/9788424667184-1.jpg\",\"width\":610,\"height\":867},{\"@type\":\"BreadcrumbList\",\"@id\":\"https:\\\/\\\/elastic-books.com\\\/es\\\/libro\\\/bajo-el-metal\\\/#breadcrumb\",\"itemListElement\":[{\"@type\":\"ListItem\",\"position\":1,\"name\":\"Portada\",\"item\":\"https:\\\/\\\/elastic-books.com\\\/es\\\/\"},{\"@type\":\"ListItem\",\"position\":2,\"name\":\"T\u00edtulos\",\"item\":\"https:\\\/\\\/elastic-books.com\\\/es\\\/titulos\\\/\"},{\"@type\":\"ListItem\",\"position\":3,\"name\":\"Bajo el metal\"}]},{\"@type\":\"WebSite\",\"@id\":\"https:\\\/\\\/elastic-books.com\\\/#website\",\"url\":\"https:\\\/\\\/elastic-books.com\\\/\",\"name\":\"Elastic Books\",\"description\":\"\",\"publisher\":{\"@id\":\"https:\\\/\\\/elastic-books.com\\\/#organization\"},\"alternateName\":\"Velas naturales\",\"potentialAction\":[{\"@type\":\"SearchAction\",\"target\":{\"@type\":\"EntryPoint\",\"urlTemplate\":\"https:\\\/\\\/elastic-books.com\\\/?s={search_term_string}\"},\"query-input\":{\"@type\":\"PropertyValueSpecification\",\"valueRequired\":true,\"valueName\":\"search_term_string\"}}],\"inLanguage\":\"es\"},{\"@type\":\"Organization\",\"@id\":\"https:\\\/\\\/elastic-books.com\\\/#organization\",\"name\":\"Reemocioart\",\"alternateName\":\"Reemocioart\",\"url\":\"https:\\\/\\\/elastic-books.com\\\/\",\"logo\":{\"@type\":\"ImageObject\",\"inLanguage\":\"es\",\"@id\":\"https:\\\/\\\/elastic-books.com\\\/#\\\/schema\\\/logo\\\/image\\\/\",\"url\":\"http:\\\/\\\/www.reemocioart.com.mialias.net\\\/wp-content\\\/uploads\\\/logo-footer.svg\",\"contentUrl\":\"http:\\\/\\\/www.reemocioart.com.mialias.net\\\/wp-content\\\/uploads\\\/logo-footer.svg\",\"width\":155,\"height\":120,\"caption\":\"Reemocioart\"},\"image\":{\"@id\":\"https:\\\/\\\/elastic-books.com\\\/#\\\/schema\\\/logo\\\/image\\\/\"},\"sameAs\":[\"https:\\\/\\\/www.facebook.com\\\/people\\\/Reemocioart\\\/100076073310442\\\/\",\"https:\\\/\\\/www.instagram.com\\\/reemocioart\\\/\"]}]}<\/script>\n<!-- \/ Yoast SEO plugin. -->","yoast_head_json":{"title":"Bajo el metal - Elastic Books","robots":{"index":"index","follow":"follow","max-snippet":"max-snippet:-1","max-image-preview":"max-image-preview:large","max-video-preview":"max-video-preview:-1"},"canonical":"https:\/\/elastic-books.com\/es\/libro\/bajo-el-metal\/","og_locale":"es_ES","og_type":"article","og_title":"Bajo el metal - Elastic Books","og_description":"9788424667184Irene Morales","og_url":"https:\/\/elastic-books.com\/es\/libro\/bajo-el-metal\/","og_site_name":"Elastic Books","article_publisher":"https:\/\/www.facebook.com\/people\/Reemocioart\/100076073310442\/","article_modified_time":"2025-05-09T12:01:42+00:00","og_image":[{"width":610,"height":867,"url":"https:\/\/elastic-books.com\/wp-content\/uploads\/9788424667184-1.jpg","type":"image\/jpeg"}],"twitter_card":"summary_large_image","twitter_misc":{"Tiempo de lectura":"2 minutos"},"schema":{"@context":"https:\/\/schema.org","@graph":[{"@type":"WebPage","@id":"https:\/\/elastic-books.com\/es\/libro\/bajo-el-metal\/","url":"https:\/\/elastic-books.com\/es\/libro\/bajo-el-metal\/","name":"Bajo el metal - Elastic Books","isPartOf":{"@id":"https:\/\/elastic-books.com\/#website"},"primaryImageOfPage":{"@id":"https:\/\/elastic-books.com\/es\/libro\/bajo-el-metal\/#primaryimage"},"image":{"@id":"https:\/\/elastic-books.com\/es\/libro\/bajo-el-metal\/#primaryimage"},"thumbnailUrl":"https:\/\/elastic-books.com\/wp-content\/uploads\/9788424667184-1.jpg","datePublished":"2020-05-28T17:09:14+00:00","dateModified":"2025-05-09T12:01:42+00:00","breadcrumb":{"@id":"https:\/\/elastic-books.com\/es\/libro\/bajo-el-metal\/#breadcrumb"},"inLanguage":"es","potentialAction":[{"@type":"ReadAction","target":["https:\/\/elastic-books.com\/es\/libro\/bajo-el-metal\/"]}]},{"@type":"ImageObject","inLanguage":"es","@id":"https:\/\/elastic-books.com\/es\/libro\/bajo-el-metal\/#primaryimage","url":"https:\/\/elastic-books.com\/wp-content\/uploads\/9788424667184-1.jpg","contentUrl":"https:\/\/elastic-books.com\/wp-content\/uploads\/9788424667184-1.jpg","width":610,"height":867},{"@type":"BreadcrumbList","@id":"https:\/\/elastic-books.com\/es\/libro\/bajo-el-metal\/#breadcrumb","itemListElement":[{"@type":"ListItem","position":1,"name":"Portada","item":"https:\/\/elastic-books.com\/es\/"},{"@type":"ListItem","position":2,"name":"T\u00edtulos","item":"https:\/\/elastic-books.com\/es\/titulos\/"},{"@type":"ListItem","position":3,"name":"Bajo el metal"}]},{"@type":"WebSite","@id":"https:\/\/elastic-books.com\/#website","url":"https:\/\/elastic-books.com\/","name":"Elastic Books","description":"","publisher":{"@id":"https:\/\/elastic-books.com\/#organization"},"alternateName":"Velas naturales","potentialAction":[{"@type":"SearchAction","target":{"@type":"EntryPoint","urlTemplate":"https:\/\/elastic-books.com\/?s={search_term_string}"},"query-input":{"@type":"PropertyValueSpecification","valueRequired":true,"valueName":"search_term_string"}}],"inLanguage":"es"},{"@type":"Organization","@id":"https:\/\/elastic-books.com\/#organization","name":"Reemocioart","alternateName":"Reemocioart","url":"https:\/\/elastic-books.com\/","logo":{"@type":"ImageObject","inLanguage":"es","@id":"https:\/\/elastic-books.com\/#\/schema\/logo\/image\/","url":"http:\/\/www.reemocioart.com.mialias.net\/wp-content\/uploads\/logo-footer.svg","contentUrl":"http:\/\/www.reemocioart.com.mialias.net\/wp-content\/uploads\/logo-footer.svg","width":155,"height":120,"caption":"Reemocioart"},"image":{"@id":"https:\/\/elastic-books.com\/#\/schema\/logo\/image\/"},"sameAs":["https:\/\/www.facebook.com\/people\/Reemocioart\/100076073310442\/","https:\/\/www.instagram.com\/reemocioart\/"]}]}},"_links":{"self":[{"href":"https:\/\/elastic-books.com\/es\/wp-json\/wp\/v2\/product\/3537","targetHints":{"allow":["GET"]}}],"collection":[{"href":"https:\/\/elastic-books.com\/es\/wp-json\/wp\/v2\/product"}],"about":[{"href":"https:\/\/elastic-books.com\/es\/wp-json\/wp\/v2\/types\/product"}],"wp:featuredmedia":[{"embeddable":true,"href":"https:\/\/elastic-books.com\/es\/wp-json\/wp\/v2\/media\/3148"}],"wp:attachment":[{"href":"https:\/\/elastic-books.com\/es\/wp-json\/wp\/v2\/media?parent=3537"}],"wp:term":[{"taxonomy":"product_brand","embeddable":true,"href":"https:\/\/elastic-books.com\/es\/wp-json\/wp\/v2\/product_brand?post=3537"},{"taxonomy":"product_cat","embeddable":true,"href":"https:\/\/elastic-books.com\/es\/wp-json\/wp\/v2\/product_cat?post=3537"},{"taxonomy":"product_tag","embeddable":true,"href":"https:\/\/elastic-books.com\/es\/wp-json\/wp\/v2\/product_tag?post=3537"}],"curies":[{"name":"wp","href":"https:\/\/api.w.org\/{rel}","templated":true}]}}