{"id":3543,"date":"2018-03-07T19:09:14","date_gmt":"2018-03-07T18:09:14","guid":{"rendered":"https:\/\/elastic-books.com\/llibre\/todo-lo-que-se-sobre-un-corazon-roto\/"},"modified":"2025-05-09T13:59:20","modified_gmt":"2025-05-09T11:59:20","slug":"todo-lo-que-se-sobre-un-corazon-roto","status":"publish","type":"product","link":"https:\/\/elastic-books.com\/es\/libro\/todo-lo-que-se-sobre-un-corazon-roto\/","title":{"rendered":"Todo lo que s\u00e9 sobre un coraz\u00f3n roto"},"content":{"rendered":"<p>Del autor de <i>C\u00f3meme si te atreves<\/i><\/p>\n<p>Ella no quiere creer en el amor.<\/p>\n<p>\u00c9l siempre ha querido enamorarse.<\/p>\n<p>Ella escribe en su diario a una escritora muerta.<\/p>\n<p>\u00c9l no quiere saber nada de la muerte.<\/p>\n<p>Lo que Marc sabe de Simone es lo que cuentan sobre ella en el instituto. Lo que Simone sabe sobre Marc es lo que ning\u00fan chico hab\u00eda hecho antes por ella. Desde que a Simone le rompieron el coraz\u00f3n su pasi\u00f3n por el dibujo ha crecido, es una v\u00eda de escape porque nunca ha hablado con nadie de lo que pas\u00f3. Aunque cuando llega Marc es su gran oportunidad para empezar a creer en las personas.<\/p>\n<p><i>Todo lo que s\u00e9 sobre un coraz\u00f3n roto <\/i>es que en el mundo hay parejas que se conocen, se besan, se enamoran y rompen.<\/p>\n<p>\u00bfY si la vida es demasiado triste para ser feliz?<\/p>\n","protected":false},"excerpt":{"rendered":"<p>9788424662813<br \/>Daniel Ojeda<\/p>\n","protected":false},"featured_media":3166,"template":"","meta":{"_acf_changed":false,"_monsterinsights_skip_tracking":false,"_monsterinsights_sitenote_active":false,"_monsterinsights_sitenote_note":"","_monsterinsights_sitenote_category":0},"product_brand":[],"product_cat":[15],"product_tag":[],"class_list":{"0":"post-3543","1":"product","2":"type-product","3":"status-publish","4":"has-post-thumbnail","6":"product_cat-sin-categorizar","8":"first","9":"instock","10":"taxable","11":"shipping-taxable","12":"product-type-simple"},"acf":[],"yoast_head":"<!-- This site is optimized with the Yoast SEO plugin v27.5 - https:\/\/yoast.com\/product\/yoast-seo-wordpress\/ -->\n<title>Todo lo que s\u00e9 sobre un coraz\u00f3n roto - Elastic Books<\/title>\n<meta name=\"robots\" content=\"index, follow, max-snippet:-1, max-image-preview:large, max-video-preview:-1\" \/>\n<link rel=\"canonical\" href=\"https:\/\/elastic-books.com\/es\/libro\/todo-lo-que-se-sobre-un-corazon-roto\/\" \/>\n<meta property=\"og:locale\" content=\"es_ES\" \/>\n<meta property=\"og:type\" content=\"article\" \/>\n<meta property=\"og:title\" content=\"Todo lo que s\u00e9 sobre un coraz\u00f3n roto - Elastic Books\" \/>\n<meta property=\"og:description\" content=\"9788424662813Daniel Ojeda\" \/>\n<meta property=\"og:url\" content=\"https:\/\/elastic-books.com\/es\/libro\/todo-lo-que-se-sobre-un-corazon-roto\/\" \/>\n<meta property=\"og:site_name\" content=\"Elastic Books\" \/>\n<meta property=\"article:publisher\" content=\"https:\/\/www.facebook.com\/people\/Reemocioart\/100076073310442\/\" \/>\n<meta property=\"article:modified_time\" content=\"2025-05-09T11:59:20+00:00\" \/>\n<meta property=\"og:image\" content=\"https:\/\/elastic-books.com\/wp-content\/uploads\/9788424662813-1.jpg\" \/>\n\t<meta property=\"og:image:width\" content=\"1000\" \/>\n\t<meta property=\"og:image:height\" content=\"1433\" \/>\n\t<meta property=\"og:image:type\" content=\"image\/jpeg\" \/>\n<meta name=\"twitter:card\" content=\"summary_large_image\" \/>\n<meta name=\"twitter:label1\" content=\"Tiempo de lectura\" \/>\n\t<meta name=\"twitter:data1\" content=\"1 minuto\" \/>\n<script type=\"application\/ld+json\" class=\"yoast-schema-graph\">{\"@context\":\"https:\\\/\\\/schema.org\",\"@graph\":[{\"@type\":\"WebPage\",\"@id\":\"https:\\\/\\\/elastic-books.com\\\/es\\\/libro\\\/todo-lo-que-se-sobre-un-corazon-roto\\\/\",\"url\":\"https:\\\/\\\/elastic-books.com\\\/es\\\/libro\\\/todo-lo-que-se-sobre-un-corazon-roto\\\/\",\"name\":\"Todo lo que s\u00e9 sobre un coraz\u00f3n roto - Elastic Books\",\"isPartOf\":{\"@id\":\"https:\\\/\\\/elastic-books.com\\\/#website\"},\"primaryImageOfPage\":{\"@id\":\"https:\\\/\\\/elastic-books.com\\\/es\\\/libro\\\/todo-lo-que-se-sobre-un-corazon-roto\\\/#primaryimage\"},\"image\":{\"@id\":\"https:\\\/\\\/elastic-books.com\\\/es\\\/libro\\\/todo-lo-que-se-sobre-un-corazon-roto\\\/#primaryimage\"},\"thumbnailUrl\":\"https:\\\/\\\/elastic-books.com\\\/wp-content\\\/uploads\\\/9788424662813-1.jpg\",\"datePublished\":\"2018-03-07T18:09:14+00:00\",\"dateModified\":\"2025-05-09T11:59:20+00:00\",\"breadcrumb\":{\"@id\":\"https:\\\/\\\/elastic-books.com\\\/es\\\/libro\\\/todo-lo-que-se-sobre-un-corazon-roto\\\/#breadcrumb\"},\"inLanguage\":\"es\",\"potentialAction\":[{\"@type\":\"ReadAction\",\"target\":[\"https:\\\/\\\/elastic-books.com\\\/es\\\/libro\\\/todo-lo-que-se-sobre-un-corazon-roto\\\/\"]}]},{\"@type\":\"ImageObject\",\"inLanguage\":\"es\",\"@id\":\"https:\\\/\\\/elastic-books.com\\\/es\\\/libro\\\/todo-lo-que-se-sobre-un-corazon-roto\\\/#primaryimage\",\"url\":\"https:\\\/\\\/elastic-books.com\\\/wp-content\\\/uploads\\\/9788424662813-1.jpg\",\"contentUrl\":\"https:\\\/\\\/elastic-books.com\\\/wp-content\\\/uploads\\\/9788424662813-1.jpg\",\"width\":1000,\"height\":1433},{\"@type\":\"BreadcrumbList\",\"@id\":\"https:\\\/\\\/elastic-books.com\\\/es\\\/libro\\\/todo-lo-que-se-sobre-un-corazon-roto\\\/#breadcrumb\",\"itemListElement\":[{\"@type\":\"ListItem\",\"position\":1,\"name\":\"Portada\",\"item\":\"https:\\\/\\\/elastic-books.com\\\/es\\\/\"},{\"@type\":\"ListItem\",\"position\":2,\"name\":\"T\u00edtulos\",\"item\":\"https:\\\/\\\/elastic-books.com\\\/es\\\/titulos\\\/\"},{\"@type\":\"ListItem\",\"position\":3,\"name\":\"Todo lo que s\u00e9 sobre un coraz\u00f3n roto\"}]},{\"@type\":\"WebSite\",\"@id\":\"https:\\\/\\\/elastic-books.com\\\/#website\",\"url\":\"https:\\\/\\\/elastic-books.com\\\/\",\"name\":\"Elastic Books\",\"description\":\"\",\"publisher\":{\"@id\":\"https:\\\/\\\/elastic-books.com\\\/#organization\"},\"alternateName\":\"Velas naturales\",\"potentialAction\":[{\"@type\":\"SearchAction\",\"target\":{\"@type\":\"EntryPoint\",\"urlTemplate\":\"https:\\\/\\\/elastic-books.com\\\/?s={search_term_string}\"},\"query-input\":{\"@type\":\"PropertyValueSpecification\",\"valueRequired\":true,\"valueName\":\"search_term_string\"}}],\"inLanguage\":\"es\"},{\"@type\":\"Organization\",\"@id\":\"https:\\\/\\\/elastic-books.com\\\/#organization\",\"name\":\"Reemocioart\",\"alternateName\":\"Reemocioart\",\"url\":\"https:\\\/\\\/elastic-books.com\\\/\",\"logo\":{\"@type\":\"ImageObject\",\"inLanguage\":\"es\",\"@id\":\"https:\\\/\\\/elastic-books.com\\\/#\\\/schema\\\/logo\\\/image\\\/\",\"url\":\"http:\\\/\\\/www.reemocioart.com.mialias.net\\\/wp-content\\\/uploads\\\/logo-footer.svg\",\"contentUrl\":\"http:\\\/\\\/www.reemocioart.com.mialias.net\\\/wp-content\\\/uploads\\\/logo-footer.svg\",\"width\":155,\"height\":120,\"caption\":\"Reemocioart\"},\"image\":{\"@id\":\"https:\\\/\\\/elastic-books.com\\\/#\\\/schema\\\/logo\\\/image\\\/\"},\"sameAs\":[\"https:\\\/\\\/www.facebook.com\\\/people\\\/Reemocioart\\\/100076073310442\\\/\",\"https:\\\/\\\/www.instagram.com\\\/reemocioart\\\/\"]}]}<\/script>\n<!-- \/ Yoast SEO plugin. -->","yoast_head_json":{"title":"Todo lo que s\u00e9 sobre un coraz\u00f3n roto - Elastic Books","robots":{"index":"index","follow":"follow","max-snippet":"max-snippet:-1","max-image-preview":"max-image-preview:large","max-video-preview":"max-video-preview:-1"},"canonical":"https:\/\/elastic-books.com\/es\/libro\/todo-lo-que-se-sobre-un-corazon-roto\/","og_locale":"es_ES","og_type":"article","og_title":"Todo lo que s\u00e9 sobre un coraz\u00f3n roto - Elastic Books","og_description":"9788424662813Daniel Ojeda","og_url":"https:\/\/elastic-books.com\/es\/libro\/todo-lo-que-se-sobre-un-corazon-roto\/","og_site_name":"Elastic Books","article_publisher":"https:\/\/www.facebook.com\/people\/Reemocioart\/100076073310442\/","article_modified_time":"2025-05-09T11:59:20+00:00","og_image":[{"width":1000,"height":1433,"url":"https:\/\/elastic-books.com\/wp-content\/uploads\/9788424662813-1.jpg","type":"image\/jpeg"}],"twitter_card":"summary_large_image","twitter_misc":{"Tiempo de lectura":"1 minuto"},"schema":{"@context":"https:\/\/schema.org","@graph":[{"@type":"WebPage","@id":"https:\/\/elastic-books.com\/es\/libro\/todo-lo-que-se-sobre-un-corazon-roto\/","url":"https:\/\/elastic-books.com\/es\/libro\/todo-lo-que-se-sobre-un-corazon-roto\/","name":"Todo lo que s\u00e9 sobre un coraz\u00f3n roto - Elastic Books","isPartOf":{"@id":"https:\/\/elastic-books.com\/#website"},"primaryImageOfPage":{"@id":"https:\/\/elastic-books.com\/es\/libro\/todo-lo-que-se-sobre-un-corazon-roto\/#primaryimage"},"image":{"@id":"https:\/\/elastic-books.com\/es\/libro\/todo-lo-que-se-sobre-un-corazon-roto\/#primaryimage"},"thumbnailUrl":"https:\/\/elastic-books.com\/wp-content\/uploads\/9788424662813-1.jpg","datePublished":"2018-03-07T18:09:14+00:00","dateModified":"2025-05-09T11:59:20+00:00","breadcrumb":{"@id":"https:\/\/elastic-books.com\/es\/libro\/todo-lo-que-se-sobre-un-corazon-roto\/#breadcrumb"},"inLanguage":"es","potentialAction":[{"@type":"ReadAction","target":["https:\/\/elastic-books.com\/es\/libro\/todo-lo-que-se-sobre-un-corazon-roto\/"]}]},{"@type":"ImageObject","inLanguage":"es","@id":"https:\/\/elastic-books.com\/es\/libro\/todo-lo-que-se-sobre-un-corazon-roto\/#primaryimage","url":"https:\/\/elastic-books.com\/wp-content\/uploads\/9788424662813-1.jpg","contentUrl":"https:\/\/elastic-books.com\/wp-content\/uploads\/9788424662813-1.jpg","width":1000,"height":1433},{"@type":"BreadcrumbList","@id":"https:\/\/elastic-books.com\/es\/libro\/todo-lo-que-se-sobre-un-corazon-roto\/#breadcrumb","itemListElement":[{"@type":"ListItem","position":1,"name":"Portada","item":"https:\/\/elastic-books.com\/es\/"},{"@type":"ListItem","position":2,"name":"T\u00edtulos","item":"https:\/\/elastic-books.com\/es\/titulos\/"},{"@type":"ListItem","position":3,"name":"Todo lo que s\u00e9 sobre un coraz\u00f3n roto"}]},{"@type":"WebSite","@id":"https:\/\/elastic-books.com\/#website","url":"https:\/\/elastic-books.com\/","name":"Elastic Books","description":"","publisher":{"@id":"https:\/\/elastic-books.com\/#organization"},"alternateName":"Velas naturales","potentialAction":[{"@type":"SearchAction","target":{"@type":"EntryPoint","urlTemplate":"https:\/\/elastic-books.com\/?s={search_term_string}"},"query-input":{"@type":"PropertyValueSpecification","valueRequired":true,"valueName":"search_term_string"}}],"inLanguage":"es"},{"@type":"Organization","@id":"https:\/\/elastic-books.com\/#organization","name":"Reemocioart","alternateName":"Reemocioart","url":"https:\/\/elastic-books.com\/","logo":{"@type":"ImageObject","inLanguage":"es","@id":"https:\/\/elastic-books.com\/#\/schema\/logo\/image\/","url":"http:\/\/www.reemocioart.com.mialias.net\/wp-content\/uploads\/logo-footer.svg","contentUrl":"http:\/\/www.reemocioart.com.mialias.net\/wp-content\/uploads\/logo-footer.svg","width":155,"height":120,"caption":"Reemocioart"},"image":{"@id":"https:\/\/elastic-books.com\/#\/schema\/logo\/image\/"},"sameAs":["https:\/\/www.facebook.com\/people\/Reemocioart\/100076073310442\/","https:\/\/www.instagram.com\/reemocioart\/"]}]}},"_links":{"self":[{"href":"https:\/\/elastic-books.com\/es\/wp-json\/wp\/v2\/product\/3543","targetHints":{"allow":["GET"]}}],"collection":[{"href":"https:\/\/elastic-books.com\/es\/wp-json\/wp\/v2\/product"}],"about":[{"href":"https:\/\/elastic-books.com\/es\/wp-json\/wp\/v2\/types\/product"}],"wp:featuredmedia":[{"embeddable":true,"href":"https:\/\/elastic-books.com\/es\/wp-json\/wp\/v2\/media\/3166"}],"wp:attachment":[{"href":"https:\/\/elastic-books.com\/es\/wp-json\/wp\/v2\/media?parent=3543"}],"wp:term":[{"taxonomy":"product_brand","embeddable":true,"href":"https:\/\/elastic-books.com\/es\/wp-json\/wp\/v2\/product_brand?post=3543"},{"taxonomy":"product_cat","embeddable":true,"href":"https:\/\/elastic-books.com\/es\/wp-json\/wp\/v2\/product_cat?post=3543"},{"taxonomy":"product_tag","embeddable":true,"href":"https:\/\/elastic-books.com\/es\/wp-json\/wp\/v2\/product_tag?post=3543"}],"curies":[{"name":"wp","href":"https:\/\/api.w.org\/{rel}","templated":true}]}}