{"id":3650,"date":"2024-09-16T10:30:23","date_gmt":"2024-09-16T08:30:23","guid":{"rendered":"https:\/\/elastic-books.com\/?post_type=product&#038;p=3650"},"modified":"2025-05-09T10:30:45","modified_gmt":"2025-05-09T08:30:45","slug":"les-portes-de-listhar-2-els-secrets-de-linframon","status":"publish","type":"product","link":"https:\/\/elastic-books.com\/es\/libro\/les-portes-de-listhar-2-els-secrets-de-linframon\/","title":{"rendered":"Les portes de l&#8217;\u00cdsthar 2. Els secrets de l&#8217;inframon"},"content":{"rendered":"<p>Quan l\u2019\u00cdsthar decideix despertar el seu poder com a wagadaga, es veu arrossegada a un m\u00f3n de m\u00e0gia i misteri. Moguda per la seva voluntat d\u2019acomiadar-se de la seva \u00e0via morta i per l\u2019amor prohibit que sent per l\u2019Umbrel, s\u2019embarca en una aventura per obrir la seva primera porta sagrada i mantenir l\u2019equilibri entre els vius i els morts. Amb cada pas, el perill d\u2019\u00e9sser descoberta augmenta.<\/p>\n<p><strong>Una hist\u00f2ria de fantasia plena d\u2019acci\u00f3, amor i secrets que podrien desfermar una guerra.<\/strong><\/p>\n","protected":false},"excerpt":{"rendered":"<p>9788419478313<br \/>N\u00faria Albert\u00ed Mart\u00ednez de Velasco<\/p>\n","protected":false},"featured_media":3651,"template":"","meta":{"_acf_changed":false,"_monsterinsights_skip_tracking":false,"_monsterinsights_sitenote_active":false,"_monsterinsights_sitenote_note":"","_monsterinsights_sitenote_category":0},"product_brand":[],"product_cat":[],"product_tag":[],"class_list":{"0":"post-3650","1":"product","2":"type-product","3":"status-publish","4":"has-post-thumbnail","6":"genero-fantasia","7":"genero-fantasia-romantica","9":"first","10":"instock","11":"taxable","12":"shipping-taxable","13":"purchasable","14":"product-type-simple"},"acf":[],"yoast_head":"<!-- This site is optimized with the Yoast SEO plugin v27.5 - https:\/\/yoast.com\/product\/yoast-seo-wordpress\/ -->\n<title>Les portes de l&#039;\u00cdsthar 2. Els secrets de l&#039;inframon - Elastic Books<\/title>\n<meta name=\"robots\" content=\"index, follow, max-snippet:-1, max-image-preview:large, max-video-preview:-1\" \/>\n<link rel=\"canonical\" href=\"https:\/\/elastic-books.com\/llibre\/les-portes-de-listhar-2-els-secrets-de-linframon\/\" \/>\n<meta property=\"og:locale\" content=\"es_ES\" \/>\n<meta property=\"og:type\" content=\"article\" \/>\n<meta property=\"og:title\" content=\"Les portes de l&#039;\u00cdsthar 2. Els secrets de l&#039;inframon - Elastic Books\" \/>\n<meta property=\"og:description\" content=\"9788419478313N\u00faria Albert\u00ed Mart\u00ednez de Velasco\" \/>\n<meta property=\"og:url\" content=\"https:\/\/elastic-books.com\/llibre\/les-portes-de-listhar-2-els-secrets-de-linframon\/\" \/>\n<meta property=\"og:site_name\" content=\"Elastic Books\" \/>\n<meta property=\"article:publisher\" content=\"https:\/\/www.facebook.com\/people\/Reemocioart\/100076073310442\/\" \/>\n<meta property=\"article:modified_time\" content=\"2025-05-09T08:30:45+00:00\" \/>\n<meta property=\"og:image\" content=\"https:\/\/elastic-books.com\/wp-content\/uploads\/9788419478313.jpeg\" \/>\n\t<meta property=\"og:image:width\" content=\"973\" \/>\n\t<meta property=\"og:image:height\" content=\"1441\" \/>\n\t<meta property=\"og:image:type\" content=\"image\/jpeg\" \/>\n<meta name=\"twitter:card\" content=\"summary_large_image\" \/>\n<meta name=\"twitter:label1\" content=\"Tiempo de lectura\" \/>\n\t<meta name=\"twitter:data1\" content=\"1 minuto\" \/>\n<script type=\"application\/ld+json\" class=\"yoast-schema-graph\">{\"@context\":\"https:\\\/\\\/schema.org\",\"@graph\":[{\"@type\":\"WebPage\",\"@id\":\"https:\\\/\\\/elastic-books.com\\\/llibre\\\/les-portes-de-listhar-2-els-secrets-de-linframon\\\/\",\"url\":\"https:\\\/\\\/elastic-books.com\\\/llibre\\\/les-portes-de-listhar-2-els-secrets-de-linframon\\\/\",\"name\":\"Les portes de l'\u00cdsthar 2. Els secrets de l'inframon - Elastic Books\",\"isPartOf\":{\"@id\":\"https:\\\/\\\/elastic-books.com\\\/#website\"},\"primaryImageOfPage\":{\"@id\":\"https:\\\/\\\/elastic-books.com\\\/llibre\\\/les-portes-de-listhar-2-els-secrets-de-linframon\\\/#primaryimage\"},\"image\":{\"@id\":\"https:\\\/\\\/elastic-books.com\\\/llibre\\\/les-portes-de-listhar-2-els-secrets-de-linframon\\\/#primaryimage\"},\"thumbnailUrl\":\"https:\\\/\\\/elastic-books.com\\\/wp-content\\\/uploads\\\/9788419478313.jpeg\",\"datePublished\":\"2024-09-16T08:30:23+00:00\",\"dateModified\":\"2025-05-09T08:30:45+00:00\",\"breadcrumb\":{\"@id\":\"https:\\\/\\\/elastic-books.com\\\/llibre\\\/les-portes-de-listhar-2-els-secrets-de-linframon\\\/#breadcrumb\"},\"inLanguage\":\"es\",\"potentialAction\":[{\"@type\":\"ReadAction\",\"target\":[\"https:\\\/\\\/elastic-books.com\\\/llibre\\\/les-portes-de-listhar-2-els-secrets-de-linframon\\\/\"]}]},{\"@type\":\"ImageObject\",\"inLanguage\":\"es\",\"@id\":\"https:\\\/\\\/elastic-books.com\\\/llibre\\\/les-portes-de-listhar-2-els-secrets-de-linframon\\\/#primaryimage\",\"url\":\"https:\\\/\\\/elastic-books.com\\\/wp-content\\\/uploads\\\/9788419478313.jpeg\",\"contentUrl\":\"https:\\\/\\\/elastic-books.com\\\/wp-content\\\/uploads\\\/9788419478313.jpeg\",\"width\":973,\"height\":1441},{\"@type\":\"BreadcrumbList\",\"@id\":\"https:\\\/\\\/elastic-books.com\\\/llibre\\\/les-portes-de-listhar-2-els-secrets-de-linframon\\\/#breadcrumb\",\"itemListElement\":[{\"@type\":\"ListItem\",\"position\":1,\"name\":\"Portada\",\"item\":\"https:\\\/\\\/elastic-books.com\\\/es\\\/\"},{\"@type\":\"ListItem\",\"position\":2,\"name\":\"T\u00edtulos\",\"item\":\"https:\\\/\\\/elastic-books.com\\\/es\\\/titulos\\\/\"},{\"@type\":\"ListItem\",\"position\":3,\"name\":\"Les portes de l&#8217;\u00cdsthar 2. Els secrets de l&#8217;inframon\"}]},{\"@type\":\"WebSite\",\"@id\":\"https:\\\/\\\/elastic-books.com\\\/#website\",\"url\":\"https:\\\/\\\/elastic-books.com\\\/\",\"name\":\"Elastic Books\",\"description\":\"\",\"publisher\":{\"@id\":\"https:\\\/\\\/elastic-books.com\\\/#organization\"},\"alternateName\":\"Velas naturales\",\"potentialAction\":[{\"@type\":\"SearchAction\",\"target\":{\"@type\":\"EntryPoint\",\"urlTemplate\":\"https:\\\/\\\/elastic-books.com\\\/?s={search_term_string}\"},\"query-input\":{\"@type\":\"PropertyValueSpecification\",\"valueRequired\":true,\"valueName\":\"search_term_string\"}}],\"inLanguage\":\"es\"},{\"@type\":\"Organization\",\"@id\":\"https:\\\/\\\/elastic-books.com\\\/#organization\",\"name\":\"Reemocioart\",\"alternateName\":\"Reemocioart\",\"url\":\"https:\\\/\\\/elastic-books.com\\\/\",\"logo\":{\"@type\":\"ImageObject\",\"inLanguage\":\"es\",\"@id\":\"https:\\\/\\\/elastic-books.com\\\/#\\\/schema\\\/logo\\\/image\\\/\",\"url\":\"http:\\\/\\\/www.reemocioart.com.mialias.net\\\/wp-content\\\/uploads\\\/logo-footer.svg\",\"contentUrl\":\"http:\\\/\\\/www.reemocioart.com.mialias.net\\\/wp-content\\\/uploads\\\/logo-footer.svg\",\"width\":155,\"height\":120,\"caption\":\"Reemocioart\"},\"image\":{\"@id\":\"https:\\\/\\\/elastic-books.com\\\/#\\\/schema\\\/logo\\\/image\\\/\"},\"sameAs\":[\"https:\\\/\\\/www.facebook.com\\\/people\\\/Reemocioart\\\/100076073310442\\\/\",\"https:\\\/\\\/www.instagram.com\\\/reemocioart\\\/\"]}]}<\/script>\n<!-- \/ Yoast SEO plugin. -->","yoast_head_json":{"title":"Les portes de l'\u00cdsthar 2. Els secrets de l'inframon - Elastic Books","robots":{"index":"index","follow":"follow","max-snippet":"max-snippet:-1","max-image-preview":"max-image-preview:large","max-video-preview":"max-video-preview:-1"},"canonical":"https:\/\/elastic-books.com\/llibre\/les-portes-de-listhar-2-els-secrets-de-linframon\/","og_locale":"es_ES","og_type":"article","og_title":"Les portes de l'\u00cdsthar 2. Els secrets de l'inframon - Elastic Books","og_description":"9788419478313N\u00faria Albert\u00ed Mart\u00ednez de Velasco","og_url":"https:\/\/elastic-books.com\/llibre\/les-portes-de-listhar-2-els-secrets-de-linframon\/","og_site_name":"Elastic Books","article_publisher":"https:\/\/www.facebook.com\/people\/Reemocioart\/100076073310442\/","article_modified_time":"2025-05-09T08:30:45+00:00","og_image":[{"width":973,"height":1441,"url":"https:\/\/elastic-books.com\/wp-content\/uploads\/9788419478313.jpeg","type":"image\/jpeg"}],"twitter_card":"summary_large_image","twitter_misc":{"Tiempo de lectura":"1 minuto"},"schema":{"@context":"https:\/\/schema.org","@graph":[{"@type":"WebPage","@id":"https:\/\/elastic-books.com\/llibre\/les-portes-de-listhar-2-els-secrets-de-linframon\/","url":"https:\/\/elastic-books.com\/llibre\/les-portes-de-listhar-2-els-secrets-de-linframon\/","name":"Les portes de l'\u00cdsthar 2. Els secrets de l'inframon - Elastic Books","isPartOf":{"@id":"https:\/\/elastic-books.com\/#website"},"primaryImageOfPage":{"@id":"https:\/\/elastic-books.com\/llibre\/les-portes-de-listhar-2-els-secrets-de-linframon\/#primaryimage"},"image":{"@id":"https:\/\/elastic-books.com\/llibre\/les-portes-de-listhar-2-els-secrets-de-linframon\/#primaryimage"},"thumbnailUrl":"https:\/\/elastic-books.com\/wp-content\/uploads\/9788419478313.jpeg","datePublished":"2024-09-16T08:30:23+00:00","dateModified":"2025-05-09T08:30:45+00:00","breadcrumb":{"@id":"https:\/\/elastic-books.com\/llibre\/les-portes-de-listhar-2-els-secrets-de-linframon\/#breadcrumb"},"inLanguage":"es","potentialAction":[{"@type":"ReadAction","target":["https:\/\/elastic-books.com\/llibre\/les-portes-de-listhar-2-els-secrets-de-linframon\/"]}]},{"@type":"ImageObject","inLanguage":"es","@id":"https:\/\/elastic-books.com\/llibre\/les-portes-de-listhar-2-els-secrets-de-linframon\/#primaryimage","url":"https:\/\/elastic-books.com\/wp-content\/uploads\/9788419478313.jpeg","contentUrl":"https:\/\/elastic-books.com\/wp-content\/uploads\/9788419478313.jpeg","width":973,"height":1441},{"@type":"BreadcrumbList","@id":"https:\/\/elastic-books.com\/llibre\/les-portes-de-listhar-2-els-secrets-de-linframon\/#breadcrumb","itemListElement":[{"@type":"ListItem","position":1,"name":"Portada","item":"https:\/\/elastic-books.com\/es\/"},{"@type":"ListItem","position":2,"name":"T\u00edtulos","item":"https:\/\/elastic-books.com\/es\/titulos\/"},{"@type":"ListItem","position":3,"name":"Les portes de l&#8217;\u00cdsthar 2. Els secrets de l&#8217;inframon"}]},{"@type":"WebSite","@id":"https:\/\/elastic-books.com\/#website","url":"https:\/\/elastic-books.com\/","name":"Elastic Books","description":"","publisher":{"@id":"https:\/\/elastic-books.com\/#organization"},"alternateName":"Velas naturales","potentialAction":[{"@type":"SearchAction","target":{"@type":"EntryPoint","urlTemplate":"https:\/\/elastic-books.com\/?s={search_term_string}"},"query-input":{"@type":"PropertyValueSpecification","valueRequired":true,"valueName":"search_term_string"}}],"inLanguage":"es"},{"@type":"Organization","@id":"https:\/\/elastic-books.com\/#organization","name":"Reemocioart","alternateName":"Reemocioart","url":"https:\/\/elastic-books.com\/","logo":{"@type":"ImageObject","inLanguage":"es","@id":"https:\/\/elastic-books.com\/#\/schema\/logo\/image\/","url":"http:\/\/www.reemocioart.com.mialias.net\/wp-content\/uploads\/logo-footer.svg","contentUrl":"http:\/\/www.reemocioart.com.mialias.net\/wp-content\/uploads\/logo-footer.svg","width":155,"height":120,"caption":"Reemocioart"},"image":{"@id":"https:\/\/elastic-books.com\/#\/schema\/logo\/image\/"},"sameAs":["https:\/\/www.facebook.com\/people\/Reemocioart\/100076073310442\/","https:\/\/www.instagram.com\/reemocioart\/"]}]}},"_links":{"self":[{"href":"https:\/\/elastic-books.com\/es\/wp-json\/wp\/v2\/product\/3650","targetHints":{"allow":["GET"]}}],"collection":[{"href":"https:\/\/elastic-books.com\/es\/wp-json\/wp\/v2\/product"}],"about":[{"href":"https:\/\/elastic-books.com\/es\/wp-json\/wp\/v2\/types\/product"}],"wp:featuredmedia":[{"embeddable":true,"href":"https:\/\/elastic-books.com\/es\/wp-json\/wp\/v2\/media\/3651"}],"wp:attachment":[{"href":"https:\/\/elastic-books.com\/es\/wp-json\/wp\/v2\/media?parent=3650"}],"wp:term":[{"taxonomy":"product_brand","embeddable":true,"href":"https:\/\/elastic-books.com\/es\/wp-json\/wp\/v2\/product_brand?post=3650"},{"taxonomy":"product_cat","embeddable":true,"href":"https:\/\/elastic-books.com\/es\/wp-json\/wp\/v2\/product_cat?post=3650"},{"taxonomy":"product_tag","embeddable":true,"href":"https:\/\/elastic-books.com\/es\/wp-json\/wp\/v2\/product_tag?post=3650"}],"curies":[{"name":"wp","href":"https:\/\/api.w.org\/{rel}","templated":true}]}}