{"id":3660,"date":"2025-02-04T17:32:32","date_gmt":"2025-02-04T16:32:32","guid":{"rendered":"https:\/\/elastic-books.com\/llibre\/los-davenport-2-mas-alla-de-los-suenos\/"},"modified":"2025-05-09T11:07:33","modified_gmt":"2025-05-09T09:07:33","slug":"los-davenport-2-mas-alla-de-los-suenos","status":"publish","type":"product","link":"https:\/\/elastic-books.com\/es\/libro\/los-davenport-2-mas-alla-de-los-suenos\/","title":{"rendered":"Los Davenport 2. M\u00e1s all\u00e1 de los sue\u00f1os"},"content":{"rendered":"<p><strong>LA ESPERADA CONCLUSI\u00d3N DE LA BILOG\u00cdA ACLAMADA POR LA CR\u00cdTICA.<\/strong><\/p>\n<p><strong>Ruby<\/strong> acaba de prometerse con el amor de su vida cuando un desagradable rumor amenaza su reputaci\u00f3n y su matrimonio.<br \/>\n<strong>Olivia<\/strong> se ha comprometido con la causa de la justicia social y espera reencontrarse con el apuesto abogado Washington DeWight&#8230; hasta que sus padres deciden que debe casarse con otra persona.<br \/>\n<strong>Amy-Rose<\/strong> ha conseguido abrir su propio negocio; sin embargo, un incidente la obliga a regresar a Freeport, donde vuelve a encontrarse con John Davenport, del que sigue enamorada.<\/p>\n<p><strong>Helen<\/strong> est\u00e1 decidida a superar el desenga\u00f1o amoroso que sufri\u00f3 y a conseguir que la Compa\u00f1\u00eda de Carruajes Davenport se adapte al nuevo siglo, aunque eso signifique aliarse con un piloto de carreras al que le gustan las emociones fuertes y sacarla de quicio.<\/p>\n<p><strong>El drama se caldea para los Davenport, y las vidas (y los amores) de estas cuatro j\u00f3venes est\u00e1n a punto de cambiar para siempre.<\/strong><\/p>\n","protected":false},"excerpt":{"rendered":"<p>9788419478719<br \/>Krystal Marquis<\/p>\n","protected":false},"featured_media":3613,"template":"","meta":{"_acf_changed":false,"_monsterinsights_skip_tracking":false,"_monsterinsights_sitenote_active":false,"_monsterinsights_sitenote_note":"","_monsterinsights_sitenote_category":0},"product_brand":[],"product_cat":[15],"product_tag":[],"class_list":{"0":"post-3660","1":"product","2":"type-product","3":"status-publish","4":"has-post-thumbnail","6":"genero-romantica","7":"product_cat-sin-categorizar","9":"first","10":"instock","11":"taxable","12":"shipping-taxable","13":"purchasable","14":"product-type-simple"},"acf":[],"yoast_head":"<!-- This site is optimized with the Yoast SEO plugin v27.5 - https:\/\/yoast.com\/product\/yoast-seo-wordpress\/ -->\n<title>Los Davenport 2. M\u00e1s all\u00e1 de los sue\u00f1os - Elastic Books<\/title>\n<meta name=\"robots\" content=\"index, follow, max-snippet:-1, max-image-preview:large, max-video-preview:-1\" \/>\n<link rel=\"canonical\" href=\"https:\/\/elastic-books.com\/es\/libro\/los-davenport-2-mas-alla-de-los-suenos\/\" \/>\n<meta property=\"og:locale\" content=\"es_ES\" \/>\n<meta property=\"og:type\" content=\"article\" \/>\n<meta property=\"og:title\" content=\"Los Davenport 2. M\u00e1s all\u00e1 de los sue\u00f1os - Elastic Books\" \/>\n<meta property=\"og:description\" content=\"9788419478719Krystal Marquis\" \/>\n<meta property=\"og:url\" content=\"https:\/\/elastic-books.com\/es\/libro\/los-davenport-2-mas-alla-de-los-suenos\/\" \/>\n<meta property=\"og:site_name\" content=\"Elastic Books\" \/>\n<meta property=\"article:publisher\" content=\"https:\/\/www.facebook.com\/people\/Reemocioart\/100076073310442\/\" \/>\n<meta property=\"article:modified_time\" content=\"2025-05-09T09:07:33+00:00\" \/>\n<meta property=\"og:image\" content=\"https:\/\/elastic-books.com\/wp-content\/uploads\/9788419478733.jpeg\" \/>\n\t<meta property=\"og:image:width\" content=\"1797\" \/>\n\t<meta property=\"og:image:height\" content=\"2537\" \/>\n\t<meta property=\"og:image:type\" content=\"image\/jpeg\" \/>\n<meta name=\"twitter:card\" content=\"summary_large_image\" \/>\n<meta name=\"twitter:label1\" content=\"Tiempo de lectura\" \/>\n\t<meta name=\"twitter:data1\" content=\"2 minutos\" \/>\n<script type=\"application\/ld+json\" class=\"yoast-schema-graph\">{\"@context\":\"https:\\\/\\\/schema.org\",\"@graph\":[{\"@type\":\"WebPage\",\"@id\":\"https:\\\/\\\/elastic-books.com\\\/es\\\/libro\\\/los-davenport-2-mas-alla-de-los-suenos\\\/\",\"url\":\"https:\\\/\\\/elastic-books.com\\\/es\\\/libro\\\/los-davenport-2-mas-alla-de-los-suenos\\\/\",\"name\":\"Los Davenport 2. M\u00e1s all\u00e1 de los sue\u00f1os - Elastic Books\",\"isPartOf\":{\"@id\":\"https:\\\/\\\/elastic-books.com\\\/#website\"},\"primaryImageOfPage\":{\"@id\":\"https:\\\/\\\/elastic-books.com\\\/es\\\/libro\\\/los-davenport-2-mas-alla-de-los-suenos\\\/#primaryimage\"},\"image\":{\"@id\":\"https:\\\/\\\/elastic-books.com\\\/es\\\/libro\\\/los-davenport-2-mas-alla-de-los-suenos\\\/#primaryimage\"},\"thumbnailUrl\":\"https:\\\/\\\/elastic-books.com\\\/wp-content\\\/uploads\\\/9788419478733.jpeg\",\"datePublished\":\"2025-02-04T16:32:32+00:00\",\"dateModified\":\"2025-05-09T09:07:33+00:00\",\"breadcrumb\":{\"@id\":\"https:\\\/\\\/elastic-books.com\\\/es\\\/libro\\\/los-davenport-2-mas-alla-de-los-suenos\\\/#breadcrumb\"},\"inLanguage\":\"es\",\"potentialAction\":[{\"@type\":\"ReadAction\",\"target\":[\"https:\\\/\\\/elastic-books.com\\\/es\\\/libro\\\/los-davenport-2-mas-alla-de-los-suenos\\\/\"]}]},{\"@type\":\"ImageObject\",\"inLanguage\":\"es\",\"@id\":\"https:\\\/\\\/elastic-books.com\\\/es\\\/libro\\\/los-davenport-2-mas-alla-de-los-suenos\\\/#primaryimage\",\"url\":\"https:\\\/\\\/elastic-books.com\\\/wp-content\\\/uploads\\\/9788419478733.jpeg\",\"contentUrl\":\"https:\\\/\\\/elastic-books.com\\\/wp-content\\\/uploads\\\/9788419478733.jpeg\",\"width\":1797,\"height\":2537},{\"@type\":\"BreadcrumbList\",\"@id\":\"https:\\\/\\\/elastic-books.com\\\/es\\\/libro\\\/los-davenport-2-mas-alla-de-los-suenos\\\/#breadcrumb\",\"itemListElement\":[{\"@type\":\"ListItem\",\"position\":1,\"name\":\"Portada\",\"item\":\"https:\\\/\\\/elastic-books.com\\\/es\\\/\"},{\"@type\":\"ListItem\",\"position\":2,\"name\":\"T\u00edtulos\",\"item\":\"https:\\\/\\\/elastic-books.com\\\/es\\\/titulos\\\/\"},{\"@type\":\"ListItem\",\"position\":3,\"name\":\"Los Davenport 2. M\u00e1s all\u00e1 de los sue\u00f1os\"}]},{\"@type\":\"WebSite\",\"@id\":\"https:\\\/\\\/elastic-books.com\\\/#website\",\"url\":\"https:\\\/\\\/elastic-books.com\\\/\",\"name\":\"Elastic Books\",\"description\":\"\",\"publisher\":{\"@id\":\"https:\\\/\\\/elastic-books.com\\\/#organization\"},\"alternateName\":\"Velas naturales\",\"potentialAction\":[{\"@type\":\"SearchAction\",\"target\":{\"@type\":\"EntryPoint\",\"urlTemplate\":\"https:\\\/\\\/elastic-books.com\\\/?s={search_term_string}\"},\"query-input\":{\"@type\":\"PropertyValueSpecification\",\"valueRequired\":true,\"valueName\":\"search_term_string\"}}],\"inLanguage\":\"es\"},{\"@type\":\"Organization\",\"@id\":\"https:\\\/\\\/elastic-books.com\\\/#organization\",\"name\":\"Reemocioart\",\"alternateName\":\"Reemocioart\",\"url\":\"https:\\\/\\\/elastic-books.com\\\/\",\"logo\":{\"@type\":\"ImageObject\",\"inLanguage\":\"es\",\"@id\":\"https:\\\/\\\/elastic-books.com\\\/#\\\/schema\\\/logo\\\/image\\\/\",\"url\":\"http:\\\/\\\/www.reemocioart.com.mialias.net\\\/wp-content\\\/uploads\\\/logo-footer.svg\",\"contentUrl\":\"http:\\\/\\\/www.reemocioart.com.mialias.net\\\/wp-content\\\/uploads\\\/logo-footer.svg\",\"width\":155,\"height\":120,\"caption\":\"Reemocioart\"},\"image\":{\"@id\":\"https:\\\/\\\/elastic-books.com\\\/#\\\/schema\\\/logo\\\/image\\\/\"},\"sameAs\":[\"https:\\\/\\\/www.facebook.com\\\/people\\\/Reemocioart\\\/100076073310442\\\/\",\"https:\\\/\\\/www.instagram.com\\\/reemocioart\\\/\"]}]}<\/script>\n<!-- \/ Yoast SEO plugin. -->","yoast_head_json":{"title":"Los Davenport 2. M\u00e1s all\u00e1 de los sue\u00f1os - Elastic Books","robots":{"index":"index","follow":"follow","max-snippet":"max-snippet:-1","max-image-preview":"max-image-preview:large","max-video-preview":"max-video-preview:-1"},"canonical":"https:\/\/elastic-books.com\/es\/libro\/los-davenport-2-mas-alla-de-los-suenos\/","og_locale":"es_ES","og_type":"article","og_title":"Los Davenport 2. M\u00e1s all\u00e1 de los sue\u00f1os - Elastic Books","og_description":"9788419478719Krystal Marquis","og_url":"https:\/\/elastic-books.com\/es\/libro\/los-davenport-2-mas-alla-de-los-suenos\/","og_site_name":"Elastic Books","article_publisher":"https:\/\/www.facebook.com\/people\/Reemocioart\/100076073310442\/","article_modified_time":"2025-05-09T09:07:33+00:00","og_image":[{"width":1797,"height":2537,"url":"https:\/\/elastic-books.com\/wp-content\/uploads\/9788419478733.jpeg","type":"image\/jpeg"}],"twitter_card":"summary_large_image","twitter_misc":{"Tiempo de lectura":"2 minutos"},"schema":{"@context":"https:\/\/schema.org","@graph":[{"@type":"WebPage","@id":"https:\/\/elastic-books.com\/es\/libro\/los-davenport-2-mas-alla-de-los-suenos\/","url":"https:\/\/elastic-books.com\/es\/libro\/los-davenport-2-mas-alla-de-los-suenos\/","name":"Los Davenport 2. M\u00e1s all\u00e1 de los sue\u00f1os - Elastic Books","isPartOf":{"@id":"https:\/\/elastic-books.com\/#website"},"primaryImageOfPage":{"@id":"https:\/\/elastic-books.com\/es\/libro\/los-davenport-2-mas-alla-de-los-suenos\/#primaryimage"},"image":{"@id":"https:\/\/elastic-books.com\/es\/libro\/los-davenport-2-mas-alla-de-los-suenos\/#primaryimage"},"thumbnailUrl":"https:\/\/elastic-books.com\/wp-content\/uploads\/9788419478733.jpeg","datePublished":"2025-02-04T16:32:32+00:00","dateModified":"2025-05-09T09:07:33+00:00","breadcrumb":{"@id":"https:\/\/elastic-books.com\/es\/libro\/los-davenport-2-mas-alla-de-los-suenos\/#breadcrumb"},"inLanguage":"es","potentialAction":[{"@type":"ReadAction","target":["https:\/\/elastic-books.com\/es\/libro\/los-davenport-2-mas-alla-de-los-suenos\/"]}]},{"@type":"ImageObject","inLanguage":"es","@id":"https:\/\/elastic-books.com\/es\/libro\/los-davenport-2-mas-alla-de-los-suenos\/#primaryimage","url":"https:\/\/elastic-books.com\/wp-content\/uploads\/9788419478733.jpeg","contentUrl":"https:\/\/elastic-books.com\/wp-content\/uploads\/9788419478733.jpeg","width":1797,"height":2537},{"@type":"BreadcrumbList","@id":"https:\/\/elastic-books.com\/es\/libro\/los-davenport-2-mas-alla-de-los-suenos\/#breadcrumb","itemListElement":[{"@type":"ListItem","position":1,"name":"Portada","item":"https:\/\/elastic-books.com\/es\/"},{"@type":"ListItem","position":2,"name":"T\u00edtulos","item":"https:\/\/elastic-books.com\/es\/titulos\/"},{"@type":"ListItem","position":3,"name":"Los Davenport 2. M\u00e1s all\u00e1 de los sue\u00f1os"}]},{"@type":"WebSite","@id":"https:\/\/elastic-books.com\/#website","url":"https:\/\/elastic-books.com\/","name":"Elastic Books","description":"","publisher":{"@id":"https:\/\/elastic-books.com\/#organization"},"alternateName":"Velas naturales","potentialAction":[{"@type":"SearchAction","target":{"@type":"EntryPoint","urlTemplate":"https:\/\/elastic-books.com\/?s={search_term_string}"},"query-input":{"@type":"PropertyValueSpecification","valueRequired":true,"valueName":"search_term_string"}}],"inLanguage":"es"},{"@type":"Organization","@id":"https:\/\/elastic-books.com\/#organization","name":"Reemocioart","alternateName":"Reemocioart","url":"https:\/\/elastic-books.com\/","logo":{"@type":"ImageObject","inLanguage":"es","@id":"https:\/\/elastic-books.com\/#\/schema\/logo\/image\/","url":"http:\/\/www.reemocioart.com.mialias.net\/wp-content\/uploads\/logo-footer.svg","contentUrl":"http:\/\/www.reemocioart.com.mialias.net\/wp-content\/uploads\/logo-footer.svg","width":155,"height":120,"caption":"Reemocioart"},"image":{"@id":"https:\/\/elastic-books.com\/#\/schema\/logo\/image\/"},"sameAs":["https:\/\/www.facebook.com\/people\/Reemocioart\/100076073310442\/","https:\/\/www.instagram.com\/reemocioart\/"]}]}},"_links":{"self":[{"href":"https:\/\/elastic-books.com\/es\/wp-json\/wp\/v2\/product\/3660","targetHints":{"allow":["GET"]}}],"collection":[{"href":"https:\/\/elastic-books.com\/es\/wp-json\/wp\/v2\/product"}],"about":[{"href":"https:\/\/elastic-books.com\/es\/wp-json\/wp\/v2\/types\/product"}],"wp:featuredmedia":[{"embeddable":true,"href":"https:\/\/elastic-books.com\/es\/wp-json\/wp\/v2\/media\/3613"}],"wp:attachment":[{"href":"https:\/\/elastic-books.com\/es\/wp-json\/wp\/v2\/media?parent=3660"}],"wp:term":[{"taxonomy":"product_brand","embeddable":true,"href":"https:\/\/elastic-books.com\/es\/wp-json\/wp\/v2\/product_brand?post=3660"},{"taxonomy":"product_cat","embeddable":true,"href":"https:\/\/elastic-books.com\/es\/wp-json\/wp\/v2\/product_cat?post=3660"},{"taxonomy":"product_tag","embeddable":true,"href":"https:\/\/elastic-books.com\/es\/wp-json\/wp\/v2\/product_tag?post=3660"}],"curies":[{"name":"wp","href":"https:\/\/api.w.org\/{rel}","templated":true}]}}