{"id":3672,"date":"2023-02-02T00:00:00","date_gmt":"2023-02-01T23:00:00","guid":{"rendered":"https:\/\/elastic-books.com\/?post_type=product&#038;p=3672"},"modified":"2025-10-30T12:06:14","modified_gmt":"2025-10-30T11:06:14","slug":"la-chica-que-se-entrego-al-mar-def","status":"publish","type":"product","link":"https:\/\/elastic-books.com\/es\/libro\/la-chica-que-se-entrego-al-mar-def\/","title":{"rendered":"La chica que se entreg\u00f3 al mar"},"content":{"rendered":"<p><strong>Tormentas letales.<\/strong><\/p>\n<p><strong>Una vieja maldici\u00f3n.<\/strong><\/p>\n<p><strong>\u00bfPodr\u00e1 su sacrificio salvarlos a todos?<\/strong><\/p>\n<p>Durante generaciones, el hogar de Mina ha sido arrasado por tormentas, inundaciones y guerras. Su gente cree que el Dios del Mar, que tiempo atr\u00e1s era su protector, ahora los ha maldecido.<\/p>\n<p>Para salvar a los suyos, Mina se arroja al mar. Con este sacrificio llega al Reino de los esp\u00edritus, una ciudad m\u00e1gica donde habitan dioses menores y bestias m\u00edticas. All\u00ed descubre que el Dios del Mar est\u00e1 sumido en un sue\u00f1o m\u00e1gico del que ella se propone despertarlo y acabar de una vez por todas con las desgracias.<\/p>\n<p>Pero tiene que darse prisa: un humano no puede permanecer durante demasiado tiempo en la tierra de los esp\u00edritus. Y hay algunos que har\u00e1n todo lo posible para evitar que el Dios del Mar despierte\u2026<\/p>\n","protected":false},"excerpt":{"rendered":"<p>9788419478153<br \/>Axie Oh<\/p>\n","protected":false},"featured_media":3673,"template":"","meta":{"_acf_changed":false,"_monsterinsights_skip_tracking":false,"_monsterinsights_sitenote_active":false,"_monsterinsights_sitenote_note":"","_monsterinsights_sitenote_category":0},"product_brand":[],"product_cat":[15],"product_tag":[102],"class_list":{"0":"post-3672","1":"product","2":"type-product","3":"status-publish","4":"has-post-thumbnail","6":"genero-ficcion-contemporanea","7":"product_cat-sin-categorizar","8":"product_tag-retelling","10":"first","11":"instock","12":"taxable","13":"shipping-taxable","14":"product-type-simple"},"acf":[],"yoast_head":"<!-- This site is optimized with the Yoast SEO plugin v27.5 - https:\/\/yoast.com\/product\/yoast-seo-wordpress\/ -->\n<title>La chica que se entreg\u00f3 al mar - Elastic Books<\/title>\n<meta name=\"robots\" content=\"index, follow, max-snippet:-1, max-image-preview:large, max-video-preview:-1\" \/>\n<link rel=\"canonical\" href=\"https:\/\/elastic-books.com\/es\/libro\/la-chica-que-se-entrego-al-mar-def\/\" \/>\n<meta property=\"og:locale\" content=\"es_ES\" \/>\n<meta property=\"og:type\" content=\"article\" \/>\n<meta property=\"og:title\" content=\"La chica que se entreg\u00f3 al mar - Elastic Books\" \/>\n<meta property=\"og:description\" content=\"9788419478153Axie Oh\" \/>\n<meta property=\"og:url\" content=\"https:\/\/elastic-books.com\/es\/libro\/la-chica-que-se-entrego-al-mar-def\/\" \/>\n<meta property=\"og:site_name\" content=\"Elastic Books\" \/>\n<meta property=\"article:publisher\" content=\"https:\/\/www.facebook.com\/people\/Reemocioart\/100076073310442\/\" \/>\n<meta property=\"article:modified_time\" content=\"2025-10-30T11:06:14+00:00\" \/>\n<meta property=\"og:image\" content=\"https:\/\/elastic-books.com\/wp-content\/uploads\/la-chica-que-se-entrego-al-mar.jpeg\" \/>\n\t<meta property=\"og:image:width\" content=\"710\" \/>\n\t<meta property=\"og:image:height\" content=\"1000\" \/>\n\t<meta property=\"og:image:type\" content=\"image\/jpeg\" \/>\n<meta name=\"twitter:card\" content=\"summary_large_image\" \/>\n<meta name=\"twitter:label1\" content=\"Tiempo de lectura\" \/>\n\t<meta name=\"twitter:data1\" content=\"1 minuto\" \/>\n<script type=\"application\/ld+json\" class=\"yoast-schema-graph\">{\"@context\":\"https:\\\/\\\/schema.org\",\"@graph\":[{\"@type\":\"WebPage\",\"@id\":\"https:\\\/\\\/elastic-books.com\\\/es\\\/libro\\\/la-chica-que-se-entrego-al-mar-def\\\/\",\"url\":\"https:\\\/\\\/elastic-books.com\\\/es\\\/libro\\\/la-chica-que-se-entrego-al-mar-def\\\/\",\"name\":\"La chica que se entreg\u00f3 al mar - Elastic Books\",\"isPartOf\":{\"@id\":\"https:\\\/\\\/elastic-books.com\\\/#website\"},\"primaryImageOfPage\":{\"@id\":\"https:\\\/\\\/elastic-books.com\\\/es\\\/libro\\\/la-chica-que-se-entrego-al-mar-def\\\/#primaryimage\"},\"image\":{\"@id\":\"https:\\\/\\\/elastic-books.com\\\/es\\\/libro\\\/la-chica-que-se-entrego-al-mar-def\\\/#primaryimage\"},\"thumbnailUrl\":\"https:\\\/\\\/elastic-books.com\\\/wp-content\\\/uploads\\\/la-chica-que-se-entrego-al-mar.jpeg\",\"datePublished\":\"2023-02-01T23:00:00+00:00\",\"dateModified\":\"2025-10-30T11:06:14+00:00\",\"breadcrumb\":{\"@id\":\"https:\\\/\\\/elastic-books.com\\\/es\\\/libro\\\/la-chica-que-se-entrego-al-mar-def\\\/#breadcrumb\"},\"inLanguage\":\"es\",\"potentialAction\":[{\"@type\":\"ReadAction\",\"target\":[\"https:\\\/\\\/elastic-books.com\\\/es\\\/libro\\\/la-chica-que-se-entrego-al-mar-def\\\/\"]}]},{\"@type\":\"ImageObject\",\"inLanguage\":\"es\",\"@id\":\"https:\\\/\\\/elastic-books.com\\\/es\\\/libro\\\/la-chica-que-se-entrego-al-mar-def\\\/#primaryimage\",\"url\":\"https:\\\/\\\/elastic-books.com\\\/wp-content\\\/uploads\\\/la-chica-que-se-entrego-al-mar.jpeg\",\"contentUrl\":\"https:\\\/\\\/elastic-books.com\\\/wp-content\\\/uploads\\\/la-chica-que-se-entrego-al-mar.jpeg\",\"width\":710,\"height\":1000},{\"@type\":\"BreadcrumbList\",\"@id\":\"https:\\\/\\\/elastic-books.com\\\/es\\\/libro\\\/la-chica-que-se-entrego-al-mar-def\\\/#breadcrumb\",\"itemListElement\":[{\"@type\":\"ListItem\",\"position\":1,\"name\":\"Portada\",\"item\":\"https:\\\/\\\/elastic-books.com\\\/es\\\/\"},{\"@type\":\"ListItem\",\"position\":2,\"name\":\"T\u00edtulos\",\"item\":\"https:\\\/\\\/elastic-books.com\\\/es\\\/titulos\\\/\"},{\"@type\":\"ListItem\",\"position\":3,\"name\":\"La chica que se entreg\u00f3 al mar\"}]},{\"@type\":\"WebSite\",\"@id\":\"https:\\\/\\\/elastic-books.com\\\/#website\",\"url\":\"https:\\\/\\\/elastic-books.com\\\/\",\"name\":\"Elastic Books\",\"description\":\"\",\"publisher\":{\"@id\":\"https:\\\/\\\/elastic-books.com\\\/#organization\"},\"alternateName\":\"Velas naturales\",\"potentialAction\":[{\"@type\":\"SearchAction\",\"target\":{\"@type\":\"EntryPoint\",\"urlTemplate\":\"https:\\\/\\\/elastic-books.com\\\/?s={search_term_string}\"},\"query-input\":{\"@type\":\"PropertyValueSpecification\",\"valueRequired\":true,\"valueName\":\"search_term_string\"}}],\"inLanguage\":\"es\"},{\"@type\":\"Organization\",\"@id\":\"https:\\\/\\\/elastic-books.com\\\/#organization\",\"name\":\"Reemocioart\",\"alternateName\":\"Reemocioart\",\"url\":\"https:\\\/\\\/elastic-books.com\\\/\",\"logo\":{\"@type\":\"ImageObject\",\"inLanguage\":\"es\",\"@id\":\"https:\\\/\\\/elastic-books.com\\\/#\\\/schema\\\/logo\\\/image\\\/\",\"url\":\"http:\\\/\\\/www.reemocioart.com.mialias.net\\\/wp-content\\\/uploads\\\/logo-footer.svg\",\"contentUrl\":\"http:\\\/\\\/www.reemocioart.com.mialias.net\\\/wp-content\\\/uploads\\\/logo-footer.svg\",\"width\":155,\"height\":120,\"caption\":\"Reemocioart\"},\"image\":{\"@id\":\"https:\\\/\\\/elastic-books.com\\\/#\\\/schema\\\/logo\\\/image\\\/\"},\"sameAs\":[\"https:\\\/\\\/www.facebook.com\\\/people\\\/Reemocioart\\\/100076073310442\\\/\",\"https:\\\/\\\/www.instagram.com\\\/reemocioart\\\/\"]}]}<\/script>\n<!-- \/ Yoast SEO plugin. -->","yoast_head_json":{"title":"La chica que se entreg\u00f3 al mar - Elastic Books","robots":{"index":"index","follow":"follow","max-snippet":"max-snippet:-1","max-image-preview":"max-image-preview:large","max-video-preview":"max-video-preview:-1"},"canonical":"https:\/\/elastic-books.com\/es\/libro\/la-chica-que-se-entrego-al-mar-def\/","og_locale":"es_ES","og_type":"article","og_title":"La chica que se entreg\u00f3 al mar - Elastic Books","og_description":"9788419478153Axie Oh","og_url":"https:\/\/elastic-books.com\/es\/libro\/la-chica-que-se-entrego-al-mar-def\/","og_site_name":"Elastic Books","article_publisher":"https:\/\/www.facebook.com\/people\/Reemocioart\/100076073310442\/","article_modified_time":"2025-10-30T11:06:14+00:00","og_image":[{"width":710,"height":1000,"url":"https:\/\/elastic-books.com\/wp-content\/uploads\/la-chica-que-se-entrego-al-mar.jpeg","type":"image\/jpeg"}],"twitter_card":"summary_large_image","twitter_misc":{"Tiempo de lectura":"1 minuto"},"schema":{"@context":"https:\/\/schema.org","@graph":[{"@type":"WebPage","@id":"https:\/\/elastic-books.com\/es\/libro\/la-chica-que-se-entrego-al-mar-def\/","url":"https:\/\/elastic-books.com\/es\/libro\/la-chica-que-se-entrego-al-mar-def\/","name":"La chica que se entreg\u00f3 al mar - Elastic Books","isPartOf":{"@id":"https:\/\/elastic-books.com\/#website"},"primaryImageOfPage":{"@id":"https:\/\/elastic-books.com\/es\/libro\/la-chica-que-se-entrego-al-mar-def\/#primaryimage"},"image":{"@id":"https:\/\/elastic-books.com\/es\/libro\/la-chica-que-se-entrego-al-mar-def\/#primaryimage"},"thumbnailUrl":"https:\/\/elastic-books.com\/wp-content\/uploads\/la-chica-que-se-entrego-al-mar.jpeg","datePublished":"2023-02-01T23:00:00+00:00","dateModified":"2025-10-30T11:06:14+00:00","breadcrumb":{"@id":"https:\/\/elastic-books.com\/es\/libro\/la-chica-que-se-entrego-al-mar-def\/#breadcrumb"},"inLanguage":"es","potentialAction":[{"@type":"ReadAction","target":["https:\/\/elastic-books.com\/es\/libro\/la-chica-que-se-entrego-al-mar-def\/"]}]},{"@type":"ImageObject","inLanguage":"es","@id":"https:\/\/elastic-books.com\/es\/libro\/la-chica-que-se-entrego-al-mar-def\/#primaryimage","url":"https:\/\/elastic-books.com\/wp-content\/uploads\/la-chica-que-se-entrego-al-mar.jpeg","contentUrl":"https:\/\/elastic-books.com\/wp-content\/uploads\/la-chica-que-se-entrego-al-mar.jpeg","width":710,"height":1000},{"@type":"BreadcrumbList","@id":"https:\/\/elastic-books.com\/es\/libro\/la-chica-que-se-entrego-al-mar-def\/#breadcrumb","itemListElement":[{"@type":"ListItem","position":1,"name":"Portada","item":"https:\/\/elastic-books.com\/es\/"},{"@type":"ListItem","position":2,"name":"T\u00edtulos","item":"https:\/\/elastic-books.com\/es\/titulos\/"},{"@type":"ListItem","position":3,"name":"La chica que se entreg\u00f3 al mar"}]},{"@type":"WebSite","@id":"https:\/\/elastic-books.com\/#website","url":"https:\/\/elastic-books.com\/","name":"Elastic Books","description":"","publisher":{"@id":"https:\/\/elastic-books.com\/#organization"},"alternateName":"Velas naturales","potentialAction":[{"@type":"SearchAction","target":{"@type":"EntryPoint","urlTemplate":"https:\/\/elastic-books.com\/?s={search_term_string}"},"query-input":{"@type":"PropertyValueSpecification","valueRequired":true,"valueName":"search_term_string"}}],"inLanguage":"es"},{"@type":"Organization","@id":"https:\/\/elastic-books.com\/#organization","name":"Reemocioart","alternateName":"Reemocioart","url":"https:\/\/elastic-books.com\/","logo":{"@type":"ImageObject","inLanguage":"es","@id":"https:\/\/elastic-books.com\/#\/schema\/logo\/image\/","url":"http:\/\/www.reemocioart.com.mialias.net\/wp-content\/uploads\/logo-footer.svg","contentUrl":"http:\/\/www.reemocioart.com.mialias.net\/wp-content\/uploads\/logo-footer.svg","width":155,"height":120,"caption":"Reemocioart"},"image":{"@id":"https:\/\/elastic-books.com\/#\/schema\/logo\/image\/"},"sameAs":["https:\/\/www.facebook.com\/people\/Reemocioart\/100076073310442\/","https:\/\/www.instagram.com\/reemocioart\/"]}]}},"_links":{"self":[{"href":"https:\/\/elastic-books.com\/es\/wp-json\/wp\/v2\/product\/3672","targetHints":{"allow":["GET"]}}],"collection":[{"href":"https:\/\/elastic-books.com\/es\/wp-json\/wp\/v2\/product"}],"about":[{"href":"https:\/\/elastic-books.com\/es\/wp-json\/wp\/v2\/types\/product"}],"wp:featuredmedia":[{"embeddable":true,"href":"https:\/\/elastic-books.com\/es\/wp-json\/wp\/v2\/media\/3673"}],"wp:attachment":[{"href":"https:\/\/elastic-books.com\/es\/wp-json\/wp\/v2\/media?parent=3672"}],"wp:term":[{"taxonomy":"product_brand","embeddable":true,"href":"https:\/\/elastic-books.com\/es\/wp-json\/wp\/v2\/product_brand?post=3672"},{"taxonomy":"product_cat","embeddable":true,"href":"https:\/\/elastic-books.com\/es\/wp-json\/wp\/v2\/product_cat?post=3672"},{"taxonomy":"product_tag","embeddable":true,"href":"https:\/\/elastic-books.com\/es\/wp-json\/wp\/v2\/product_tag?post=3672"}],"curies":[{"name":"wp","href":"https:\/\/api.w.org\/{rel}","templated":true}]}}