{"id":3906,"date":"2025-11-10T16:51:26","date_gmt":"2025-11-10T15:51:26","guid":{"rendered":"https:\/\/elastic-books.com\/?post_type=product&#038;p=3906"},"modified":"2025-11-11T11:49:32","modified_gmt":"2025-11-11T10:49:32","slug":"la-donzella-dels-mil-noms","status":"publish","type":"product","link":"https:\/\/elastic-books.com\/es\/libro\/la-donzella-dels-mil-noms\/","title":{"rendered":"La donzella dels mil noms"},"content":{"rendered":"<p>La vida de l\u2019Evangeline no ha estat mai f\u00e0cil: ha perdut dues fam\u00edlies i ha apr\u00e8s que con ar en el dest\u00ed pot costar-li molt car. Ara comen\u00e7a de zero treballant com a donzella per a una fam\u00edlia cruel. Per sort, al seu costat t\u00e9 en Tim, el seu millor amic i l\u2019\u00fanica persona que la fa sentir segura i feli\u00e7. Fins que en Rob irromp a la seva vida i li fa descobrir un m\u00f3n ple de riures, de complicitats i d\u2019un desig qu no havia sentit mai abans.<\/p>\n<p>L\u2019Eve es troba atrapada entre dues lleialtats: la del noi que sempre ha estimat i la del noi amb qui no deixa de somiar. Per\u00f2 en un m\u00f3n on les lleialtats es compren i es venen, i on els perills s\u2019amaguen ns i tot entre les parets de casa seva, l\u2019amor \u00e9s dif\u00edcil de protegir. <strong>Entre secrets i un passat que torna per turmentar-la, l\u2019Eve haur\u00e0 de decidir fi ns on est\u00e0 disposada a arriscar-se per viure la seva pr\u00f2pia hist\u00f2ria.<\/strong><\/p>\n<p><strong>La novel\u00b7la guanyadora de la II Beca Elastic Books \/ Audible per a joves escriptors.<\/strong><\/p>\n","protected":false},"excerpt":{"rendered":"<p>9788419478931<br \/>Mar Puigbert<\/p>\n","protected":false},"featured_media":3907,"template":"","meta":{"_acf_changed":false,"_monsterinsights_skip_tracking":false,"_monsterinsights_sitenote_active":false,"_monsterinsights_sitenote_note":"","_monsterinsights_sitenote_category":0},"product_brand":[],"product_cat":[],"product_tag":[],"class_list":{"0":"post-3906","1":"product","2":"type-product","3":"status-publish","4":"has-post-thumbnail","6":"genero-narrativa-romantica","8":"first","9":"instock","10":"taxable","11":"shipping-taxable","12":"product-type-simple"},"acf":[],"yoast_head":"<!-- This site is optimized with the Yoast SEO plugin v27.5 - https:\/\/yoast.com\/product\/yoast-seo-wordpress\/ -->\n<title>La donzella dels mil noms - Elastic Books<\/title>\n<meta name=\"robots\" content=\"index, follow, max-snippet:-1, max-image-preview:large, max-video-preview:-1\" \/>\n<link rel=\"canonical\" href=\"https:\/\/elastic-books.com\/llibre\/la-donzella-dels-mil-noms\/\" \/>\n<meta property=\"og:locale\" content=\"es_ES\" \/>\n<meta property=\"og:type\" content=\"article\" \/>\n<meta property=\"og:title\" content=\"La donzella dels mil noms - Elastic Books\" \/>\n<meta property=\"og:description\" content=\"9788419478931Mar Puigbert\" \/>\n<meta property=\"og:url\" content=\"https:\/\/elastic-books.com\/llibre\/la-donzella-dels-mil-noms\/\" \/>\n<meta property=\"og:site_name\" content=\"Elastic Books\" \/>\n<meta property=\"article:publisher\" content=\"https:\/\/www.facebook.com\/people\/Reemocioart\/100076073310442\/\" \/>\n<meta property=\"article:modified_time\" content=\"2025-11-11T10:49:32+00:00\" \/>\n<meta property=\"og:image\" content=\"https:\/\/elastic-books.com\/wp-content\/uploads\/La-donzella-dels-mil-noms.jpg\" \/>\n\t<meta property=\"og:image:width\" content=\"1772\" \/>\n\t<meta property=\"og:image:height\" content=\"2539\" \/>\n\t<meta property=\"og:image:type\" content=\"image\/jpeg\" \/>\n<meta name=\"twitter:card\" content=\"summary_large_image\" \/>\n<meta name=\"twitter:label1\" content=\"Tiempo de lectura\" \/>\n\t<meta name=\"twitter:data1\" content=\"2 minutos\" \/>\n<script type=\"application\/ld+json\" class=\"yoast-schema-graph\">{\"@context\":\"https:\\\/\\\/schema.org\",\"@graph\":[{\"@type\":\"WebPage\",\"@id\":\"https:\\\/\\\/elastic-books.com\\\/llibre\\\/la-donzella-dels-mil-noms\\\/\",\"url\":\"https:\\\/\\\/elastic-books.com\\\/llibre\\\/la-donzella-dels-mil-noms\\\/\",\"name\":\"La donzella dels mil noms - Elastic Books\",\"isPartOf\":{\"@id\":\"https:\\\/\\\/elastic-books.com\\\/#website\"},\"primaryImageOfPage\":{\"@id\":\"https:\\\/\\\/elastic-books.com\\\/llibre\\\/la-donzella-dels-mil-noms\\\/#primaryimage\"},\"image\":{\"@id\":\"https:\\\/\\\/elastic-books.com\\\/llibre\\\/la-donzella-dels-mil-noms\\\/#primaryimage\"},\"thumbnailUrl\":\"https:\\\/\\\/elastic-books.com\\\/wp-content\\\/uploads\\\/La-donzella-dels-mil-noms.jpg\",\"datePublished\":\"2025-11-10T15:51:26+00:00\",\"dateModified\":\"2025-11-11T10:49:32+00:00\",\"breadcrumb\":{\"@id\":\"https:\\\/\\\/elastic-books.com\\\/llibre\\\/la-donzella-dels-mil-noms\\\/#breadcrumb\"},\"inLanguage\":\"es\",\"potentialAction\":[{\"@type\":\"ReadAction\",\"target\":[\"https:\\\/\\\/elastic-books.com\\\/llibre\\\/la-donzella-dels-mil-noms\\\/\"]}]},{\"@type\":\"ImageObject\",\"inLanguage\":\"es\",\"@id\":\"https:\\\/\\\/elastic-books.com\\\/llibre\\\/la-donzella-dels-mil-noms\\\/#primaryimage\",\"url\":\"https:\\\/\\\/elastic-books.com\\\/wp-content\\\/uploads\\\/La-donzella-dels-mil-noms.jpg\",\"contentUrl\":\"https:\\\/\\\/elastic-books.com\\\/wp-content\\\/uploads\\\/La-donzella-dels-mil-noms.jpg\",\"width\":1772,\"height\":2539},{\"@type\":\"BreadcrumbList\",\"@id\":\"https:\\\/\\\/elastic-books.com\\\/llibre\\\/la-donzella-dels-mil-noms\\\/#breadcrumb\",\"itemListElement\":[{\"@type\":\"ListItem\",\"position\":1,\"name\":\"Portada\",\"item\":\"https:\\\/\\\/elastic-books.com\\\/es\\\/\"},{\"@type\":\"ListItem\",\"position\":2,\"name\":\"T\u00edtulos\",\"item\":\"https:\\\/\\\/elastic-books.com\\\/es\\\/titulos\\\/\"},{\"@type\":\"ListItem\",\"position\":3,\"name\":\"La donzella dels mil noms\"}]},{\"@type\":\"WebSite\",\"@id\":\"https:\\\/\\\/elastic-books.com\\\/#website\",\"url\":\"https:\\\/\\\/elastic-books.com\\\/\",\"name\":\"Elastic Books\",\"description\":\"\",\"publisher\":{\"@id\":\"https:\\\/\\\/elastic-books.com\\\/#organization\"},\"alternateName\":\"Velas naturales\",\"potentialAction\":[{\"@type\":\"SearchAction\",\"target\":{\"@type\":\"EntryPoint\",\"urlTemplate\":\"https:\\\/\\\/elastic-books.com\\\/?s={search_term_string}\"},\"query-input\":{\"@type\":\"PropertyValueSpecification\",\"valueRequired\":true,\"valueName\":\"search_term_string\"}}],\"inLanguage\":\"es\"},{\"@type\":\"Organization\",\"@id\":\"https:\\\/\\\/elastic-books.com\\\/#organization\",\"name\":\"Reemocioart\",\"alternateName\":\"Reemocioart\",\"url\":\"https:\\\/\\\/elastic-books.com\\\/\",\"logo\":{\"@type\":\"ImageObject\",\"inLanguage\":\"es\",\"@id\":\"https:\\\/\\\/elastic-books.com\\\/#\\\/schema\\\/logo\\\/image\\\/\",\"url\":\"http:\\\/\\\/www.reemocioart.com.mialias.net\\\/wp-content\\\/uploads\\\/logo-footer.svg\",\"contentUrl\":\"http:\\\/\\\/www.reemocioart.com.mialias.net\\\/wp-content\\\/uploads\\\/logo-footer.svg\",\"width\":155,\"height\":120,\"caption\":\"Reemocioart\"},\"image\":{\"@id\":\"https:\\\/\\\/elastic-books.com\\\/#\\\/schema\\\/logo\\\/image\\\/\"},\"sameAs\":[\"https:\\\/\\\/www.facebook.com\\\/people\\\/Reemocioart\\\/100076073310442\\\/\",\"https:\\\/\\\/www.instagram.com\\\/reemocioart\\\/\"]}]}<\/script>\n<!-- \/ Yoast SEO plugin. -->","yoast_head_json":{"title":"La donzella dels mil noms - Elastic Books","robots":{"index":"index","follow":"follow","max-snippet":"max-snippet:-1","max-image-preview":"max-image-preview:large","max-video-preview":"max-video-preview:-1"},"canonical":"https:\/\/elastic-books.com\/llibre\/la-donzella-dels-mil-noms\/","og_locale":"es_ES","og_type":"article","og_title":"La donzella dels mil noms - Elastic Books","og_description":"9788419478931Mar Puigbert","og_url":"https:\/\/elastic-books.com\/llibre\/la-donzella-dels-mil-noms\/","og_site_name":"Elastic Books","article_publisher":"https:\/\/www.facebook.com\/people\/Reemocioart\/100076073310442\/","article_modified_time":"2025-11-11T10:49:32+00:00","og_image":[{"width":1772,"height":2539,"url":"https:\/\/elastic-books.com\/wp-content\/uploads\/La-donzella-dels-mil-noms.jpg","type":"image\/jpeg"}],"twitter_card":"summary_large_image","twitter_misc":{"Tiempo de lectura":"2 minutos"},"schema":{"@context":"https:\/\/schema.org","@graph":[{"@type":"WebPage","@id":"https:\/\/elastic-books.com\/llibre\/la-donzella-dels-mil-noms\/","url":"https:\/\/elastic-books.com\/llibre\/la-donzella-dels-mil-noms\/","name":"La donzella dels mil noms - Elastic Books","isPartOf":{"@id":"https:\/\/elastic-books.com\/#website"},"primaryImageOfPage":{"@id":"https:\/\/elastic-books.com\/llibre\/la-donzella-dels-mil-noms\/#primaryimage"},"image":{"@id":"https:\/\/elastic-books.com\/llibre\/la-donzella-dels-mil-noms\/#primaryimage"},"thumbnailUrl":"https:\/\/elastic-books.com\/wp-content\/uploads\/La-donzella-dels-mil-noms.jpg","datePublished":"2025-11-10T15:51:26+00:00","dateModified":"2025-11-11T10:49:32+00:00","breadcrumb":{"@id":"https:\/\/elastic-books.com\/llibre\/la-donzella-dels-mil-noms\/#breadcrumb"},"inLanguage":"es","potentialAction":[{"@type":"ReadAction","target":["https:\/\/elastic-books.com\/llibre\/la-donzella-dels-mil-noms\/"]}]},{"@type":"ImageObject","inLanguage":"es","@id":"https:\/\/elastic-books.com\/llibre\/la-donzella-dels-mil-noms\/#primaryimage","url":"https:\/\/elastic-books.com\/wp-content\/uploads\/La-donzella-dels-mil-noms.jpg","contentUrl":"https:\/\/elastic-books.com\/wp-content\/uploads\/La-donzella-dels-mil-noms.jpg","width":1772,"height":2539},{"@type":"BreadcrumbList","@id":"https:\/\/elastic-books.com\/llibre\/la-donzella-dels-mil-noms\/#breadcrumb","itemListElement":[{"@type":"ListItem","position":1,"name":"Portada","item":"https:\/\/elastic-books.com\/es\/"},{"@type":"ListItem","position":2,"name":"T\u00edtulos","item":"https:\/\/elastic-books.com\/es\/titulos\/"},{"@type":"ListItem","position":3,"name":"La donzella dels mil noms"}]},{"@type":"WebSite","@id":"https:\/\/elastic-books.com\/#website","url":"https:\/\/elastic-books.com\/","name":"Elastic Books","description":"","publisher":{"@id":"https:\/\/elastic-books.com\/#organization"},"alternateName":"Velas naturales","potentialAction":[{"@type":"SearchAction","target":{"@type":"EntryPoint","urlTemplate":"https:\/\/elastic-books.com\/?s={search_term_string}"},"query-input":{"@type":"PropertyValueSpecification","valueRequired":true,"valueName":"search_term_string"}}],"inLanguage":"es"},{"@type":"Organization","@id":"https:\/\/elastic-books.com\/#organization","name":"Reemocioart","alternateName":"Reemocioart","url":"https:\/\/elastic-books.com\/","logo":{"@type":"ImageObject","inLanguage":"es","@id":"https:\/\/elastic-books.com\/#\/schema\/logo\/image\/","url":"http:\/\/www.reemocioart.com.mialias.net\/wp-content\/uploads\/logo-footer.svg","contentUrl":"http:\/\/www.reemocioart.com.mialias.net\/wp-content\/uploads\/logo-footer.svg","width":155,"height":120,"caption":"Reemocioart"},"image":{"@id":"https:\/\/elastic-books.com\/#\/schema\/logo\/image\/"},"sameAs":["https:\/\/www.facebook.com\/people\/Reemocioart\/100076073310442\/","https:\/\/www.instagram.com\/reemocioart\/"]}]}},"_links":{"self":[{"href":"https:\/\/elastic-books.com\/es\/wp-json\/wp\/v2\/product\/3906","targetHints":{"allow":["GET"]}}],"collection":[{"href":"https:\/\/elastic-books.com\/es\/wp-json\/wp\/v2\/product"}],"about":[{"href":"https:\/\/elastic-books.com\/es\/wp-json\/wp\/v2\/types\/product"}],"wp:featuredmedia":[{"embeddable":true,"href":"https:\/\/elastic-books.com\/es\/wp-json\/wp\/v2\/media\/3907"}],"wp:attachment":[{"href":"https:\/\/elastic-books.com\/es\/wp-json\/wp\/v2\/media?parent=3906"}],"wp:term":[{"taxonomy":"product_brand","embeddable":true,"href":"https:\/\/elastic-books.com\/es\/wp-json\/wp\/v2\/product_brand?post=3906"},{"taxonomy":"product_cat","embeddable":true,"href":"https:\/\/elastic-books.com\/es\/wp-json\/wp\/v2\/product_cat?post=3906"},{"taxonomy":"product_tag","embeddable":true,"href":"https:\/\/elastic-books.com\/es\/wp-json\/wp\/v2\/product_tag?post=3906"}],"curies":[{"name":"wp","href":"https:\/\/api.w.org\/{rel}","templated":true}]}}